{"id":773003,"date":"2025-08-28T16:00:16","date_gmt":"2025-08-28T13:00:16","guid":{"rendered":"https:\/\/roveyayinevi.com.tr\/index.php\/urun\/meftun-2\/"},"modified":"2026-04-15T03:39:19","modified_gmt":"2026-04-15T00:39:19","slug":"meftun-2","status":"publish","type":"product","link":"https:\/\/roveyayinevi.com.tr\/index.php\/urun\/meftun-2\/","title":{"rendered":"Meftun 2"},"content":{"rendered":"<p>Esir d\u00fc\u015fen \u00dcste\u011fmen Cemre La\u00e7in kurtulman\u0131n yollar\u0131n\u0131 ararken, Kaos Timi de komutanlar\u0131n\u0131, Y\u00fczba\u015f\u0131 Emir Pars Boran\u2019\u0131n \u00f6nderli\u011finde bulmak i\u00e7in canla ba\u015fla \u00e7al\u0131\u015f\u0131rlar. G\u00fcn ge\u00e7tik\u00e7e her \u015fey daha farkl\u0131 olmaya ba\u015flar. Duygular yo\u011funla\u015fmaya, olaylar b\u00fcy\u00fcmeye, verilen sava\u015flar ise daha fazla can yak\u0131c\u0131 h\u00e2le gelmeye ba\u015flar. Bu karma\u015f\u0131kl\u0131\u011f\u0131n ortas\u0131nda d\u00fc\u015fmanlar\u0131n\u0131n kar\u015f\u0131s\u0131nda dimdik duran Kaos Timi\u2019nin, i\u00e7lerinde ya\u015fad\u0131klar\u0131 y\u0131k\u0131ma kar\u015f\u0131 ellerinden hi\u00e7bir \u015fey gelmez. Bir arada durup, birbirlerine yaslanmaktan ba\u015fka \u00e7areleri yoktur. Neler geldi ba\u015flar\u0131na? Neler oldu da ellerinden hi\u00e7bir \u015fey gelmedi? Neydi onlar\u0131 \u00e7aresiz b\u0131rakan? Yo\u011funla\u015fan duygular\u0131n sonu\u00e7lar\u0131 neler oldu? Bu sefer ya\u015fanan ac\u0131 ve d\u00f6k\u00fclen g\u00f6zya\u015flar\u0131 ne i\u00e7indi? Ya\u015fanan mutluluklar size yetecek mi? \u00c7\u00fcnk\u00fc Kaos Timi, mutlu olduklar\u0131 her an\u0131 bir \u00f6m\u00fcr ya\u015fayacakt\u0131. Haz\u0131r m\u0131s\u0131n\u0131z bu hayatlara? <\/p>\n","protected":false},"excerpt":{"rendered":"<p>Esir d\u00fc\u015fen \u00dcste\u011fmen Cemre La\u00e7in kurtulman\u0131n yollar\u0131n\u0131 ararken, Kaos Timi de komutanlar\u0131n\u0131, Y\u00fczba\u015f\u0131 Emir Pars Boran\u2019\u0131n \u00f6nderli\u011finde bulmak i\u00e7in canla ba\u015fla \u00e7al\u0131\u015f\u0131rlar. G\u00fcn ge\u00e7tik\u00e7e her \u015fey<span class=\"excerpt-hellip\"> [\u2026]<\/span><\/p>\n","protected":false},"featured_media":0,"template":"","meta":{"_monsterinsights_skip_tracking":false,"_monsterinsights_sitenote_active":false,"_monsterinsights_sitenote_note":"","_monsterinsights_sitenote_category":0},"product_brand":[],"product_cat":[12291,12711],"product_tag":[],"class_list":{"0":"post-773003","1":"product","2":"type-product","3":"status-publish","5":"product_cat-edebiyat","6":"product_cat-roman-oyku","7":"pa_cilt-ciltsiz","8":"pa_tur-kitap","9":"pa_yayinevi-ulysses-yayinlari","10":"pa_yazar-ilknur-cemre-uslu","12":"first","13":"instock","14":"sale","15":"shipping-taxable","16":"purchasable","17":"product-type-simple"},"_links":{"self":[{"href":"https:\/\/roveyayinevi.com.tr\/index.php\/wp-json\/wp\/v2\/product\/773003","targetHints":{"allow":["GET"]}}],"collection":[{"href":"https:\/\/roveyayinevi.com.tr\/index.php\/wp-json\/wp\/v2\/product"}],"about":[{"href":"https:\/\/roveyayinevi.com.tr\/index.php\/wp-json\/wp\/v2\/types\/product"}],"wp:attachment":[{"href":"https:\/\/roveyayinevi.com.tr\/index.php\/wp-json\/wp\/v2\/media?parent=773003"}],"wp:term":[{"taxonomy":"product_brand","embeddable":true,"href":"https:\/\/roveyayinevi.com.tr\/index.php\/wp-json\/wp\/v2\/product_brand?post=773003"},{"taxonomy":"product_cat","embeddable":true,"href":"https:\/\/roveyayinevi.com.tr\/index.php\/wp-json\/wp\/v2\/product_cat?post=773003"},{"taxonomy":"product_tag","embeddable":true,"href":"https:\/\/roveyayinevi.com.tr\/index.php\/wp-json\/wp\/v2\/product_tag?post=773003"}],"curies":[{"name":"wp","href":"https:\/\/api.w.org\/{rel}","templated":true}]}}