{"id":773001,"date":"2025-08-28T16:00:11","date_gmt":"2025-08-28T13:00:11","guid":{"rendered":"https:\/\/roveyayinevi.com.tr\/index.php\/urun\/imparator-tanriyken\/"},"modified":"2026-04-15T03:39:19","modified_gmt":"2026-04-15T00:39:19","slug":"imparator-tanriyken","status":"publish","type":"product","link":"https:\/\/roveyayinevi.com.tr\/index.php\/urun\/imparator-tanriyken\/","title":{"rendered":"\u0130mparator Tanr\u0131yken"},"content":{"rendered":"<p>\u201cM\u00fcstesna\u2026 Otsuka\u2019n\u0131n sesi asla t\u00f6kezlemiyor; zaruretin deh\u015fetini de, tesad\u00fcfi g\u00fczelli\u011fi de ayn\u0131 ustal\u0131kla yans\u0131t\u0131yor.\u201d \u2013COLSON WHITEHEAD   Kap\u0131ya as\u0131lan bir duyuru. Be\u015f dakikada toplanan bir hayat. Geride b\u0131rak\u0131lan bir ev, bir k\u00f6pek, bir kom\u015fu.   Sava\u015f, yaln\u0131zca cephede ya\u015fanm\u0131yordu. 1942\u2019de g\u00fcne\u015fli bir \u015eubat sabah\u0131, Amerika\u2019n\u0131n Bat\u0131 Yakas\u0131\u2019ndaki Japon as\u0131ll\u0131 Amerikal\u0131lar i\u00e7in her \u015fey de\u011fi\u015fti: Kendi \u00fclkelerinde birer \u201cd\u00fc\u015fman\u201d ilan edildiler. Ellerine tutu\u015fturulan tren biletleriyle Utah \u00e7\u00f6l\u00fcnde, ad\u0131 bile duyulmam\u0131\u015f bir toplama kamp\u0131na g\u00f6nderildiler. \u0130simleri silinmi\u015f, kimlikleri ask\u0131ya al\u0131nm\u0131\u015ft\u0131. Art\u0131k onlar i\u00e7in sadece kamp\u0131n ince duvarlar\u0131 aras\u0131nda yank\u0131lanan sessizlik, tel \u00f6rg\u00fcler, uykusuz geceler, bitmek bilmeyen bekleyi\u015f vard\u0131.   Tavan Aras\u0131ndaki Buda ve Y\u00fcz\u00fcc\u00fcler\u2019in \u00f6d\u00fcll\u00fc yazar\u0131 Julie Otsuka, bu sars\u0131c\u0131 roman\u0131nda, sava\u015f\u0131n g\u00f6lgesinde par\u00e7alanan bir ailenin hik\u00e2yesini anlat\u0131yor. Bir annenin gururu, bir \u00e7ocu\u011fun anlam veremedi\u011fi yabanc\u0131la\u015fma, bir k\u0131z\u0131n i\u00e7inde b\u00fcy\u00fcyen \u00f6fke\u2026 Bu yaln\u0131zca kay\u0131plar\u0131n de\u011fil, sessizli\u011fin i\u00e7indeki hayk\u0131r\u0131\u015f\u0131n ve g\u00f6r\u00fcnmez olanlar\u0131n da hik\u00e2yesi. <\/p>\n","protected":false},"excerpt":{"rendered":"<p>\u201cM\u00fcstesna\u2026 Otsuka\u2019n\u0131n sesi asla t\u00f6kezlemiyor; zaruretin deh\u015fetini de, tesad\u00fcfi g\u00fczelli\u011fi de ayn\u0131 ustal\u0131kla yans\u0131t\u0131yor.\u201d \u2013COLSON WHITEHEAD Kap\u0131ya as\u0131lan bir duyuru. Be\u015f dakikada toplanan bir hayat. Geride<span class=\"excerpt-hellip\"> [\u2026]<\/span><\/p>\n","protected":false},"featured_media":0,"template":"","meta":{"_monsterinsights_skip_tracking":false,"_monsterinsights_sitenote_active":false,"_monsterinsights_sitenote_note":"","_monsterinsights_sitenote_category":0},"product_brand":[],"product_cat":[12291,12711],"product_tag":[],"class_list":{"0":"post-773001","1":"product","2":"type-product","3":"status-publish","5":"product_cat-edebiyat","6":"product_cat-roman-oyku","7":"pa_cilt-ciltsiz","8":"pa_tur-kitap","9":"pa_yayinevi-domingo-yayinevi","10":"pa_yazar-julie-otsuka","12":"first","13":"instock","14":"sale","15":"shipping-taxable","16":"purchasable","17":"product-type-simple"},"_links":{"self":[{"href":"https:\/\/roveyayinevi.com.tr\/index.php\/wp-json\/wp\/v2\/product\/773001","targetHints":{"allow":["GET"]}}],"collection":[{"href":"https:\/\/roveyayinevi.com.tr\/index.php\/wp-json\/wp\/v2\/product"}],"about":[{"href":"https:\/\/roveyayinevi.com.tr\/index.php\/wp-json\/wp\/v2\/types\/product"}],"wp:attachment":[{"href":"https:\/\/roveyayinevi.com.tr\/index.php\/wp-json\/wp\/v2\/media?parent=773001"}],"wp:term":[{"taxonomy":"product_brand","embeddable":true,"href":"https:\/\/roveyayinevi.com.tr\/index.php\/wp-json\/wp\/v2\/product_brand?post=773001"},{"taxonomy":"product_cat","embeddable":true,"href":"https:\/\/roveyayinevi.com.tr\/index.php\/wp-json\/wp\/v2\/product_cat?post=773001"},{"taxonomy":"product_tag","embeddable":true,"href":"https:\/\/roveyayinevi.com.tr\/index.php\/wp-json\/wp\/v2\/product_tag?post=773001"}],"curies":[{"name":"wp","href":"https:\/\/api.w.org\/{rel}","templated":true}]}}