{"id":772999,"date":"2025-08-28T16:00:07","date_gmt":"2025-08-28T13:00:07","guid":{"rendered":"https:\/\/roveyayinevi.com.tr\/index.php\/urun\/direnisin-formu-ve-kendisi-olarak-sanat\/"},"modified":"2026-04-15T03:39:19","modified_gmt":"2026-04-15T00:39:19","slug":"direnisin-formu-ve-kendisi-olarak-sanat","status":"publish","type":"product","link":"https:\/\/roveyayinevi.com.tr\/index.php\/urun\/direnisin-formu-ve-kendisi-olarak-sanat\/","title":{"rendered":"Direni\u015fin Formu ve Kendisi Olarak Sanat"},"content":{"rendered":"<p>Direnis\u0327 asl\u0131nda muhafazaka\u0302r bir so\u0308zcu\u0308k. Bir etkiye kars\u0327\u0131 maddenin kendisi olarak kalmaya c\u0327abalamas\u0131n\u0131 temsil ediyor. Ancak kullan\u0131ld\u0131g\u0306\u0131 bag\u0306lama bak\u0131ld\u0131g\u0306\u0131nda hemen her defas\u0131nda iktidar\u0131 elinde bulunduranlar\u0131n uygulad\u0131g\u0306\u0131 bask\u0131ya, sindirme, etkisizles\u0327tirme, tektiples\u0327tirme vb. politikalara kars\u0327\u0131 bir durus\u0327u simgeliyor. Hatta gu\u0308ndelik kullan\u0131mdaki anlam\u0131n\u0131 da bu yo\u0308nu\u0308yle kazanm\u0131s\u0327 gibi. Dolay\u0131s\u0131yla direnis\u0327e bag\u0306lam\u0131n\u0131 veren s\u0327ey ana ak\u0131m diyebileceg\u0306imiz iktidarc\u0131l pozisyonun kars\u0327\u0131s\u0131nda kendisi olabilme gu\u0308cu\u0308. Bugu\u0308n bu\u0308tu\u0308n du\u0308nya u\u0308zerinde iktidarlara bakt\u0131g\u0306\u0131m\u0131zda \u201cdirenis\u0327\u201d so\u0308zcu\u0308g\u0306u\u0308nu\u0308n neden muhafazaka\u0302r deg\u0306il, devrimci bir vurguyu ic\u0327erdig\u0306ini hemen anlayabiliriz; c\u0327u\u0308nku\u0308 mevcut iktidarlar\u0131n bo\u0308ylesi korkunc\u0327 oldug\u0306u bir du\u0308nyada \u201ckendi olmak\u201d devrimci bir eylemdir&#8230; \u201cDirenis\u0327in Formu ve Kendisi Olarak Sanat\u201d bas\u0327l\u0131g\u0306\u0131 bu mant\u0131g\u0306\u0131 izliyor. Direnis\u0327in ne ic\u0327in yap\u0131ld\u0131g\u0306\u0131ndan ya da tas\u0327\u0131d\u0131g\u0306\u0131 mesajdan daha o\u0308nemli olan bir s\u0327ey var; \u201cdirenis\u0327in formu\u201d. C\u0327u\u0308nku\u0308 formlar, ald\u0131g\u0306\u0131m\u0131z so\u0308zden o\u0308nce bizim kim oldug\u0306umuzu ve nerede durdug\u0306umuzu go\u0308steriyor. Neden insanlar kendilerini ifade etmek ic\u0327in sanatsal yollar sec\u0327iyorlar? Bu sorunun cevab\u0131 \u201csec\u0327me\u201d ediminde gizli. Asl\u0131nda sec\u0327tikleri s\u0327ey sanat deg\u0306il, direnis\u0327 \u2013 ana ak\u0131ma benzememe, iktidarc\u0131llas\u0327mama, kendilerini ic\u0327ine c\u0327ekmeye c\u0327al\u0131s\u0327an girdaba kap\u0131lmama arzusu. Bu da bizi bas\u0327l\u0131g\u0306\u0131n ikinci k\u0131sm\u0131na yani \u201cdirenis\u0327in kendisi olarak sanat\u201da getiriyor. Sanat, toplumun ic\u0327inde toplumun ak\u0131s\u0327\u0131n\u0131n aksi yo\u0308nu\u0308nde c\u0327al\u0131s\u0327arak yeni olanaklar\u0131 ortaya c\u0327\u0131kart\u0131r. Devre as\u0327\u0131r\u0131 yu\u0308klenirse bir sigorta gibi c\u0327al\u0131s\u0327arak ona k\u0131sa devre yapt\u0131r\u0131r. Sokaktaki direnis\u0327in sanatla birles\u0327mesinin nedeni bu k\u0131sa devre mant\u0131g\u0306\u0131nda bulunabilir. Sanat, hic\u0327bir s\u0327ey deg\u0306ilken direnis\u0327in kendisidir. <\/p>\n","protected":false},"excerpt":{"rendered":"<p>Direnis\u0327 asl\u0131nda muhafazaka\u0302r bir so\u0308zcu\u0308k. Bir etkiye kars\u0327\u0131 maddenin kendisi olarak kalmaya c\u0327abalamas\u0131n\u0131 temsil ediyor. Ancak kullan\u0131ld\u0131g\u0306\u0131 bag\u0306lama bak\u0131ld\u0131g\u0306\u0131nda hemen her defas\u0131nda iktidar\u0131 elinde bulunduranlar\u0131n uygulad\u0131g\u0306\u0131<span class=\"excerpt-hellip\"> [\u2026]<\/span><\/p>\n","protected":false},"featured_media":0,"template":"","meta":{"_monsterinsights_skip_tracking":false,"_monsterinsights_sitenote_active":false,"_monsterinsights_sitenote_note":"","_monsterinsights_sitenote_category":0},"product_brand":[],"product_cat":[44608,12408],"product_tag":[],"class_list":{"0":"post-772999","1":"product","2":"type-product","3":"status-publish","5":"product_cat-diger-sanat","6":"product_cat-sanat","7":"pa_cilt-ciltsiz","8":"pa_tur-kitap","9":"pa_yayinevi-livera-yayinevi","10":"pa_yazar-baris-acar","12":"first","13":"instock","14":"sale","15":"shipping-taxable","16":"purchasable","17":"product-type-simple"},"_links":{"self":[{"href":"https:\/\/roveyayinevi.com.tr\/index.php\/wp-json\/wp\/v2\/product\/772999","targetHints":{"allow":["GET"]}}],"collection":[{"href":"https:\/\/roveyayinevi.com.tr\/index.php\/wp-json\/wp\/v2\/product"}],"about":[{"href":"https:\/\/roveyayinevi.com.tr\/index.php\/wp-json\/wp\/v2\/types\/product"}],"wp:attachment":[{"href":"https:\/\/roveyayinevi.com.tr\/index.php\/wp-json\/wp\/v2\/media?parent=772999"}],"wp:term":[{"taxonomy":"product_brand","embeddable":true,"href":"https:\/\/roveyayinevi.com.tr\/index.php\/wp-json\/wp\/v2\/product_brand?post=772999"},{"taxonomy":"product_cat","embeddable":true,"href":"https:\/\/roveyayinevi.com.tr\/index.php\/wp-json\/wp\/v2\/product_cat?post=772999"},{"taxonomy":"product_tag","embeddable":true,"href":"https:\/\/roveyayinevi.com.tr\/index.php\/wp-json\/wp\/v2\/product_tag?post=772999"}],"curies":[{"name":"wp","href":"https:\/\/api.w.org\/{rel}","templated":true}]}}