{"id":772998,"date":"2025-08-28T16:00:06","date_gmt":"2025-08-28T13:00:06","guid":{"rendered":"https:\/\/roveyayinevi.com.tr\/index.php\/urun\/jin-jiyan-azadi-kadin-yasam-ozgurluk\/"},"modified":"2026-04-15T03:39:19","modified_gmt":"2026-04-15T00:39:19","slug":"jin-jiyan-azadi-kadin-yasam-ozgurluk","status":"publish","type":"product","link":"https:\/\/roveyayinevi.com.tr\/index.php\/urun\/jin-jiyan-azadi-kadin-yasam-ozgurluk\/","title":{"rendered":"Jin Jiyan Azadi-Kad\u0131n Ya\u015fam \u00d6zg\u00fcrl\u00fck"},"content":{"rendered":"<p>Mahkeme heyeti s\u00fcrecin ba\u015f\u0131ndan beri uluslararas\u0131 normlar\u0131, Anayasa\u2019y\u0131, CMK&#8217;y\u0131, A\u0130HM kararlar\u0131n\u0131, d\u00fc\u015f\u00fcnce ifade ve \u00f6rg\u00fctlenme \u00f6zg\u00fcrl\u00fc\u011f\u00fcn\u00fc, Siyasi Partiler Kanunu\u2019nu yok saym\u0131\u015f, hedefe ula\u015fmak i\u00e7in her t\u00fcrl\u00fc hukuksuzlu\u011fu hukuk uygulamas\u0131 hale getirmi\u015ftir. Bu dosyan\u0131n haz\u0131rlanmas\u0131, y\u00fcr\u00fct\u00fclen duru\u015fmalar ve haz\u0131rlanan m\u00fctalaaya kadar ya\u015fananlar da g\u00f6stermektedir ki esas ama\u00e7 maddi ger\u00e7e\u011fin a\u00e7\u0131\u011fa \u00e7\u0131kart\u0131lmas\u0131, 6-8 Ekim 2014 s\u00fcrecinde ya\u015fanan olaylar\u0131n, ya\u015fam hakk\u0131 elinden al\u0131nan insanlar\u0131n ger\u00e7ek faillerinin ve siyasi sorumlular\u0131n\u0131n a\u00e7\u0131\u011fa \u00e7\u0131kart\u0131lmas\u0131 de\u011fildir.  Bu davan\u0131n bir taraf\u0131nda devlet ve kendisini devletin sahibi olarak g\u00f6renler, di\u011fer tarafta K\u00fcrtler ve K\u00fcrtlerin dostlar\u0131 vard\u0131r. Devletin t\u00fcm kurumlar\u0131n\u0131n bu davada m\u00fc\u015fteki olmalar\u0131 ve mahkemenin bunu kabul etmesi de asl\u0131nda mahkemenin ba\u011f\u0131ms\u0131zl\u0131\u011f\u0131n\u0131, tarafs\u0131zl\u0131\u011f\u0131n\u0131 ortadan kald\u0131ran somut bir ger\u00e7eklik olarak ortada durmaktad\u0131r. G\u00fczel g\u00fcnler g\u00f6rece\u011fiz, buna inan\u0131yoruz. Demokrasi ve \u00f6zg\u00fcrl\u00fck m\u00fccadelemizi daha da ileri bir noktaya ta\u015f\u0131yaca\u011f\u0131z. Fa\u015fizme ve zulme asla boyun e\u011fmedik, e\u011fmeyece\u011fiz. Bize dayat\u0131lan her t\u00fcrl\u00fc gericili\u011fe, \u0131rk\u00e7\u0131l\u0131\u011fa, milliyet\u00e7ili\u011fe, cinsiyet\u00e7ili\u011fe kar\u015f\u0131 durduk, bundan sonra da duraca\u011f\u0131z. Biz \u00f6zg\u00fcr bir ya\u015fam istiyoruz. <\/p>\n","protected":false},"excerpt":{"rendered":"<p>Mahkeme heyeti s\u00fcrecin ba\u015f\u0131ndan beri uluslararas\u0131 normlar\u0131, Anayasa\u2019y\u0131, CMK&#8217;y\u0131, A\u0130HM kararlar\u0131n\u0131, d\u00fc\u015f\u00fcnce ifade ve \u00f6rg\u00fctlenme \u00f6zg\u00fcrl\u00fc\u011f\u00fcn\u00fc, Siyasi Partiler Kanunu\u2019nu yok saym\u0131\u015f, hedefe ula\u015fmak i\u00e7in her t\u00fcrl\u00fc<span class=\"excerpt-hellip\"> [\u2026]<\/span><\/p>\n","protected":false},"featured_media":0,"template":"","meta":{"_monsterinsights_skip_tracking":false,"_monsterinsights_sitenote_active":false,"_monsterinsights_sitenote_note":"","_monsterinsights_sitenote_category":0},"product_brand":[],"product_cat":[15350,17583],"product_tag":[],"class_list":{"0":"post-772998","1":"product","2":"type-product","3":"status-publish","5":"product_cat-hukuk","6":"product_cat-kanun-ve-uygulama-kitaplari","7":"pa_cilt-ciltsiz","8":"pa_tur-kitap","9":"pa_yayinevi-dipnot-yayinlari","10":"pa_yazar-sebahat-tuncel","12":"first","13":"instock","14":"sale","15":"shipping-taxable","16":"purchasable","17":"product-type-simple"},"_links":{"self":[{"href":"https:\/\/roveyayinevi.com.tr\/index.php\/wp-json\/wp\/v2\/product\/772998","targetHints":{"allow":["GET"]}}],"collection":[{"href":"https:\/\/roveyayinevi.com.tr\/index.php\/wp-json\/wp\/v2\/product"}],"about":[{"href":"https:\/\/roveyayinevi.com.tr\/index.php\/wp-json\/wp\/v2\/types\/product"}],"wp:attachment":[{"href":"https:\/\/roveyayinevi.com.tr\/index.php\/wp-json\/wp\/v2\/media?parent=772998"}],"wp:term":[{"taxonomy":"product_brand","embeddable":true,"href":"https:\/\/roveyayinevi.com.tr\/index.php\/wp-json\/wp\/v2\/product_brand?post=772998"},{"taxonomy":"product_cat","embeddable":true,"href":"https:\/\/roveyayinevi.com.tr\/index.php\/wp-json\/wp\/v2\/product_cat?post=772998"},{"taxonomy":"product_tag","embeddable":true,"href":"https:\/\/roveyayinevi.com.tr\/index.php\/wp-json\/wp\/v2\/product_tag?post=772998"}],"curies":[{"name":"wp","href":"https:\/\/api.w.org\/{rel}","templated":true}]}}