{"id":772996,"date":"2025-08-28T16:00:01","date_gmt":"2025-08-28T13:00:01","guid":{"rendered":"https:\/\/roveyayinevi.com.tr\/index.php\/urun\/kemiklerde-bir-yanma\/"},"modified":"2026-04-15T03:39:19","modified_gmt":"2026-04-15T00:39:19","slug":"kemiklerde-bir-yanma","status":"publish","type":"product","link":"https:\/\/roveyayinevi.com.tr\/index.php\/urun\/kemiklerde-bir-yanma\/","title":{"rendered":"Kemiklerde Bir Yanma"},"content":{"rendered":"<p>NEW YORK TIMES\u2019IN \u00c7OKSATAN MUMYOLLARI SER\u0130S\u0130N\u0130N BU NEFES KES\u0130C\u0130 F\u0130NAL\u0130NDE REN\u2019\u0130N, KATHOR\u2019UN YOZLA\u015eMI\u015e S\u0130STEM\u0130N\u0130 YIKMA M\u00dcCADELES\u0130, S\u0130YAS\u0130 ENTR\u0130KALARIN VE G\u0130ZEML\u0130 B\u0130R HASTALI\u011eIN \u015eEHR\u0130 ELE GE\u00c7\u0130RMES\u0130YLE DORUK NOKTASINA ULA\u015eIYOR.   REN VE THEO, BROOD HANES\u0130\u2019N\u0130N KONTROL\u00dcN\u00dc ELE GE\u00c7\u0130RD\u0130KTEN SONRA KAZANDIKLARI BU YEN\u0130 G\u00dcC\u00dc KATHOR\u2019UN GERI KALANINI DE\u011e\u0130\u015eT\u0130RMEK \u0130\u00c7\u0130N KULLANMAYI HAYAL ETM\u0130\u015eLERD\u0130. ANCAK \u015e\u0130MD\u0130 \u00c7ABALARININ, DAHA AZ G\u00dcCE SAH\u0130P BIR D\u00dcNYAYLA \u0130LG\u0130LENMEYEN DI\u011eER B\u00dcY\u00dcK HANELER TARAFINDAN BALTALANDI\u011eINI G\u00d6R\u00dcYORLAR. BUNU T\u0130N\u2019VOR\u0130 KARDE\u015eLER KADAR \u0130Y\u0130 ANLAYABILECEK K\u0130MSE YOK. ATALARININ YURDUNA D\u00d6NMELERI ON YIL ALMI\u015e OLSA DA, \u015e\u0130MD\u0130 K\u00dcLLERINDEN YEN\u0130DEN DO\u011eMAYA KARARLILAR. NEVELYN, BROOD HANES\u0130\u2019N\u0130 ARA\u015eTIRMAYA BA\u015eLADI\u011eINDA KEND\u0130N\u0130 \u015eEHR\u0130NKAPILARINA DAYANMI\u015e B\u0130R D\u00dc\u015eMANLA Y\u00dcZ Y\u00dcZE BULUR. BU, KIMSENIN \u201cSALGIN\u201d DIYEMEYECE\u011eI T\u00dcRDEN BIR D\u00dc\u015eMANDIR. KURBANLARDA GAR\u0130P MORARMALAR, BASTIRILAMAZ SUSUZLUK VE B\u00dcY\u00dcDE GE\u00c7\u0130C\u0130 BOZULMALAE G\u00d6R\u00dcL\u00dcR. DOKTORLAR HASTALI\u011eIN KAYNA\u011eINI ARA\u015eTIRDIK\u00c7A, \u015eEHR\u0130N STRATEJ\u0130K NOKTALARINA YERLE\u015eT\u0130R\u0130LM\u0130\u015e BA\u015eKA CESETLER BULURLAR. REN, SU\u00c7LULARIN \u0130Z\u0130N\u0130 S\u00dcRERKEN KEND\u0130N\u0130 \u015eEHR\u0130N B\u00dcY\u00dcS\u00dcN\u00dc BOZMAYI HEDEFLEYEN S\u0130NS\u0130 B\u0130R D\u00dc\u015eMANIN \u0130K\u0130 ADIM GER\u0130S\u0130NDE BULUR.<\/p>\n","protected":false},"excerpt":{"rendered":"<p>NEW YORK TIMES\u2019IN \u00c7OKSATAN MUMYOLLARI SER\u0130S\u0130N\u0130N BU NEFES KES\u0130C\u0130 F\u0130NAL\u0130NDE REN\u2019\u0130N, KATHOR\u2019UN YOZLA\u015eMI\u015e S\u0130STEM\u0130N\u0130 YIKMA M\u00dcCADELES\u0130, S\u0130YAS\u0130 ENTR\u0130KALARIN VE G\u0130ZEML\u0130 B\u0130R HASTALI\u011eIN \u015eEHR\u0130 ELE GE\u00c7\u0130RMES\u0130YLE DORUK<span class=\"excerpt-hellip\"> [\u2026]<\/span><\/p>\n","protected":false},"featured_media":0,"template":"","meta":{"_monsterinsights_skip_tracking":false,"_monsterinsights_sitenote_active":false,"_monsterinsights_sitenote_note":"","_monsterinsights_sitenote_category":0},"product_brand":[],"product_cat":[12291,12711],"product_tag":[],"class_list":{"0":"post-772996","1":"product","2":"type-product","3":"status-publish","5":"product_cat-edebiyat","6":"product_cat-roman-oyku","7":"pa_cilt-ciltsiz","8":"pa_tur-kitap","9":"pa_yayinevi-artemis-yayinlari","10":"pa_yazar-scott-reintgen","12":"first","13":"instock","14":"sale","15":"shipping-taxable","16":"purchasable","17":"product-type-simple"},"_links":{"self":[{"href":"https:\/\/roveyayinevi.com.tr\/index.php\/wp-json\/wp\/v2\/product\/772996","targetHints":{"allow":["GET"]}}],"collection":[{"href":"https:\/\/roveyayinevi.com.tr\/index.php\/wp-json\/wp\/v2\/product"}],"about":[{"href":"https:\/\/roveyayinevi.com.tr\/index.php\/wp-json\/wp\/v2\/types\/product"}],"wp:attachment":[{"href":"https:\/\/roveyayinevi.com.tr\/index.php\/wp-json\/wp\/v2\/media?parent=772996"}],"wp:term":[{"taxonomy":"product_brand","embeddable":true,"href":"https:\/\/roveyayinevi.com.tr\/index.php\/wp-json\/wp\/v2\/product_brand?post=772996"},{"taxonomy":"product_cat","embeddable":true,"href":"https:\/\/roveyayinevi.com.tr\/index.php\/wp-json\/wp\/v2\/product_cat?post=772996"},{"taxonomy":"product_tag","embeddable":true,"href":"https:\/\/roveyayinevi.com.tr\/index.php\/wp-json\/wp\/v2\/product_tag?post=772996"}],"curies":[{"name":"wp","href":"https:\/\/api.w.org\/{rel}","templated":true}]}}