{"id":772995,"date":"2025-08-28T15:59:59","date_gmt":"2025-08-28T12:59:59","guid":{"rendered":"https:\/\/roveyayinevi.com.tr\/index.php\/urun\/kan-kitaplari-4\/"},"modified":"2026-04-15T03:39:18","modified_gmt":"2026-04-15T00:39:18","slug":"kan-kitaplari-4","status":"publish","type":"product","link":"https:\/\/roveyayinevi.com.tr\/index.php\/urun\/kan-kitaplari-4\/","title":{"rendered":"Kan Kitaplar\u0131 4"},"content":{"rendered":"<p>Korku edebiyat\u0131n\u0131n ya\u015fayan en b\u00fcy\u00fck ustalar\u0131ndan olan ve Hellraiser\u2019\u0131n, unutulmaz Pin Head\u2019in yarat\u0131c\u0131s\u0131 Clive Barker\u2019\u0131n alt\u0131 kitapl\u0131k Kan Kitaplar\u0131 serisinin d\u00f6rd\u00fcnc\u00fc kitab\u0131 \u015fu an elinizde.   Okuru hayalg\u00fcc\u00fcn\u00fcn eri\u015febilece\u011fi en tekinsiz, en kanl\u0131 s\u0131n\u0131rlarda gezdiren bu be\u015f \u00f6yk\u00fcde, Charlie George\u2019un d\u00fcnyay\u0131 ele ge\u00e7irmeye \u00e7al\u0131\u015fan ellerini, evsiz bir adam\u0131n korkun\u00e7 s\u0131rr\u0131n\u0131 \u00f6\u011frenen \u00f6nemsiz bir h\u0131rs\u0131z\u0131n ba\u015f\u0131ndan ge\u00e7enleri, bir kad\u0131n\u0131n f\u0131rt\u0131nal\u0131 bir gecede \u00f6zg\u00fcrl\u00fc\u011f\u00fcn\u00fc kazanmas\u0131n\u0131, Tanr\u0131\u2019y\u0131 bulmaya \u00e7al\u0131\u015fan zengin bir adam\u0131 ve gizli bir deneyin deh\u015fet verici sonu\u00e7lar\u0131n\u0131 okuyacaks\u0131n\u0131z.   Yazar\u0131n deyi\u015fiyle, \u201cHerkes birer kan kitab\u0131d\u0131r; neremizden a\u00e7\u0131lsak k\u0131rm\u0131z\u0131y\u0131zd\u0131r.\u201d   \u201cBarker yapt\u0131\u011f\u0131 \u015feyle hepimizin son on y\u0131ld\u0131r uyuyormu\u015fuz gibi g\u00f6r\u00fcnmesine yol a\u00e7\u0131yor.\u201d \u2013Stephen King   \u201cBarker en ba\u015f\u0131ndan e\u015fsiz bir yazar oldu\u011funu belli etti.\u201d  \u2013Locus <\/p>\n","protected":false},"excerpt":{"rendered":"<p>Korku edebiyat\u0131n\u0131n ya\u015fayan en b\u00fcy\u00fck ustalar\u0131ndan olan ve Hellraiser\u2019\u0131n, unutulmaz Pin Head\u2019in yarat\u0131c\u0131s\u0131 Clive Barker\u2019\u0131n alt\u0131 kitapl\u0131k Kan Kitaplar\u0131 serisinin d\u00f6rd\u00fcnc\u00fc kitab\u0131 \u015fu an elinizde. Okuru<span class=\"excerpt-hellip\"> [\u2026]<\/span><\/p>\n","protected":false},"featured_media":0,"template":"","meta":{"_monsterinsights_skip_tracking":false,"_monsterinsights_sitenote_active":false,"_monsterinsights_sitenote_note":"","_monsterinsights_sitenote_category":0},"product_brand":[],"product_cat":[12291,17033],"product_tag":[],"class_list":{"0":"post-772995","1":"product","2":"type-product","3":"status-publish","5":"product_cat-edebiyat","6":"product_cat-korku-gerilim","7":"pa_cilt-ciltsiz","8":"pa_tur-kitap","9":"pa_yayinevi-alfa-yayinlari","10":"pa_yazar-clive-barker","12":"first","13":"instock","14":"sale","15":"shipping-taxable","16":"purchasable","17":"product-type-simple"},"_links":{"self":[{"href":"https:\/\/roveyayinevi.com.tr\/index.php\/wp-json\/wp\/v2\/product\/772995","targetHints":{"allow":["GET"]}}],"collection":[{"href":"https:\/\/roveyayinevi.com.tr\/index.php\/wp-json\/wp\/v2\/product"}],"about":[{"href":"https:\/\/roveyayinevi.com.tr\/index.php\/wp-json\/wp\/v2\/types\/product"}],"wp:attachment":[{"href":"https:\/\/roveyayinevi.com.tr\/index.php\/wp-json\/wp\/v2\/media?parent=772995"}],"wp:term":[{"taxonomy":"product_brand","embeddable":true,"href":"https:\/\/roveyayinevi.com.tr\/index.php\/wp-json\/wp\/v2\/product_brand?post=772995"},{"taxonomy":"product_cat","embeddable":true,"href":"https:\/\/roveyayinevi.com.tr\/index.php\/wp-json\/wp\/v2\/product_cat?post=772995"},{"taxonomy":"product_tag","embeddable":true,"href":"https:\/\/roveyayinevi.com.tr\/index.php\/wp-json\/wp\/v2\/product_tag?post=772995"}],"curies":[{"name":"wp","href":"https:\/\/api.w.org\/{rel}","templated":true}]}}