{"id":772994,"date":"2025-08-28T15:59:58","date_gmt":"2025-08-28T12:59:58","guid":{"rendered":"https:\/\/roveyayinevi.com.tr\/index.php\/urun\/icindeki-kahkahayi-uyandir\/"},"modified":"2026-04-08T03:35:39","modified_gmt":"2026-04-08T00:35:39","slug":"icindeki-kahkahayi-uyandir","status":"publish","type":"product","link":"https:\/\/roveyayinevi.com.tr\/index.php\/urun\/icindeki-kahkahayi-uyandir\/","title":{"rendered":"\u0130\u00e7indeki Kahkahay\u0131 Uyand\u0131r"},"content":{"rendered":"<p>Bu kitap kahkahan\u0131n pe\u015fine d\u00fc\u015f\u00fcyor\u2026 Kahkaha bir sanat olabilir mi? Evet, olabilir ve siz de KAHKAHA SANAT\u00c7ISI olabilirsiniz. Elinizde tuttu\u011funuz kitap bunu anlat\u0131yor; d\u00fc\u015f\u00fcnmenin, sezmenin, d\u00f6n\u00fc\u015ft\u00fcrmenin ve direni\u015fin kahkahayla m\u00fcmk\u00fcn oldu\u011funu anlatarak ve egzersizlerle de zenginle\u015ftirerek okuru belki de bug\u00fcne kadar hi\u00e7 d\u00fc\u015f\u00fcnmedi\u011fi bir yolculu\u011fa \u00e7\u0131kar\u0131yor. Yazar Esra Alkan, edebiyat\u0131n, felsefenin, psikanalizin ve ya\u015fam prati\u011finin i\u00e7inden sesleniyor size. Nietzsche\u2019den Freud\u2019a, Bahtin\u2019den Walter Benjamin\u2019e uzanan d\u00fc\u015f\u00fcnsel bir izlek e\u015fli\u011finde, kahkahan\u0131n unuttu\u011fumuz ama hep i\u00e7imizde sakl\u0131 kalan g\u00fcc\u00fcn\u00fc ke\u015ffetmeye \u00e7a\u011f\u0131r\u0131yor. Kahkahan\u0131n sadece \u201ce\u011flence\u201d de\u011fil; bedenin kimyas\u0131n\u0131, ruhun direncini, toplumsal bilinci de\u011fi\u015ftiren bir \u201ceylemce\u201d olabilece\u011fini hat\u0131rlat\u0131yor. Bu kitab\u0131 okurken bazen i\u00e7inizden \u201c\u00c2h! Tam da beni anlat\u0131yor\u201d diyeceksiniz; bazen an\u0131lar\u0131n\u0131za dalacak, \u00e7ok\u00e7a, i\u00e7inizdeki co\u015fkuyla bulu\u015facaks\u0131n\u0131z. Sonunda varaca\u011f\u0131n\u0131z yer, \u201cBen neden \u015fimdiye kadar kahkahamla bu kadar mesafeliymi\u015fim?\u201d \u00d6yleyse, buyrun; i\u00e7inizdeki kahkahay\u0131 kolundan tutup d\u0131\u015far\u0131 \u00e7ekme vakti. Haydi, patlat\u0131n bir kahkaha! Hem kendimiz hem \u00f6zledi\u011fimiz d\u00fcnya i\u00e7in\u2026<\/p>\n","protected":false},"excerpt":{"rendered":"<p>Bu kitap kahkahan\u0131n pe\u015fine d\u00fc\u015f\u00fcyor\u2026 Kahkaha bir sanat olabilir mi? Evet, olabilir ve siz de KAHKAHA SANAT\u00c7ISI olabilirsiniz. Elinizde tuttu\u011funuz kitap bunu anlat\u0131yor; d\u00fc\u015f\u00fcnmenin, sezmenin, d\u00f6n\u00fc\u015ft\u00fcrmenin<span class=\"excerpt-hellip\"> [\u2026]<\/span><\/p>\n","protected":false},"featured_media":0,"template":"","meta":{"_monsterinsights_skip_tracking":false,"_monsterinsights_sitenote_active":false,"_monsterinsights_sitenote_note":"","_monsterinsights_sitenote_category":0},"product_brand":[],"product_cat":[12364,12376],"product_tag":[],"class_list":{"0":"post-772994","1":"product","2":"type-product","3":"status-publish","5":"product_cat-genel-konular","6":"product_cat-kisisel-gelisim","7":"pa_cilt-ciltsiz","8":"pa_tur-kitap","9":"pa_yayinevi-kuraldisi-yayinevi","10":"pa_yazar-esra-alkan","12":"first","13":"instock","14":"sale","15":"shipping-taxable","16":"purchasable","17":"product-type-simple"},"_links":{"self":[{"href":"https:\/\/roveyayinevi.com.tr\/index.php\/wp-json\/wp\/v2\/product\/772994","targetHints":{"allow":["GET"]}}],"collection":[{"href":"https:\/\/roveyayinevi.com.tr\/index.php\/wp-json\/wp\/v2\/product"}],"about":[{"href":"https:\/\/roveyayinevi.com.tr\/index.php\/wp-json\/wp\/v2\/types\/product"}],"wp:attachment":[{"href":"https:\/\/roveyayinevi.com.tr\/index.php\/wp-json\/wp\/v2\/media?parent=772994"}],"wp:term":[{"taxonomy":"product_brand","embeddable":true,"href":"https:\/\/roveyayinevi.com.tr\/index.php\/wp-json\/wp\/v2\/product_brand?post=772994"},{"taxonomy":"product_cat","embeddable":true,"href":"https:\/\/roveyayinevi.com.tr\/index.php\/wp-json\/wp\/v2\/product_cat?post=772994"},{"taxonomy":"product_tag","embeddable":true,"href":"https:\/\/roveyayinevi.com.tr\/index.php\/wp-json\/wp\/v2\/product_tag?post=772994"}],"curies":[{"name":"wp","href":"https:\/\/api.w.org\/{rel}","templated":true}]}}