{"id":772992,"date":"2025-08-28T15:59:54","date_gmt":"2025-08-28T12:59:54","guid":{"rendered":"https:\/\/roveyayinevi.com.tr\/index.php\/urun\/kadim-baskentten-yeni-hikayeler-yeni-pekin-edebiyati-1-sayi\/"},"modified":"2026-04-15T03:39:18","modified_gmt":"2026-04-15T00:39:18","slug":"kadim-baskentten-yeni-hikayeler-yeni-pekin-edebiyati-1-sayi","status":"publish","type":"product","link":"https:\/\/roveyayinevi.com.tr\/index.php\/urun\/kadim-baskentten-yeni-hikayeler-yeni-pekin-edebiyati-1-sayi\/","title":{"rendered":"Kadim Ba\u015fkentten Yeni Hikayeler &#8211; Yeni Pekin Edebiyat\u0131 1. Say\u0131"},"content":{"rendered":"<p>\u00c7in\u2019in ba\u015fkenti Pekin binlerce y\u0131ll\u0131k tarihe sahip. Bu uzun ve zengin ge\u00e7mi\u015ften s\u00fcz\u00fcl\u00fcp gelen k\u00fclt\u00fcr g\u00fcn\u00fcm\u00fcz edebiyat\u0131na damgas\u0131n\u0131 vuruyor. K\u0131rm\u0131z\u0131 Kedi Yay\u0131nevi ve Beijing Edebiyat ve Sanat \u00c7evresi\u2019nin (Beijing Wenlian) i\u015fbirli\u011fiyle haz\u0131rlanan bu dergide \u00e7a\u011fda\u015f \u00c7inli yazarlar T\u00fcrk okuyucusuyla bulu\u015fuyor. Feng Jicai, Sun Rui, Tie Ning, Ma Xiaotao ve Qiao Ye \u00f6yk\u00fcleriyle kadim ba\u015fkentte ya\u015fanan de\u011fi\u015fimi ve ge\u00e7mi\u015fin izlerini anlat\u0131yor. <\/p>\n","protected":false},"excerpt":{"rendered":"<p>\u00c7in\u2019in ba\u015fkenti Pekin binlerce y\u0131ll\u0131k tarihe sahip. Bu uzun ve zengin ge\u00e7mi\u015ften s\u00fcz\u00fcl\u00fcp gelen k\u00fclt\u00fcr g\u00fcn\u00fcm\u00fcz edebiyat\u0131na damgas\u0131n\u0131 vuruyor. K\u0131rm\u0131z\u0131 Kedi Yay\u0131nevi ve Beijing Edebiyat ve<span class=\"excerpt-hellip\"> [\u2026]<\/span><\/p>\n","protected":false},"featured_media":0,"template":"","meta":{"_monsterinsights_skip_tracking":false,"_monsterinsights_sitenote_active":false,"_monsterinsights_sitenote_note":"","_monsterinsights_sitenote_category":0},"product_brand":[],"product_cat":[30023,13527],"product_tag":[],"class_list":{"0":"post-772992","1":"product","2":"type-product","3":"status-publish","5":"product_cat-edebiyat-sureli-yayinlar","6":"product_cat-sureli-yayinlar","7":"pa_cilt-ciltsiz","8":"pa_tur-dergi","9":"pa_yayinevi-kirmizi-kedi-dergi","10":"pa_yazar-kolektif","12":"first","13":"instock","14":"sale","15":"shipping-taxable","16":"purchasable","17":"product-type-simple"},"_links":{"self":[{"href":"https:\/\/roveyayinevi.com.tr\/index.php\/wp-json\/wp\/v2\/product\/772992","targetHints":{"allow":["GET"]}}],"collection":[{"href":"https:\/\/roveyayinevi.com.tr\/index.php\/wp-json\/wp\/v2\/product"}],"about":[{"href":"https:\/\/roveyayinevi.com.tr\/index.php\/wp-json\/wp\/v2\/types\/product"}],"wp:attachment":[{"href":"https:\/\/roveyayinevi.com.tr\/index.php\/wp-json\/wp\/v2\/media?parent=772992"}],"wp:term":[{"taxonomy":"product_brand","embeddable":true,"href":"https:\/\/roveyayinevi.com.tr\/index.php\/wp-json\/wp\/v2\/product_brand?post=772992"},{"taxonomy":"product_cat","embeddable":true,"href":"https:\/\/roveyayinevi.com.tr\/index.php\/wp-json\/wp\/v2\/product_cat?post=772992"},{"taxonomy":"product_tag","embeddable":true,"href":"https:\/\/roveyayinevi.com.tr\/index.php\/wp-json\/wp\/v2\/product_tag?post=772992"}],"curies":[{"name":"wp","href":"https:\/\/api.w.org\/{rel}","templated":true}]}}