{"id":772989,"date":"2025-08-28T15:59:48","date_gmt":"2025-08-28T12:59:48","guid":{"rendered":"https:\/\/roveyayinevi.com.tr\/index.php\/urun\/kucuk-kuyruklu-yildiz\/"},"modified":"2026-04-15T03:39:18","modified_gmt":"2026-04-15T00:39:18","slug":"kucuk-kuyruklu-yildiz","status":"publish","type":"product","link":"https:\/\/roveyayinevi.com.tr\/index.php\/urun\/kucuk-kuyruklu-yildiz\/","title":{"rendered":"K\u00fc\u00e7\u00fck Kuyruklu Y\u0131ld\u0131z"},"content":{"rendered":"<p>Hi\u00e7 G\u00fcne\u015f Sistemi\u2019nin etraf\u0131nda dola\u015fan alev alev bir kuyruklu y\u0131ld\u0131z\u0131n ba\u015f\u0131ndan ge\u00e7enleri merak ettiniz mi? \u00d6yleyse, k\u00fc\u00e7\u00fck kuyruklu y\u0131ld\u0131zla tan\u0131\u015fmal\u0131s\u0131n\u0131z! Muhte\u015fem \u00e7izimleriyle bu k\u00fc\u00e7\u00fck hik\u00e2ye, minikleri bir kuyruklu y\u0131ld\u0131z\u0131n inan\u0131lmaz yolculu\u011funa davet ediyor. <\/p>\n","protected":false},"excerpt":{"rendered":"<p>Hi\u00e7 G\u00fcne\u015f Sistemi\u2019nin etraf\u0131nda dola\u015fan alev alev bir kuyruklu y\u0131ld\u0131z\u0131n ba\u015f\u0131ndan ge\u00e7enleri merak ettiniz mi? \u00d6yleyse, k\u00fc\u00e7\u00fck kuyruklu y\u0131ld\u0131zla tan\u0131\u015fmal\u0131s\u0131n\u0131z! Muhte\u015fem \u00e7izimleriyle bu k\u00fc\u00e7\u00fck hik\u00e2ye, minikleri<span class=\"excerpt-hellip\"> [\u2026]<\/span><\/p>\n","protected":false},"featured_media":0,"template":"","meta":{"_monsterinsights_skip_tracking":false,"_monsterinsights_sitenote_active":false,"_monsterinsights_sitenote_note":"","_monsterinsights_sitenote_category":0},"product_brand":[],"product_cat":[12274,12518],"product_tag":[],"class_list":{"0":"post-772989","1":"product","2":"type-product","3":"status-publish","5":"product_cat-cocuk-ve-genclik-kitaplari","6":"product_cat-okul-oncesi-kitaplar","7":"pa_cilt-ciltsiz","8":"pa_tur-kitap","9":"pa_yayinevi-is-bankasi-kultur-yayinlari","10":"pa_yazar-wednesday-jones","12":"first","13":"instock","14":"sale","15":"shipping-taxable","16":"purchasable","17":"product-type-simple"},"_links":{"self":[{"href":"https:\/\/roveyayinevi.com.tr\/index.php\/wp-json\/wp\/v2\/product\/772989","targetHints":{"allow":["GET"]}}],"collection":[{"href":"https:\/\/roveyayinevi.com.tr\/index.php\/wp-json\/wp\/v2\/product"}],"about":[{"href":"https:\/\/roveyayinevi.com.tr\/index.php\/wp-json\/wp\/v2\/types\/product"}],"wp:attachment":[{"href":"https:\/\/roveyayinevi.com.tr\/index.php\/wp-json\/wp\/v2\/media?parent=772989"}],"wp:term":[{"taxonomy":"product_brand","embeddable":true,"href":"https:\/\/roveyayinevi.com.tr\/index.php\/wp-json\/wp\/v2\/product_brand?post=772989"},{"taxonomy":"product_cat","embeddable":true,"href":"https:\/\/roveyayinevi.com.tr\/index.php\/wp-json\/wp\/v2\/product_cat?post=772989"},{"taxonomy":"product_tag","embeddable":true,"href":"https:\/\/roveyayinevi.com.tr\/index.php\/wp-json\/wp\/v2\/product_tag?post=772989"}],"curies":[{"name":"wp","href":"https:\/\/api.w.org\/{rel}","templated":true}]}}