{"id":772988,"date":"2025-08-28T15:59:46","date_gmt":"2025-08-28T12:59:46","guid":{"rendered":"https:\/\/roveyayinevi.com.tr\/index.php\/urun\/derin-maviliklerden\/"},"modified":"2026-04-15T03:39:18","modified_gmt":"2026-04-15T00:39:18","slug":"derin-maviliklerden","status":"publish","type":"product","link":"https:\/\/roveyayinevi.com.tr\/index.php\/urun\/derin-maviliklerden\/","title":{"rendered":"Derin Maviliklerden"},"content":{"rendered":"<p>\u0130lk hayvanlar nereden geldi? Okyanustan karaya neden ve nas\u0131l \u00e7\u0131kt\u0131lar? Derin Maviliklerden, tarih \u00f6ncesi ya\u015fam\u0131n hik\u00e2yesini anla\u015f\u0131l\u0131r bir dil ve canl\u0131 resimlerle anlat\u0131yor, do\u011fa ve hayata dair ilk izlerin bilgisini gen\u00e7 okurlara aktar\u0131yor. <\/p>\n","protected":false},"excerpt":{"rendered":"<p>\u0130lk hayvanlar nereden geldi? Okyanustan karaya neden ve nas\u0131l \u00e7\u0131kt\u0131lar? Derin Maviliklerden, tarih \u00f6ncesi ya\u015fam\u0131n hik\u00e2yesini anla\u015f\u0131l\u0131r bir dil ve canl\u0131 resimlerle anlat\u0131yor, do\u011fa ve hayata<span class=\"excerpt-hellip\"> [\u2026]<\/span><\/p>\n","protected":false},"featured_media":0,"template":"","meta":{"_monsterinsights_skip_tracking":false,"_monsterinsights_sitenote_active":false,"_monsterinsights_sitenote_note":"","_monsterinsights_sitenote_category":0},"product_brand":[],"product_cat":[12274,12518],"product_tag":[],"class_list":{"0":"post-772988","1":"product","2":"type-product","3":"status-publish","5":"product_cat-cocuk-ve-genclik-kitaplari","6":"product_cat-okul-oncesi-kitaplar","7":"pa_cilt-ciltsiz","8":"pa_tur-kitap","9":"pa_yayinevi-is-bankasi-kultur-yayinlari","10":"pa_yazar-elizabeth-shreeve","12":"first","13":"instock","14":"sale","15":"shipping-taxable","16":"purchasable","17":"product-type-simple"},"_links":{"self":[{"href":"https:\/\/roveyayinevi.com.tr\/index.php\/wp-json\/wp\/v2\/product\/772988","targetHints":{"allow":["GET"]}}],"collection":[{"href":"https:\/\/roveyayinevi.com.tr\/index.php\/wp-json\/wp\/v2\/product"}],"about":[{"href":"https:\/\/roveyayinevi.com.tr\/index.php\/wp-json\/wp\/v2\/types\/product"}],"wp:attachment":[{"href":"https:\/\/roveyayinevi.com.tr\/index.php\/wp-json\/wp\/v2\/media?parent=772988"}],"wp:term":[{"taxonomy":"product_brand","embeddable":true,"href":"https:\/\/roveyayinevi.com.tr\/index.php\/wp-json\/wp\/v2\/product_brand?post=772988"},{"taxonomy":"product_cat","embeddable":true,"href":"https:\/\/roveyayinevi.com.tr\/index.php\/wp-json\/wp\/v2\/product_cat?post=772988"},{"taxonomy":"product_tag","embeddable":true,"href":"https:\/\/roveyayinevi.com.tr\/index.php\/wp-json\/wp\/v2\/product_tag?post=772988"}],"curies":[{"name":"wp","href":"https:\/\/api.w.org\/{rel}","templated":true}]}}