{"id":772987,"date":"2025-08-28T15:59:44","date_gmt":"2025-08-28T12:59:44","guid":{"rendered":"https:\/\/roveyayinevi.com.tr\/index.php\/urun\/sekerin-macerasi\/"},"modified":"2026-04-08T03:35:39","modified_gmt":"2026-04-08T00:35:39","slug":"sekerin-macerasi","status":"publish","type":"product","link":"https:\/\/roveyayinevi.com.tr\/index.php\/urun\/sekerin-macerasi\/","title":{"rendered":"\u015eeker\u2019in Maceras\u0131"},"content":{"rendered":"<p>\u015eeker, yeni yerler ke\u015ffetmek i\u00e7in ailesiyle vedala\u015f\u0131p yola \u00e7\u0131kt\u0131. A\u011fa\u00e7lar\u0131n aras\u0131ndan s\u00fcz\u00fcld\u00fc, yepyeni sesler duydu ve tan\u0131mad\u0131\u011f\u0131 hayvanlarla tan\u0131\u015ft\u0131. Ancak farkl\u0131 g\u00f6r\u00fcnd\u00fc\u011f\u00fc i\u00e7in zaman zaman s\u0131cak kar\u015f\u0131lanmad\u0131. G\u00fcnlerden bir g\u00fcn ormanda \u00e7\u0131kan b\u00fcy\u00fck tehlike her \u015feyi de\u011fi\u015ftirecek mi acaba? Kendine g\u00fcven, cesaret ve dostluk \u00fczerine bir \u00f6yk\u00fc. <\/p>\n","protected":false},"excerpt":{"rendered":"<p>\u015eeker, yeni yerler ke\u015ffetmek i\u00e7in ailesiyle vedala\u015f\u0131p yola \u00e7\u0131kt\u0131. A\u011fa\u00e7lar\u0131n aras\u0131ndan s\u00fcz\u00fcld\u00fc, yepyeni sesler duydu ve tan\u0131mad\u0131\u011f\u0131 hayvanlarla tan\u0131\u015ft\u0131. Ancak farkl\u0131 g\u00f6r\u00fcnd\u00fc\u011f\u00fc i\u00e7in zaman zaman s\u0131cak<span class=\"excerpt-hellip\"> [\u2026]<\/span><\/p>\n","protected":false},"featured_media":0,"template":"","meta":{"_monsterinsights_skip_tracking":false,"_monsterinsights_sitenote_active":false,"_monsterinsights_sitenote_note":"","_monsterinsights_sitenote_category":0},"product_brand":[],"product_cat":[12274,12518],"product_tag":[],"class_list":{"0":"post-772987","1":"product","2":"type-product","3":"status-publish","5":"product_cat-cocuk-ve-genclik-kitaplari","6":"product_cat-okul-oncesi-kitaplar","7":"pa_cilt-ciltsiz","8":"pa_tur-kitap","9":"pa_yayinevi-is-bankasi-kultur-yayinlari","10":"pa_yazar-oakley-graham","12":"first","13":"instock","14":"sale","15":"shipping-taxable","16":"purchasable","17":"product-type-simple"},"_links":{"self":[{"href":"https:\/\/roveyayinevi.com.tr\/index.php\/wp-json\/wp\/v2\/product\/772987","targetHints":{"allow":["GET"]}}],"collection":[{"href":"https:\/\/roveyayinevi.com.tr\/index.php\/wp-json\/wp\/v2\/product"}],"about":[{"href":"https:\/\/roveyayinevi.com.tr\/index.php\/wp-json\/wp\/v2\/types\/product"}],"wp:attachment":[{"href":"https:\/\/roveyayinevi.com.tr\/index.php\/wp-json\/wp\/v2\/media?parent=772987"}],"wp:term":[{"taxonomy":"product_brand","embeddable":true,"href":"https:\/\/roveyayinevi.com.tr\/index.php\/wp-json\/wp\/v2\/product_brand?post=772987"},{"taxonomy":"product_cat","embeddable":true,"href":"https:\/\/roveyayinevi.com.tr\/index.php\/wp-json\/wp\/v2\/product_cat?post=772987"},{"taxonomy":"product_tag","embeddable":true,"href":"https:\/\/roveyayinevi.com.tr\/index.php\/wp-json\/wp\/v2\/product_tag?post=772987"}],"curies":[{"name":"wp","href":"https:\/\/api.w.org\/{rel}","templated":true}]}}