{"id":772986,"date":"2025-08-28T15:59:42","date_gmt":"2025-08-28T12:59:42","guid":{"rendered":"https:\/\/roveyayinevi.com.tr\/index.php\/urun\/siber-istihbarat-savaslari-dijital-silahlanma-caginda-casusluk-operasyonlari\/"},"modified":"2026-04-15T03:39:18","modified_gmt":"2026-04-15T00:39:18","slug":"siber-istihbarat-savaslari-dijital-silahlanma-caginda-casusluk-operasyonlari","status":"publish","type":"product","link":"https:\/\/roveyayinevi.com.tr\/index.php\/urun\/siber-istihbarat-savaslari-dijital-silahlanma-caginda-casusluk-operasyonlari\/","title":{"rendered":"Siber \u0130stihbarat Sava\u015flar\u0131 Dijital Silahlanma \u00c7a\u011f\u0131nda Casusluk Operasyonlar\u0131"},"content":{"rendered":"<p>KODLAR, MODERN \u00c7A\u011eIN MERM\u0130LER\u0130D\u0130R.   Sava\u015flar art\u0131k \u00e7o\u011funlukla ekranlarda ba\u015fl\u0131yor ve bu cephede hi\u00e7 silah sesi duyulmuyor. Tanklar\u0131n ve casuslar\u0131n yerini giderek algoritmalar ve sat\u0131r aralar\u0131na gizlenmi\u015f kodlar al\u0131yor. Devletler \u00e7o\u011fu zaman konvansiyonel cephelerde de\u011fil; veri merkezlerinde, sunucu odalar\u0131nda ve dijital altyap\u0131larda \u00e7arp\u0131\u015f\u0131yor.   Ersin \u00c7ahmuto\u011flu, siber casuslu\u011fun en \u00e7arp\u0131c\u0131 operasyonlar\u0131n\u0131, perde arkas\u0131ndaki devletleri ve teknolojik silahlar\u0131 de\u015fifre ediyor. Dijital istihbarat\u0131n nas\u0131l bir k\u00fcresel oyuna d\u00f6n\u00fc\u015ft\u00fc\u011f\u00fcn\u00fc, istihbarat servislerinin ve teknoloji \u015firketlerinin i\u015fbirli\u011fiyle \u00f6r\u00fclen gizli a\u011f\u0131 g\u00f6zler \u00f6n\u00fcne seriyor.   Bu kitap, bug\u00fcn\u00fc anlamak i\u00e7in ge\u00e7mi\u015fe bak\u0131yor; yar\u0131n\u0131 in\u015fa etmek i\u00e7inse bilinmeyenle y\u00fczle\u015fmeye davet ediyor. \u00c7\u00fcnk\u00fc art\u0131k d\u00fc\u015fman g\u00f6r\u00fcnmez, sava\u015f alan\u0131 s\u0131n\u0131rs\u0131z ve bilgi en \u00f6l\u00fcmc\u00fcl silaht\u0131r.   Stuxnet\u2019ten SolarWinds\u2019e, Pegasus\u2019tan PROMIS skandal\u0131na&#8230; Bu kitap, devletlerin g\u00f6r\u00fcnmeyen sava\u015flar\u0131na a\u00e7\u0131lan karanl\u0131k bir penceredir. <\/p>\n","protected":false},"excerpt":{"rendered":"<p>KODLAR, MODERN \u00c7A\u011eIN MERM\u0130LER\u0130D\u0130R. Sava\u015flar art\u0131k \u00e7o\u011funlukla ekranlarda ba\u015fl\u0131yor ve bu cephede hi\u00e7 silah sesi duyulmuyor. Tanklar\u0131n ve casuslar\u0131n yerini giderek algoritmalar ve sat\u0131r aralar\u0131na gizlenmi\u015f<span class=\"excerpt-hellip\"> [\u2026]<\/span><\/p>\n","protected":false},"featured_media":0,"template":"","meta":{"_monsterinsights_skip_tracking":false,"_monsterinsights_sitenote_active":false,"_monsterinsights_sitenote_note":"","_monsterinsights_sitenote_category":0},"product_brand":[],"product_cat":[13590,12337],"product_tag":[],"class_list":{"0":"post-772986","1":"product","2":"type-product","3":"status-publish","5":"product_cat-arastirma-inceleme-politika-siyaset","6":"product_cat-politika-siyaset","7":"pa_cilt-ciltsiz","8":"pa_tur-kitap","9":"pa_yayinevi-destek-yayinlari","10":"pa_yazar-ersin-cahmutoglu","12":"first","13":"instock","14":"sale","15":"shipping-taxable","16":"purchasable","17":"product-type-simple"},"_links":{"self":[{"href":"https:\/\/roveyayinevi.com.tr\/index.php\/wp-json\/wp\/v2\/product\/772986","targetHints":{"allow":["GET"]}}],"collection":[{"href":"https:\/\/roveyayinevi.com.tr\/index.php\/wp-json\/wp\/v2\/product"}],"about":[{"href":"https:\/\/roveyayinevi.com.tr\/index.php\/wp-json\/wp\/v2\/types\/product"}],"wp:attachment":[{"href":"https:\/\/roveyayinevi.com.tr\/index.php\/wp-json\/wp\/v2\/media?parent=772986"}],"wp:term":[{"taxonomy":"product_brand","embeddable":true,"href":"https:\/\/roveyayinevi.com.tr\/index.php\/wp-json\/wp\/v2\/product_brand?post=772986"},{"taxonomy":"product_cat","embeddable":true,"href":"https:\/\/roveyayinevi.com.tr\/index.php\/wp-json\/wp\/v2\/product_cat?post=772986"},{"taxonomy":"product_tag","embeddable":true,"href":"https:\/\/roveyayinevi.com.tr\/index.php\/wp-json\/wp\/v2\/product_tag?post=772986"}],"curies":[{"name":"wp","href":"https:\/\/api.w.org\/{rel}","templated":true}]}}