{"id":772982,"date":"2025-08-28T15:59:36","date_gmt":"2025-08-28T12:59:36","guid":{"rendered":"https:\/\/roveyayinevi.com.tr\/index.php\/urun\/yaraticilik-3\/"},"modified":"2026-04-15T03:39:18","modified_gmt":"2026-04-15T00:39:18","slug":"yaraticilik-3","status":"publish","type":"product","link":"https:\/\/roveyayinevi.com.tr\/index.php\/urun\/yaraticilik-3\/","title":{"rendered":"Yarat\u0131c\u0131l\u0131k"},"content":{"rendered":"<p>Yaratma edimi, insan olman\u0131n belirleyici unsurlar\u0131ndan biri. Yarat\u0131c\u0131l\u0131\u011f\u0131 incelerken asl\u0131nda kendimizle ve i\u00e7inde ya\u015fad\u0131\u011f\u0131m\u0131z toplumlarla, hatta gelecekle ilgili pek \u00e7ok \u015feyi de ke\u015ffediyoruz. Gelece\u011fi bug\u00fcne yarat\u0131c\u0131l\u0131k sayesinde ta\u015f\u0131yoruz; \u00f6yle bir g\u00fc\u00e7 ki bu, beraberinde bolca ne\u015fe, heyecan ve g\u00fc\u00e7l\u00fc bir umut hissi ta\u015f\u0131d\u0131\u011f\u0131 gibi ciddi birtak\u0131m sorumluluklar da getiriyor. \u0130lk aletlerin icad\u0131ndan ma\u011fara resimlerine, g\u00fczel sanatlardan mucitlerin laboratuvarlar\u0131na ve g\u00fcn\u00fcm\u00fczdeki reklam kampanyalar\u0131na kadar yarat\u0131c\u0131l\u0131\u011f\u0131n uzun bir tarihi var. Bu kitap onun do\u011fas\u0131n\u0131, farkl\u0131 ve\u00e7helerini, s\u00fcre\u00e7lerini ve sonu\u00e7lar\u0131n\u0131 anlamak i\u00e7in yarat\u0131c\u0131l\u0131\u011f\u0131n tarihini, teorisini, prati\u011fini k\u00fclt\u00fcrel ba\u011flam i\u00e7erisine yerle\u015ftirerek, sosyok\u00fclt\u00fcrel ve psikolojik bir perspektiften incelemeye giri\u015fiyor. Yarat\u0131c\u0131 insanlar\u0131 ve yarat\u0131mlar\u0131n\u0131, onlar\u0131 m\u00fcmk\u00fcn k\u0131lan toplumsal, maddi ve tarihsel ba\u011flam i\u00e7inde nas\u0131l anlayabilece\u011fimizi tart\u0131\u015f\u0131yor. Bunu yaparken, yarat\u0131c\u0131l\u0131\u011f\u0131n anlam\u0131n\u0131 ve de\u011ferini nas\u0131l ele almam\u0131z gerekti\u011fine i\u015faret ediyor. Son olarak da yarat\u0131c\u0131l\u0131\u011f\u0131n ve yarat\u0131c\u0131l\u0131k ara\u015ft\u0131rmalar\u0131n\u0131n gelece\u011fine odaklan\u0131yor. Elinizdeki k\u0131lavuz kitap, salt yarat\u0131c\u0131l\u0131ktan ibaret olmayan bir yolculu\u011fun ba\u015flang\u0131c\u0131na i\u015faret ediyor. <\/p>\n","protected":false},"excerpt":{"rendered":"<p>Yaratma edimi, insan olman\u0131n belirleyici unsurlar\u0131ndan biri. Yarat\u0131c\u0131l\u0131\u011f\u0131 incelerken asl\u0131nda kendimizle ve i\u00e7inde ya\u015fad\u0131\u011f\u0131m\u0131z toplumlarla, hatta gelecekle ilgili pek \u00e7ok \u015feyi de ke\u015ffediyoruz. Gelece\u011fi bug\u00fcne yarat\u0131c\u0131l\u0131k<span class=\"excerpt-hellip\"> [\u2026]<\/span><\/p>\n","protected":false},"featured_media":0,"template":"","meta":{"_monsterinsights_skip_tracking":false,"_monsterinsights_sitenote_active":false,"_monsterinsights_sitenote_note":"","_monsterinsights_sitenote_category":0},"product_brand":[],"product_cat":[12408],"product_tag":[],"class_list":{"0":"post-772982","1":"product","2":"type-product","3":"status-publish","5":"product_cat-sanat","6":"pa_cilt-ciltsiz","7":"pa_tur-kitap","8":"pa_yayinevi-is-bankasi-kultur-yayinlari","9":"pa_yazar-vlad-glaveanu","11":"first","12":"instock","13":"sale","14":"shipping-taxable","15":"purchasable","16":"product-type-simple"},"_links":{"self":[{"href":"https:\/\/roveyayinevi.com.tr\/index.php\/wp-json\/wp\/v2\/product\/772982","targetHints":{"allow":["GET"]}}],"collection":[{"href":"https:\/\/roveyayinevi.com.tr\/index.php\/wp-json\/wp\/v2\/product"}],"about":[{"href":"https:\/\/roveyayinevi.com.tr\/index.php\/wp-json\/wp\/v2\/types\/product"}],"wp:attachment":[{"href":"https:\/\/roveyayinevi.com.tr\/index.php\/wp-json\/wp\/v2\/media?parent=772982"}],"wp:term":[{"taxonomy":"product_brand","embeddable":true,"href":"https:\/\/roveyayinevi.com.tr\/index.php\/wp-json\/wp\/v2\/product_brand?post=772982"},{"taxonomy":"product_cat","embeddable":true,"href":"https:\/\/roveyayinevi.com.tr\/index.php\/wp-json\/wp\/v2\/product_cat?post=772982"},{"taxonomy":"product_tag","embeddable":true,"href":"https:\/\/roveyayinevi.com.tr\/index.php\/wp-json\/wp\/v2\/product_tag?post=772982"}],"curies":[{"name":"wp","href":"https:\/\/api.w.org\/{rel}","templated":true}]}}