{"id":772975,"date":"2025-08-28T15:59:20","date_gmt":"2025-08-28T12:59:20","guid":{"rendered":"https:\/\/roveyayinevi.com.tr\/index.php\/urun\/neden-kendimizi-gidiklayamayiz\/"},"modified":"2026-04-15T03:39:18","modified_gmt":"2026-04-15T00:39:18","slug":"neden-kendimizi-gidiklayamayiz","status":"publish","type":"product","link":"https:\/\/roveyayinevi.com.tr\/index.php\/urun\/neden-kendimizi-gidiklayamayiz\/","title":{"rendered":"Neden Kendimizi G\u0131d\u0131klayamay\u0131z?"},"content":{"rendered":"<p>Psikoloji ve n\u00f6robilim kav\u015fa\u011f\u0131nda, bilimsel merak\u0131n kap\u0131lar\u0131n\u0131 aralayan e\u011flenceli bir ba\u015fvuru kitab\u0131!  Psikoloji ve n\u00f6robilim gibi disiplinleri ilk kez ke\u015ffetmeye haz\u0131rlanan okurlar i\u00e7in haz\u0131rlanm\u0131\u015f  Neden Kendimizi G\u0131d\u0131klayamay\u0131z? B\u00fcy\u00fck Beyin Kitab\u0131, insan beyni ve davran\u0131\u015flar\u0131 hakk\u0131nda merak edilen sorulara e\u011flenceli ve bilimsel yan\u0131tlar veren e\u011fitici bir  ba\u015fvuru kayna\u011f\u0131 olma \u00f6zelli\u011fi ta\u015f\u0131yor. Amerikan Psikoloji Derne\u011fi onayl\u0131 bu kitap, psikoloji ve n\u00f6robilim gibi karma\u015f\u0131k g\u00f6r\u00fcnen alanlar\u0131; canl\u0131 ill\u00fcstrasyonlar, \u015fa\u015f\u0131rt\u0131c\u0131 pratik bilgiler ve uygulamal\u0131 etkinliklerle birle\u015ftirerek, bilim severlerin kitapl\u0131klar\u0131ndaki yerini almaya haz\u0131rlan\u0131yor. B\u00f6l\u00fcm isimleri \u00e7ocuklar\u0131n s\u0131k\u00e7a sordu\u011fu \u201cBisiklet S\u00fcrmeyi \u00d6\u011frenirken Neden Bu Kadar Zorlan\u0131r\u0131z? Dondurma Yerken Ba\u015f\u0131m\u0131za Neden A\u011fr\u0131 Girer? Neden Kendimizi G\u0131d\u0131klayamay\u0131z? Korktu\u011fumda Kalbim Neden Bu Kadar H\u0131zl\u0131 \u00c7arp\u0131yor? B\u00fcy\u00fckannem Neden Su\u0308rekli Bir \u015eeyleri Unutuyor? Spor Yaparken Neden Kask Takmak Zorunday\u0131m?\u201d   gibi sorulardan olu\u015fuyor ve ya\u015famla do\u011frudan ili\u015fkilendirilen \u00f6rnekler \u00fczerinden de \u00f6nemli bilgiler yal\u0131n bir dille okuyuculara sunuluyor.  Kitap boyunca yer alan \u201cBeyninizi Tan\u0131y\u0131n\u201d kutucuklar\u0131, b\u00f6l\u00fcm konular\u0131na e\u015flik eden e\u011flenceli bilgilerle \u00e7ocuklar\u0131 \u015fa\u015f\u0131rt\u0131rken d\u00fc\u015f\u00fcnd\u00fcr\u00fcyor; kalbin neden h\u0131zla \u00e7arpt\u0131\u011f\u0131 ya da neden uyumaya ihtiya\u00e7 duydu\u011fumuz gibi g\u00fcndelik deneyimlere bilimsel bir g\u00f6zle bakmay\u0131 sa\u011fl\u0131yor. \u201cDr. Beyin ile Tan\u0131\u015fal\u0131m\u201d ba\u015fl\u0131kl\u0131 b\u00f6l\u00fcmlerde ise \u00e7ocuklar farkl\u0131 alanlarda \u00e7al\u0131\u015fan ger\u00e7ek bilim insanlar\u0131n\u0131 tan\u0131ma f\u0131rsat\u0131 buluyor; bu sayede beyin ara\u015ft\u0131rmalar\u0131n\u0131n ard\u0131ndaki ki\u015fileri, onlar\u0131n meraklar\u0131n\u0131 ve ke\u015fiflerini yak\u0131ndan \u00f6\u011frenebiliyorlar. Her b\u00f6l\u00fcm sonunda ise, \u00e7ocuklar\u0131n evde rahatl\u0131kla uygulayabilecekleri basit ama etkileyici deneyler yer al\u0131yor. Oyun hamuruyla beyin modeli yapmaktan, pipetlerle n\u00f6ron olu\u015fturmaya kadar pek \u00e7ok farkl\u0131 deney sayesinde gen\u00e7 okuyucular, bilim insan\u0131 gibi d\u00fc\u015f\u00fcnmeyi te\u015fvik ediliyor. Her deney i\u00e7in bir &#8220;Beyin G\u00fcnl\u00fc\u011f\u00fc&#8221; tutulmas\u0131 \u00f6neriliyor. Okuyucular bu g\u00fcnl\u00fc\u011fe g\u00f6zlemlerini ve ak\u0131llar\u0131na tak\u0131lan sorular\u0131 kaydederek, bilimsel s\u00fcre\u00e7leri aktif olarak deneyimliyorlar.  Leanne Boucher Gill\u2019in sade, esprili ve do\u011frudan anlat\u0131m\u0131, Neden Kendimizi G\u0131d\u0131klayamay\u0131z? B\u00fcy\u00fck Beyin Kitab\u0131\u2019n\u0131 hem e\u011flenceli hem de \u00f6\u011fretici k\u0131l\u0131yor. G\u00f6rsel i\u00e7erikler ise bilimsel kavramlar\u0131n anla\u015f\u0131lmas\u0131n\u0131 kolayla\u015ft\u0131r\u0131rken, \u00e7ocuklar\u0131n dikkatini kitap boyunca canl\u0131 tutuyor. B\u00f6ylelikle, klasik bir bilim kitab\u0131 olman\u0131n \u00f6tesine ge\u00e7erek d\u00fc\u015f\u00fcnmeyi, ara\u015ft\u0131rmay\u0131 ve kendini tan\u0131may\u0131 te\u015fvik eden zamans\u0131z bir ba\u015fvuru kayna\u011f\u0131na d\u00f6n\u00fc\u015f\u00fcyor.  \u201cKarma\u015f\u0131k ve hayranl\u0131k uyand\u0131ran do\u011fal bir bilgisayara benzeyen bu kitap; hem e\u011flenceli hem de \u015fa\u015f\u0131rt\u0131c\u0131 derecede bilgilendirici.\u201d   Kirkus Review  \u00d6d\u00fcller: 2022 Kids\u2019 Book Choice Awards, En \u0130yi Bilgi- Grafik Uyumu kategorisi kazanan\u0131.     Temalar: Beyin, insan davran\u0131\u015f\u0131, psikoloji, n\u00f6robilim, g\u00fcnl\u00fck ya\u015fam\u0131n n\u00f6ropsikolojisi, sa\u011fl\u0131kla ili\u015fkili konular.  <\/p>\n","protected":false},"excerpt":{"rendered":"<p>Psikoloji ve n\u00f6robilim kav\u015fa\u011f\u0131nda, bilimsel merak\u0131n kap\u0131lar\u0131n\u0131 aralayan e\u011flenceli bir ba\u015fvuru kitab\u0131! Psikoloji ve n\u00f6robilim gibi disiplinleri ilk kez ke\u015ffetmeye haz\u0131rlanan okurlar i\u00e7in haz\u0131rlanm\u0131\u015f Neden Kendimizi<span class=\"excerpt-hellip\"> [\u2026]<\/span><\/p>\n","protected":false},"featured_media":0,"template":"","meta":{"_monsterinsights_skip_tracking":false,"_monsterinsights_sitenote_active":false,"_monsterinsights_sitenote_note":"","_monsterinsights_sitenote_category":0},"product_brand":[],"product_cat":[13829,12274],"product_tag":[],"class_list":{"0":"post-772975","1":"product","2":"type-product","3":"status-publish","5":"product_cat-bilimsel-kitaplar","6":"product_cat-cocuk-ve-genclik-kitaplari","7":"pa_cilt-ciltsiz","8":"pa_tur-kitap","9":"pa_yayinevi-okuyan-us-yayin","10":"pa_yazar-leanne-boucher-gill","12":"first","13":"instock","14":"sale","15":"shipping-taxable","16":"purchasable","17":"product-type-simple"},"_links":{"self":[{"href":"https:\/\/roveyayinevi.com.tr\/index.php\/wp-json\/wp\/v2\/product\/772975","targetHints":{"allow":["GET"]}}],"collection":[{"href":"https:\/\/roveyayinevi.com.tr\/index.php\/wp-json\/wp\/v2\/product"}],"about":[{"href":"https:\/\/roveyayinevi.com.tr\/index.php\/wp-json\/wp\/v2\/types\/product"}],"wp:attachment":[{"href":"https:\/\/roveyayinevi.com.tr\/index.php\/wp-json\/wp\/v2\/media?parent=772975"}],"wp:term":[{"taxonomy":"product_brand","embeddable":true,"href":"https:\/\/roveyayinevi.com.tr\/index.php\/wp-json\/wp\/v2\/product_brand?post=772975"},{"taxonomy":"product_cat","embeddable":true,"href":"https:\/\/roveyayinevi.com.tr\/index.php\/wp-json\/wp\/v2\/product_cat?post=772975"},{"taxonomy":"product_tag","embeddable":true,"href":"https:\/\/roveyayinevi.com.tr\/index.php\/wp-json\/wp\/v2\/product_tag?post=772975"}],"curies":[{"name":"wp","href":"https:\/\/api.w.org\/{rel}","templated":true}]}}