{"id":772974,"date":"2025-08-28T15:59:18","date_gmt":"2025-08-28T12:59:18","guid":{"rendered":"https:\/\/roveyayinevi.com.tr\/index.php\/urun\/kirim-savasi-ve-gundelik-yasam\/"},"modified":"2026-04-15T03:39:18","modified_gmt":"2026-04-15T00:39:18","slug":"kirim-savasi-ve-gundelik-yasam","status":"publish","type":"product","link":"https:\/\/roveyayinevi.com.tr\/index.php\/urun\/kirim-savasi-ve-gundelik-yasam\/","title":{"rendered":"K\u0131r\u0131m Sava\u015f\u0131 ve G\u00fcndelik Ya\u015fam"},"content":{"rendered":"<p>Emma Goldman \u201cDans edemedi\u011fim devrim benim de\u011fildir\u201d derken, Nam\u0131k Kemal\u2019den Yakup Kadri\u2019ye Osmanl\u0131 fikir \u00f6nderleri, kurtulu\u015fun ancak \u201cdans olmadan\u201d m\u00fcmk\u00fcn oldu\u011funun kavgas\u0131n\u0131 veriyorlard\u0131. Ama K\u0131r\u0131m Sava\u015f\u0131\u2019n\u0131n zorunluluklar\u0131yla \u00fclkeye gelen telgraf, tren, foto\u011fraf vb. yenilikler g\u00fcndelik ya\u015fam\u0131n dinamiklerini de\u011fi\u015ftirmeye ba\u015flam\u0131\u015ft\u0131 bile. Pa\u015falar baloda, masada, kafede zorlan\u0131rken, bunlar\u0131n telgraf, tren hatta komisyon, r\u00fc\u015fvet gibi zaman\u0131n gere\u011fi oldu\u011funu anlam\u0131\u015flard\u0131. Fakat gene de Osmanl\u0131 kalarak devam etmenin \u00e7aresizli\u011fi i\u00e7indeydiler \u00e7\u00fcnk\u00fc Osmanl\u0131 giderse pa\u015fal\u0131k bitebilirdi\u2026   Bu \u00e7al\u0131\u015fma, etki ve sonu\u00e7lar\u0131yla K\u0131r\u0131m Sava\u015f\u0131\u2019n\u0131, modernizmin g\u00fcndelik ya\u015famla birlikte zihin d\u00fcnyas\u0131n\u0131 de\u011fi\u015ftirmeye ba\u015flamas\u0131n\u0131n d\u00f6n\u00fcm noktalar\u0131ndan biri olarak ele al\u0131rken, bu de\u011fi\u015fimin o zaman ve \u015fimdi Osmanl\u0131 tarihyaz\u0131m\u0131nda nas\u0131l yorumland\u0131\u011f\u0131n\u0131 da ele\u015ftiriyor\u2026   Modernizm, siyasilerin ve akademisyenlerin yorum d\u00fcnyas\u0131yla de\u011fil, \u201cKatip benim ben katibin, el ne kar\u0131\u015f\u0131r\u201d t\u00fcrk\u00fcs\u00fcyle ba\u015fl\u0131yor ve dans gibi bask\u0131lanmak isteniyor\u2026  <\/p>\n","protected":false},"excerpt":{"rendered":"<p>Emma Goldman \u201cDans edemedi\u011fim devrim benim de\u011fildir\u201d derken, Nam\u0131k Kemal\u2019den Yakup Kadri\u2019ye Osmanl\u0131 fikir \u00f6nderleri, kurtulu\u015fun ancak \u201cdans olmadan\u201d m\u00fcmk\u00fcn oldu\u011funun kavgas\u0131n\u0131 veriyorlard\u0131. Ama K\u0131r\u0131m Sava\u015f\u0131\u2019n\u0131n<span class=\"excerpt-hellip\"> [\u2026]<\/span><\/p>\n","protected":false},"featured_media":0,"template":"","meta":{"_monsterinsights_skip_tracking":false,"_monsterinsights_sitenote_active":false,"_monsterinsights_sitenote_note":"","_monsterinsights_sitenote_category":0},"product_brand":[],"product_cat":[12304],"product_tag":[],"class_list":{"0":"post-772974","1":"product","2":"type-product","3":"status-publish","5":"product_cat-tarih","6":"pa_cilt-ciltsiz","7":"pa_tur-kitap","8":"pa_yayinevi-islik-yayinlari","9":"pa_yazar-kudret-emiroglu","11":"first","12":"instock","13":"sale","14":"shipping-taxable","15":"purchasable","16":"product-type-simple"},"_links":{"self":[{"href":"https:\/\/roveyayinevi.com.tr\/index.php\/wp-json\/wp\/v2\/product\/772974","targetHints":{"allow":["GET"]}}],"collection":[{"href":"https:\/\/roveyayinevi.com.tr\/index.php\/wp-json\/wp\/v2\/product"}],"about":[{"href":"https:\/\/roveyayinevi.com.tr\/index.php\/wp-json\/wp\/v2\/types\/product"}],"wp:attachment":[{"href":"https:\/\/roveyayinevi.com.tr\/index.php\/wp-json\/wp\/v2\/media?parent=772974"}],"wp:term":[{"taxonomy":"product_brand","embeddable":true,"href":"https:\/\/roveyayinevi.com.tr\/index.php\/wp-json\/wp\/v2\/product_brand?post=772974"},{"taxonomy":"product_cat","embeddable":true,"href":"https:\/\/roveyayinevi.com.tr\/index.php\/wp-json\/wp\/v2\/product_cat?post=772974"},{"taxonomy":"product_tag","embeddable":true,"href":"https:\/\/roveyayinevi.com.tr\/index.php\/wp-json\/wp\/v2\/product_tag?post=772974"}],"curies":[{"name":"wp","href":"https:\/\/api.w.org\/{rel}","templated":true}]}}