{"id":772973,"date":"2025-08-28T15:59:16","date_gmt":"2025-08-28T12:59:16","guid":{"rendered":"https:\/\/roveyayinevi.com.tr\/index.php\/urun\/hatalar-serisi-3-kitaplik-kutulu-set\/"},"modified":"2026-04-15T03:39:17","modified_gmt":"2026-04-15T00:39:17","slug":"hatalar-serisi-3-kitaplik-kutulu-set","status":"publish","type":"product","link":"https:\/\/roveyayinevi.com.tr\/index.php\/urun\/hatalar-serisi-3-kitaplik-kutulu-set\/","title":{"rendered":"Hatalar Serisi \u2013 3 Kitapl\u0131k Kutulu Set"},"content":{"rendered":"<p>A\u015fk\u0131n, Hatalar\u0131n ve Tutkunun Hikayesi: Mercedes Ron\u2019un T\u00fcm Serisiyle Kalpleri Fetheden &#8220;Culpa&#8221; \u00dc\u00e7lemesiMercedes Ron, d\u00fcnya \u00e7ap\u0131nda milyonlarca okurun kalbine dokunan \u201cCulpa\u201d \u00fc\u00e7lemesiyle kar\u015f\u0131n\u0131zda. A\u015fk, \u00f6fke, s\u0131rlar ve affetmenin i\u00e7 i\u00e7e ge\u00e7ti\u011fi bu seride Ron, g\u00fc\u00e7l\u00fc anlat\u0131m\u0131 ve duygusal derinli\u011fiyle gen\u00e7lik edebiyat\u0131nda yeni bir \u00e7\u0131\u011f\u0131r a\u00e7\u0131yor. &#8220;Culpa&#8221; serisi sadece bir a\u015fk hikayesi de\u011fil; ayn\u0131 zamanda b\u00fcy\u00fcmek, kabullenmek ve hatalarla y\u00fczle\u015fmek \u00fczerine unutulmaz bir yolculuk.      Set \u0130\u00e7indeki Kitaplar:\u2022    Benim Hatam\u2022    Senin Hatan\u2022    Bizim Hatam\u0131z<\/p>\n","protected":false},"excerpt":{"rendered":"<p>A\u015fk\u0131n, Hatalar\u0131n ve Tutkunun Hikayesi: Mercedes Ron\u2019un T\u00fcm Serisiyle Kalpleri Fetheden &#8220;Culpa&#8221; \u00dc\u00e7lemesiMercedes Ron, d\u00fcnya \u00e7ap\u0131nda milyonlarca okurun kalbine dokunan \u201cCulpa\u201d \u00fc\u00e7lemesiyle kar\u015f\u0131n\u0131zda. A\u015fk, \u00f6fke, s\u0131rlar<span class=\"excerpt-hellip\"> [\u2026]<\/span><\/p>\n","protected":false},"featured_media":0,"template":"","meta":{"_monsterinsights_skip_tracking":false,"_monsterinsights_sitenote_active":false,"_monsterinsights_sitenote_note":"","_monsterinsights_sitenote_category":0},"product_brand":[],"product_cat":[12291,12711],"product_tag":[],"class_list":{"0":"post-772973","1":"product","2":"type-product","3":"status-publish","5":"product_cat-edebiyat","6":"product_cat-roman-oyku","7":"pa_cilt-ciltsiz","8":"pa_tur-kitap","9":"pa_yayinevi-epsilon-yayinlari","10":"pa_yazar-mercedes-ron","12":"first","13":"instock","14":"sale","15":"shipping-taxable","16":"purchasable","17":"product-type-simple"},"_links":{"self":[{"href":"https:\/\/roveyayinevi.com.tr\/index.php\/wp-json\/wp\/v2\/product\/772973","targetHints":{"allow":["GET"]}}],"collection":[{"href":"https:\/\/roveyayinevi.com.tr\/index.php\/wp-json\/wp\/v2\/product"}],"about":[{"href":"https:\/\/roveyayinevi.com.tr\/index.php\/wp-json\/wp\/v2\/types\/product"}],"wp:attachment":[{"href":"https:\/\/roveyayinevi.com.tr\/index.php\/wp-json\/wp\/v2\/media?parent=772973"}],"wp:term":[{"taxonomy":"product_brand","embeddable":true,"href":"https:\/\/roveyayinevi.com.tr\/index.php\/wp-json\/wp\/v2\/product_brand?post=772973"},{"taxonomy":"product_cat","embeddable":true,"href":"https:\/\/roveyayinevi.com.tr\/index.php\/wp-json\/wp\/v2\/product_cat?post=772973"},{"taxonomy":"product_tag","embeddable":true,"href":"https:\/\/roveyayinevi.com.tr\/index.php\/wp-json\/wp\/v2\/product_tag?post=772973"}],"curies":[{"name":"wp","href":"https:\/\/api.w.org\/{rel}","templated":true}]}}