{"id":772971,"date":"2025-08-28T15:59:12","date_gmt":"2025-08-28T12:59:12","guid":{"rendered":"https:\/\/roveyayinevi.com.tr\/index.php\/urun\/fil-necati-8-kim-necati\/"},"modified":"2026-04-15T03:39:17","modified_gmt":"2026-04-15T00:39:17","slug":"fil-necati-8-kim-necati","status":"publish","type":"product","link":"https:\/\/roveyayinevi.com.tr\/index.php\/urun\/fil-necati-8-kim-necati\/","title":{"rendered":"Fil Necati 8 &#8211; Kim Necati ?"},"content":{"rendered":"<p>\u201cMerhaba, ben&#8230; \u015eey&#8230; Galiba ben Fil Necati\u2019yim&#8230; Ya da Hayati? Yok yok, Lahmacun Necati de olabilir!?\u201d Ad\u0131n\u0131, ge\u00e7mi\u015fini, hatta rengini bile kaybeden bir fil d\u00fc\u015f\u00fcn\u00fcn. Kimliksiz kal\u0131nca kendini Kimsiniz Kurumu\u2019nun \u00fc\u00e7\u00fcnc\u00fc kat\u0131nda buldu. Mor mu, eflatun mu? Fil mi, penguen mi? Kaday\u0131f ustas\u0131 m\u0131, uzay yolcusu mu? Yeni bir kimlik mi, yoksa ger\u00e7ek ge\u00e7mi\u015fini mi aramal\u0131yd\u0131? Kundak Bebe\u2019nin rehberli\u011finde, kendilik, hakikat ve hayal g\u00fcc\u00fcyle bezeli \u00e7\u0131lg\u0131n bir ser\u00fcvene ad\u0131m att\u0131. Her cevap, daha \u00e7ok soru do\u011furdu. Bazen en g\u00fczel macera, \u201cBen kimim?\u201d sorusuyla ba\u015flar. <\/p>\n","protected":false},"excerpt":{"rendered":"<p>\u201cMerhaba, ben&#8230; \u015eey&#8230; Galiba ben Fil Necati\u2019yim&#8230; Ya da Hayati? Yok yok, Lahmacun Necati de olabilir!?\u201d Ad\u0131n\u0131, ge\u00e7mi\u015fini, hatta rengini bile kaybeden bir fil d\u00fc\u015f\u00fcn\u00fcn. Kimliksiz<span class=\"excerpt-hellip\"> [\u2026]<\/span><\/p>\n","protected":false},"featured_media":0,"template":"","meta":{"_monsterinsights_skip_tracking":false,"_monsterinsights_sitenote_active":false,"_monsterinsights_sitenote_note":"","_monsterinsights_sitenote_category":0},"product_brand":[],"product_cat":[12274,12284],"product_tag":[],"class_list":{"0":"post-772971","1":"product","2":"type-product","3":"status-publish","5":"product_cat-cocuk-ve-genclik-kitaplari","6":"product_cat-hikayeler","7":"pa_cilt-ciltsiz","8":"pa_tur-kitap","9":"pa_yayinevi-eksik-parca-yayinlari","10":"pa_yazar-varol-yasaroglu","12":"first","13":"instock","14":"sale","15":"shipping-taxable","16":"purchasable","17":"product-type-simple"},"_links":{"self":[{"href":"https:\/\/roveyayinevi.com.tr\/index.php\/wp-json\/wp\/v2\/product\/772971","targetHints":{"allow":["GET"]}}],"collection":[{"href":"https:\/\/roveyayinevi.com.tr\/index.php\/wp-json\/wp\/v2\/product"}],"about":[{"href":"https:\/\/roveyayinevi.com.tr\/index.php\/wp-json\/wp\/v2\/types\/product"}],"wp:attachment":[{"href":"https:\/\/roveyayinevi.com.tr\/index.php\/wp-json\/wp\/v2\/media?parent=772971"}],"wp:term":[{"taxonomy":"product_brand","embeddable":true,"href":"https:\/\/roveyayinevi.com.tr\/index.php\/wp-json\/wp\/v2\/product_brand?post=772971"},{"taxonomy":"product_cat","embeddable":true,"href":"https:\/\/roveyayinevi.com.tr\/index.php\/wp-json\/wp\/v2\/product_cat?post=772971"},{"taxonomy":"product_tag","embeddable":true,"href":"https:\/\/roveyayinevi.com.tr\/index.php\/wp-json\/wp\/v2\/product_tag?post=772971"}],"curies":[{"name":"wp","href":"https:\/\/api.w.org\/{rel}","templated":true}]}}