{"id":772969,"date":"2025-08-28T15:59:08","date_gmt":"2025-08-28T12:59:08","guid":{"rendered":"https:\/\/roveyayinevi.com.tr\/index.php\/urun\/dunyanin-en-tombul-kedisi-nazim\/"},"modified":"2026-04-15T03:39:17","modified_gmt":"2026-04-15T00:39:17","slug":"dunyanin-en-tombul-kedisi-nazim","status":"publish","type":"product","link":"https:\/\/roveyayinevi.com.tr\/index.php\/urun\/dunyanin-en-tombul-kedisi-nazim\/","title":{"rendered":"D\u00fcnyan\u0131n En Tombul Kedisi Naz\u0131m"},"content":{"rendered":"<p>D\u00fcnyan\u0131n en tombul kedisiyle tan\u0131\u015fmaya haz\u0131r m\u0131s\u0131n\u0131z? Naz\u0131m, sadece bir kedi de\u011fil; oyun arkada\u015f\u0131, s\u0131rda\u015f, s\u0131\u011f\u0131n\u0131lacak bir deniz kabu\u011fu\u2026 Bu sevimli hik\u00e2ye, bir \u00e7ocu\u011fun g\u00f6z\u00fcnden sevginin, g\u00fcvenin ve birlikte ge\u00e7irilen anlar\u0131n ne kadar k\u0131ymetli oldu\u011funu anlat\u0131yor. Ne\u015feli \u00e7izimleri ve yumu\u015fac\u0131k diliyle Naz\u0131m, okurlar\u0131n\u0131 hem g\u00fcl\u00fcmsetecek hem de kalplerine dokunacak. Her \u00e7ocu\u011fun kalbinde bir Naz\u0131m\u2019a yer var. <\/p>\n","protected":false},"excerpt":{"rendered":"<p>D\u00fcnyan\u0131n en tombul kedisiyle tan\u0131\u015fmaya haz\u0131r m\u0131s\u0131n\u0131z? Naz\u0131m, sadece bir kedi de\u011fil; oyun arkada\u015f\u0131, s\u0131rda\u015f, s\u0131\u011f\u0131n\u0131lacak bir deniz kabu\u011fu\u2026 Bu sevimli hik\u00e2ye, bir \u00e7ocu\u011fun g\u00f6z\u00fcnden sevginin,<span class=\"excerpt-hellip\"> [\u2026]<\/span><\/p>\n","protected":false},"featured_media":0,"template":"","meta":{"_monsterinsights_skip_tracking":false,"_monsterinsights_sitenote_active":false,"_monsterinsights_sitenote_note":"","_monsterinsights_sitenote_category":0},"product_brand":[],"product_cat":[12274,12284],"product_tag":[],"class_list":{"0":"post-772969","1":"product","2":"type-product","3":"status-publish","5":"product_cat-cocuk-ve-genclik-kitaplari","6":"product_cat-hikayeler","7":"pa_cilt-ciltsiz","8":"pa_tur-kitap","9":"pa_yayinevi-eksik-parca-yayinlari","10":"pa_yazar-gizem-akdogan","12":"first","13":"instock","14":"sale","15":"shipping-taxable","16":"purchasable","17":"product-type-simple"},"_links":{"self":[{"href":"https:\/\/roveyayinevi.com.tr\/index.php\/wp-json\/wp\/v2\/product\/772969","targetHints":{"allow":["GET"]}}],"collection":[{"href":"https:\/\/roveyayinevi.com.tr\/index.php\/wp-json\/wp\/v2\/product"}],"about":[{"href":"https:\/\/roveyayinevi.com.tr\/index.php\/wp-json\/wp\/v2\/types\/product"}],"wp:attachment":[{"href":"https:\/\/roveyayinevi.com.tr\/index.php\/wp-json\/wp\/v2\/media?parent=772969"}],"wp:term":[{"taxonomy":"product_brand","embeddable":true,"href":"https:\/\/roveyayinevi.com.tr\/index.php\/wp-json\/wp\/v2\/product_brand?post=772969"},{"taxonomy":"product_cat","embeddable":true,"href":"https:\/\/roveyayinevi.com.tr\/index.php\/wp-json\/wp\/v2\/product_cat?post=772969"},{"taxonomy":"product_tag","embeddable":true,"href":"https:\/\/roveyayinevi.com.tr\/index.php\/wp-json\/wp\/v2\/product_tag?post=772969"}],"curies":[{"name":"wp","href":"https:\/\/api.w.org\/{rel}","templated":true}]}}