{"id":772968,"date":"2025-08-28T15:59:05","date_gmt":"2025-08-28T12:59:05","guid":{"rendered":"https:\/\/roveyayinevi.com.tr\/index.php\/urun\/bloodborne-6-karanlik-diyar\/"},"modified":"2026-04-15T03:39:17","modified_gmt":"2026-04-15T00:39:17","slug":"bloodborne-6-karanlik-diyar","status":"publish","type":"product","link":"https:\/\/roveyayinevi.com.tr\/index.php\/urun\/bloodborne-6-karanlik-diyar\/","title":{"rendered":"Bloodborne &#8211; 6 Karanl\u0131k Diyar"},"content":{"rendered":"<p>Karanl\u0131k diyara girmeye cesaretin var m\u0131?.. Salg\u0131n\u0131n pen\u00e7esindeki Yharnam kentinde, avc\u0131lar Gretchen ve Abraham kay\u0131p \u00e7\u0131raklar\u0131n\u0131 ar\u0131yor. Kanl\u0131 ay\u0131n alt\u0131nda, yarat\u0131klar lanetli sokaklar\u0131 ar\u015f\u0131nl\u0131yor ve her k\u00f6\u015fe ba\u015f\u0131nda yeni bir tehlike bekliyor. \u0130kili, Lucien\u2019i habis ve kadim korkularla dolu zindanlar\u0131n derinliklerinde bulmaya \u00e7al\u0131\u015fmal\u0131. Peki onu ger\u00e7ekten bulabilecekler mi? Ve bu aray\u0131\u015f nelere mal olacak? Ele\u015ftirmenlerden tam not alan Bloodborne oyununun d\u00fcnyas\u0131na dayanan bu \u00e7izgi romanda, \u00f6d\u00fcll\u00fc korku yazar\u0131 Cullen Bunn (\u00d6r\u00fcmcek Adam, Harrow County) ve sevilen \u00e7izer Piotr Kowalski (Kara Kule) av gecesine geri d\u00f6n\u00fcyor.   \u201cOyunu oynam\u0131\u015f ya da oynamam\u0131\u015f olun, bu ka\u00e7\u0131r\u0131lmayacak bir k\u00e2bus!\u201d \u2013 IO9.COM \u201cSanat ve edebiyat, ger\u00e7ekten karanl\u0131k bir deneyim ya\u015fatmak i\u00e7in bir araya gelmi\u015f.\u201d \u2013 For the Love of Indie <\/p>\n","protected":false},"excerpt":{"rendered":"<p>Karanl\u0131k diyara girmeye cesaretin var m\u0131?.. Salg\u0131n\u0131n pen\u00e7esindeki Yharnam kentinde, avc\u0131lar Gretchen ve Abraham kay\u0131p \u00e7\u0131raklar\u0131n\u0131 ar\u0131yor. Kanl\u0131 ay\u0131n alt\u0131nda, yarat\u0131klar lanetli sokaklar\u0131 ar\u015f\u0131nl\u0131yor ve her<span class=\"excerpt-hellip\"> [\u2026]<\/span><\/p>\n","protected":false},"featured_media":0,"template":"","meta":{"_monsterinsights_skip_tracking":false,"_monsterinsights_sitenote_active":false,"_monsterinsights_sitenote_note":"","_monsterinsights_sitenote_category":0},"product_brand":[],"product_cat":[12416,12291],"product_tag":[],"class_list":{"0":"post-772968","1":"product","2":"type-product","3":"status-publish","5":"product_cat-cizgi-roman","6":"product_cat-edebiyat","7":"pa_cilt-ciltsiz","8":"pa_tur-kitap","9":"pa_yayinevi-eksik-parca-yayinlari","10":"pa_yazar-cullen-bunn","12":"first","13":"instock","14":"sale","15":"shipping-taxable","16":"purchasable","17":"product-type-simple"},"_links":{"self":[{"href":"https:\/\/roveyayinevi.com.tr\/index.php\/wp-json\/wp\/v2\/product\/772968","targetHints":{"allow":["GET"]}}],"collection":[{"href":"https:\/\/roveyayinevi.com.tr\/index.php\/wp-json\/wp\/v2\/product"}],"about":[{"href":"https:\/\/roveyayinevi.com.tr\/index.php\/wp-json\/wp\/v2\/types\/product"}],"wp:attachment":[{"href":"https:\/\/roveyayinevi.com.tr\/index.php\/wp-json\/wp\/v2\/media?parent=772968"}],"wp:term":[{"taxonomy":"product_brand","embeddable":true,"href":"https:\/\/roveyayinevi.com.tr\/index.php\/wp-json\/wp\/v2\/product_brand?post=772968"},{"taxonomy":"product_cat","embeddable":true,"href":"https:\/\/roveyayinevi.com.tr\/index.php\/wp-json\/wp\/v2\/product_cat?post=772968"},{"taxonomy":"product_tag","embeddable":true,"href":"https:\/\/roveyayinevi.com.tr\/index.php\/wp-json\/wp\/v2\/product_tag?post=772968"}],"curies":[{"name":"wp","href":"https:\/\/api.w.org\/{rel}","templated":true}]}}