{"id":772962,"date":"2025-08-28T15:58:53","date_gmt":"2025-08-28T12:58:53","guid":{"rendered":"https:\/\/roveyayinevi.com.tr\/index.php\/urun\/felaket-henry-ve-gizli-kulup\/"},"modified":"2026-04-15T03:39:17","modified_gmt":"2026-04-15T00:39:17","slug":"felaket-henry-ve-gizli-kulup","status":"publish","type":"product","link":"https:\/\/roveyayinevi.com.tr\/index.php\/urun\/felaket-henry-ve-gizli-kulup\/","title":{"rendered":"Felaket Henry ve Gizli Kul\u00fcp"},"content":{"rendered":"<p>Peki ya ben FELAKETolsayd\u0131m, diye d\u00fc\u015f\u00fcnd\u00fcM\u00fckemmel Peter. Neolurdu merak ediyorum.Felaket Henry\u2019nin s\u0131rlar\u0131 a\u00e7\u0131\u011fa \u00e7\u0131k\u0131yor! Peki, en b\u00fcy\u00fckyaramazl\u0131klar\u0131n\u0131, d\u00e2hiyane planlar\u0131n\u0131 ve karde\u015fi M\u00fckemmelPeter\u2019\u0131 nas\u0131l alt etti\u011fini \u00f6\u011frenmeye haz\u0131r m\u0131s\u0131n? Bu kitaptaHenry\u2019nin en gizli planlar\u0131n\u0131, muzip oyunlar\u0131n\u0131 ve ak\u0131l almazmaceralar\u0131n\u0131 ke\u015ffedeceksin. \u00c7\u00fcnk\u00fc o kimsenin cesaretedemedi\u011fi \u015feyleri yapmaya bay\u0131l\u0131yor! Belki de i\u00e7indeki k\u00fc\u00e7\u00fckyaramaz\u0131 ke\u015ffetmenin zaman\u0131 gelmi\u015ftir.\u00c7ocuk edebiyat\u0131n\u0131n klasiklerinden Felaket Henry kahkahagarantili, e\u011flence dolu ikinci kitab\u0131yla kar\u015f\u0131n\u0131zda. Ama dikkatliolun! Henry\u2019nin s\u0131rlar\u0131n\u0131 \u00f6\u011frendikten sonra yaramazl\u0131k i\u00e7inizei\u015fleyebilir!<\/p>\n","protected":false},"excerpt":{"rendered":"<p>Peki ya ben FELAKETolsayd\u0131m, diye d\u00fc\u015f\u00fcnd\u00fcM\u00fckemmel Peter. Neolurdu merak ediyorum.Felaket Henry\u2019nin s\u0131rlar\u0131 a\u00e7\u0131\u011fa \u00e7\u0131k\u0131yor! Peki, en b\u00fcy\u00fckyaramazl\u0131klar\u0131n\u0131, d\u00e2hiyane planlar\u0131n\u0131 ve karde\u015fi M\u00fckemmelPeter\u2019\u0131 nas\u0131l alt etti\u011fini \u00f6\u011frenmeye<span class=\"excerpt-hellip\"> [\u2026]<\/span><\/p>\n","protected":false},"featured_media":0,"template":"","meta":{"_monsterinsights_skip_tracking":false,"_monsterinsights_sitenote_active":false,"_monsterinsights_sitenote_note":"","_monsterinsights_sitenote_category":0},"product_brand":[],"product_cat":[12274,12284],"product_tag":[],"class_list":{"0":"post-772962","1":"product","2":"type-product","3":"status-publish","5":"product_cat-cocuk-ve-genclik-kitaplari","6":"product_cat-hikayeler","7":"pa_cilt-ciltsiz","8":"pa_tur-kitap","9":"pa_yayinevi-epsilon-yayinlari","10":"pa_yazar-francesca-simon","12":"first","13":"instock","14":"sale","15":"shipping-taxable","16":"purchasable","17":"product-type-simple"},"_links":{"self":[{"href":"https:\/\/roveyayinevi.com.tr\/index.php\/wp-json\/wp\/v2\/product\/772962","targetHints":{"allow":["GET"]}}],"collection":[{"href":"https:\/\/roveyayinevi.com.tr\/index.php\/wp-json\/wp\/v2\/product"}],"about":[{"href":"https:\/\/roveyayinevi.com.tr\/index.php\/wp-json\/wp\/v2\/types\/product"}],"wp:attachment":[{"href":"https:\/\/roveyayinevi.com.tr\/index.php\/wp-json\/wp\/v2\/media?parent=772962"}],"wp:term":[{"taxonomy":"product_brand","embeddable":true,"href":"https:\/\/roveyayinevi.com.tr\/index.php\/wp-json\/wp\/v2\/product_brand?post=772962"},{"taxonomy":"product_cat","embeddable":true,"href":"https:\/\/roveyayinevi.com.tr\/index.php\/wp-json\/wp\/v2\/product_cat?post=772962"},{"taxonomy":"product_tag","embeddable":true,"href":"https:\/\/roveyayinevi.com.tr\/index.php\/wp-json\/wp\/v2\/product_tag?post=772962"}],"curies":[{"name":"wp","href":"https:\/\/api.w.org\/{rel}","templated":true}]}}