{"id":772961,"date":"2025-08-28T15:58:51","date_gmt":"2025-08-28T12:58:51","guid":{"rendered":"https:\/\/roveyayinevi.com.tr\/index.php\/urun\/kucuk-iyilikler-2\/"},"modified":"2026-04-15T03:39:17","modified_gmt":"2026-04-15T00:39:17","slug":"kucuk-iyilikler-2","status":"publish","type":"product","link":"https:\/\/roveyayinevi.com.tr\/index.php\/urun\/kucuk-iyilikler-2\/","title":{"rendered":"K\u00fc\u00e7\u00fck \u0130yilikler"},"content":{"rendered":"<p>Hi\u00e7bir \u015fey ger\u00e7ekle\u015fen bir dilekten daha tehlikeli de\u011fildir!Ellerie Downing, hayat\u0131nda b\u00fcy\u00fck bir de\u011fi\u015fiklik olmas\u0131n\u0131 beklemektedir. Ge\u00e7it vermez ormanlarla \u00e7evrili, \u0131ss\u0131z Amity Falls kasabas\u0131ndaki ya\u015fam, tekd\u00fcze ve tahmin edilebilirdir. Gen\u00e7 k\u0131z, vaktini ailesinin ar\u0131 kovanlar\u0131yla ilgilenerek, k\u00fc\u00e7\u00fck k\u0131z karde\u015flerine g\u00f6z kulak olarak ve b\u00fcy\u00fck hayaller kurarak ge\u00e7irirken, ikizi Samuel can\u0131 nas\u0131l isterse \u00f6yle dola\u015fmakta \u00f6zg\u00fcrd\u00fcr.Y\u0131llar \u00f6nce, kasaban\u0131n ilk sakinleri ormanda ya\u015fayan korkun\u00e7yarat\u0131klarla m\u00fccadele etmi\u015f ve bu varl\u0131klar\u0131n h\u00e2l\u00e2 buralarda dola\u015ft\u0131\u011f\u0131na dair s\u00f6ylentiler, kasaba halk\u0131n\u0131n orman\u0131n derinliklerine yakla\u015fmas\u0131na engel olmu\u015ftur. Bir grup kasaba sakini erzak almak i\u00e7in yola \u00e7\u0131kt\u0131ktan sonra gizemli bir \u015fekilde ortadan kayboldu\u011funda, Amity Falls\u2019un huzuru tamamen ka\u00e7ar ve yerini endi\u015feye b\u0131rak\u0131r.\u00c7ok ge\u00e7meden kasabada garip olaylar ya\u015fanmaya ba\u015flar ve mevsimler ge\u00e7tik\u00e7e burada korkun\u00e7 \u015feylerin d\u00f6nd\u00fc\u011f\u00fc a\u00e7\u0131k\u00e7a anla\u015f\u0131l\u0131r. Orman\u0131n i\u00e7indeki esrarengiz varl\u0131klar ger\u00e7ektir ve kasaba halk\u0131n\u0131n en derin arzular\u0131n\u0131 yerine getirmeyi vadetmektedirler; elbette ufak bir bedel kar\u015f\u0131l\u0131\u011f\u0131nda. Ba\u015fta \u00f6nemsiz gibi g\u00f6r\u00fcnen bu isteklerin asl\u0131nda karanl\u0131k niyetler bar\u0131nd\u0131rd\u0131\u011f\u0131 k\u0131sa s\u00fcrede ortaya \u00e7\u0131kar. Ellerie, kasabas\u0131n\u0131, ailesini ve hatta sevdi\u011fi \u00e7ocu\u011fu yok olmaktan kurtarmak i\u00e7in zamana kar\u015f\u0131 bir yar\u0131\u015fa giri\u015fmek zorunda kalacakt\u0131r.<\/p>\n","protected":false},"excerpt":{"rendered":"<p>Hi\u00e7bir \u015fey ger\u00e7ekle\u015fen bir dilekten daha tehlikeli de\u011fildir!Ellerie Downing, hayat\u0131nda b\u00fcy\u00fck bir de\u011fi\u015fiklik olmas\u0131n\u0131 beklemektedir. Ge\u00e7it vermez ormanlarla \u00e7evrili, \u0131ss\u0131z Amity Falls kasabas\u0131ndaki ya\u015fam, tekd\u00fcze ve<span class=\"excerpt-hellip\"> [\u2026]<\/span><\/p>\n","protected":false},"featured_media":0,"template":"","meta":{"_monsterinsights_skip_tracking":false,"_monsterinsights_sitenote_active":false,"_monsterinsights_sitenote_note":"","_monsterinsights_sitenote_category":0},"product_brand":[],"product_cat":[12291,14777],"product_tag":[],"class_list":{"0":"post-772961","1":"product","2":"type-product","3":"status-publish","5":"product_cat-edebiyat","6":"product_cat-fantastik","7":"pa_cilt-ciltsiz","8":"pa_tur-kitap","9":"pa_yayinevi-epsilon-yayinlari","10":"pa_yazar-erin-a-craig","12":"first","13":"instock","14":"sale","15":"shipping-taxable","16":"purchasable","17":"product-type-simple"},"_links":{"self":[{"href":"https:\/\/roveyayinevi.com.tr\/index.php\/wp-json\/wp\/v2\/product\/772961","targetHints":{"allow":["GET"]}}],"collection":[{"href":"https:\/\/roveyayinevi.com.tr\/index.php\/wp-json\/wp\/v2\/product"}],"about":[{"href":"https:\/\/roveyayinevi.com.tr\/index.php\/wp-json\/wp\/v2\/types\/product"}],"wp:attachment":[{"href":"https:\/\/roveyayinevi.com.tr\/index.php\/wp-json\/wp\/v2\/media?parent=772961"}],"wp:term":[{"taxonomy":"product_brand","embeddable":true,"href":"https:\/\/roveyayinevi.com.tr\/index.php\/wp-json\/wp\/v2\/product_brand?post=772961"},{"taxonomy":"product_cat","embeddable":true,"href":"https:\/\/roveyayinevi.com.tr\/index.php\/wp-json\/wp\/v2\/product_cat?post=772961"},{"taxonomy":"product_tag","embeddable":true,"href":"https:\/\/roveyayinevi.com.tr\/index.php\/wp-json\/wp\/v2\/product_tag?post=772961"}],"curies":[{"name":"wp","href":"https:\/\/api.w.org\/{rel}","templated":true}]}}