{"id":772960,"date":"2025-08-28T15:58:50","date_gmt":"2025-08-28T12:58:50","guid":{"rendered":"https:\/\/roveyayinevi.com.tr\/index.php\/urun\/ah-keske-pismanligi-avantaja-donusturmek\/"},"modified":"2026-04-15T03:39:17","modified_gmt":"2026-04-15T00:39:17","slug":"ah-keske-pismanligi-avantaja-donusturmek","status":"publish","type":"product","link":"https:\/\/roveyayinevi.com.tr\/index.php\/urun\/ah-keske-pismanligi-avantaja-donusturmek\/","title":{"rendered":"Ah Ke\u015fke: Pi\u015fmanl\u0131\u011f\u0131 Avantaja D\u00f6n\u00fc\u015ft\u00fcrmek"},"content":{"rendered":"<p>Hayat\u0131 tamamen pi\u015fmanl\u0131klardan ar\u0131nm\u0131\u015f bir \u015fekilde hayal etmek zordur. Ge\u00e7mi\u015fteki bir ili\u015fki, ka\u00e7\u0131r\u0131lan bir i\u015f f\u0131rsat\u0131 ya da ya\u015fanacak yer se\u00e7imi gibi \u00f6nemli bir d\u00f6neme\u00e7te farkl\u0131 bir yol se\u00e7mi\u015f olsayd\u0131n\u0131z ne olabilece\u011fini d\u00fc\u015f\u00fcn\u00fcrs\u00fcn\u00fcz. Pi\u015fmanl\u0131k, bizi hayal k\u0131r\u0131kl\u0131\u011f\u0131 ve utan\u00e7la doldurarak hareketsiz b\u0131rakabilir; ancak ayn\u0131 zamanda g\u00fc\u00e7l\u00fc bir fark\u0131ndal\u0131k ve de\u011fi\u015fim arac\u0131 da olabilir.Bu ilham verici rehberde, \u00fcnl\u00fc psikolog Robert Leahy, pi\u015fmanl\u0131klar\u0131n\u0131z\u0131 avantaj\u0131n\u0131za nas\u0131l d\u00f6n\u00fc\u015f t\u00fcrece\u011finizi g\u00f6steriyor. Bili\u015fsel davran\u0131\u015f terapisine dayanan yenilik\u00e7i becerilerle Dr. Leahy, pi\u015fmanl\u0131klardan kurtulup daha net ve kendinden emin kararlar alman\u0131n yollar\u0131n\u0131 \u00f6\u011fretiyor. Kitapta yer alan stratejileri uygulaman\u0131za yard\u0131mc\u0131 olacak indirilebilir pratik ara\u00e7lar da mevcut.Hayat\u0131n\u0131z\u0131n yazar\u0131 sizsiniz; o h\u00e2lde bir sonraki b\u00f6l\u00fcm\u00fc yazmaya ba\u015flay\u0131n ve sonra onu ya\u015fay\u0131n.<\/p>\n","protected":false},"excerpt":{"rendered":"<p>Hayat\u0131 tamamen pi\u015fmanl\u0131klardan ar\u0131nm\u0131\u015f bir \u015fekilde hayal etmek zordur. Ge\u00e7mi\u015fteki bir ili\u015fki, ka\u00e7\u0131r\u0131lan bir i\u015f f\u0131rsat\u0131 ya da ya\u015fanacak yer se\u00e7imi gibi \u00f6nemli bir d\u00f6neme\u00e7te farkl\u0131<span class=\"excerpt-hellip\"> [\u2026]<\/span><\/p>\n","protected":false},"featured_media":0,"template":"","meta":{"_monsterinsights_skip_tracking":false,"_monsterinsights_sitenote_active":false,"_monsterinsights_sitenote_note":"","_monsterinsights_sitenote_category":0},"product_brand":[],"product_cat":[20502,12357],"product_tag":[],"class_list":{"0":"post-772960","1":"product","2":"type-product","3":"status-publish","5":"product_cat-basvuru-kitaplari-psikoloji","6":"product_cat-psikoloji","7":"pa_cilt-ciltsiz","8":"pa_tur-kitap","9":"pa_yayinevi-epsilon-yayinlari","10":"pa_yazar-robert-l-leahy","12":"first","13":"instock","14":"sale","15":"shipping-taxable","16":"purchasable","17":"product-type-simple"},"_links":{"self":[{"href":"https:\/\/roveyayinevi.com.tr\/index.php\/wp-json\/wp\/v2\/product\/772960","targetHints":{"allow":["GET"]}}],"collection":[{"href":"https:\/\/roveyayinevi.com.tr\/index.php\/wp-json\/wp\/v2\/product"}],"about":[{"href":"https:\/\/roveyayinevi.com.tr\/index.php\/wp-json\/wp\/v2\/types\/product"}],"wp:attachment":[{"href":"https:\/\/roveyayinevi.com.tr\/index.php\/wp-json\/wp\/v2\/media?parent=772960"}],"wp:term":[{"taxonomy":"product_brand","embeddable":true,"href":"https:\/\/roveyayinevi.com.tr\/index.php\/wp-json\/wp\/v2\/product_brand?post=772960"},{"taxonomy":"product_cat","embeddable":true,"href":"https:\/\/roveyayinevi.com.tr\/index.php\/wp-json\/wp\/v2\/product_cat?post=772960"},{"taxonomy":"product_tag","embeddable":true,"href":"https:\/\/roveyayinevi.com.tr\/index.php\/wp-json\/wp\/v2\/product_tag?post=772960"}],"curies":[{"name":"wp","href":"https:\/\/api.w.org\/{rel}","templated":true}]}}