{"id":772954,"date":"2025-08-28T15:58:37","date_gmt":"2025-08-28T12:58:37","guid":{"rendered":"https:\/\/roveyayinevi.com.tr\/index.php\/urun\/kutsal-tac\/"},"modified":"2026-04-15T03:39:17","modified_gmt":"2026-04-15T00:39:17","slug":"kutsal-tac","status":"publish","type":"product","link":"https:\/\/roveyayinevi.com.tr\/index.php\/urun\/kutsal-tac\/","title":{"rendered":"Kutsal Ta\u00e7"},"content":{"rendered":"<p>D\u00fcnyan\u0131n \u00f6nde gelen \u00fcniversitelerinden birinde g\u00f6revli \u00f6\u011fretim \u00fcyesi ve ara\u015ft\u0131rmac\u0131 Dr. Fischer, ruh \u00e2lemindeki gelgitlerle dolu g\u00fcnlerde onu \u015fa\u015fk\u0131nl\u0131\u011fa u\u011fratan ve sonras\u0131nda hayat\u0131n\u0131 b\u00fcsb\u00fct\u00fcn de\u011fi\u015ftirecek iletiler al\u0131r:   \u201cUyan, oku, ara, bulmay\u0131 dene! B\u00fcy\u00fck yok olu\u015fu bilmek senin elinde.\u201d   Art arda gelen esrarengiz iletiler onu, \u201cb\u00fcy\u00fck yok olu\u015f \u2013 k\u0131yamet\u201din izlerini ararken \u015fa\u015fk\u0131nl\u0131kla tan\u0131kl\u0131k edece\u011finiz s\u0131rlarla dolu ke\u015fif, a\u015fk ve macera y\u00fckl\u00fc bir ser\u00fcvene s\u00fcr\u00fckler\u2026   Dr. Fischer neden esrarengiz iletiler al\u0131yordu? Bu iletilerin, yapt\u0131\u011f\u0131 ara\u015ft\u0131rmalarla ilgisi var m\u0131yd\u0131? Bir tavsiye mi, yoksa dayatma m\u0131yd\u0131? Kayna\u011f\u0131 bilinmeyen adresten gelen iletileri kim g\u00f6nderiyordu?   Kutsal Ta\u00e7, k\u0131talar \u00f6tesinden medeniyetlerin be\u015fi\u011fi Anadolu\u2019ya uzanan seyahat s\u0131ras\u0131nda, binlerce y\u0131ll\u0131k uygarl\u0131klar\u0131n tarihi ve k\u00fclt\u00fcrel izlerinde bazen iliklerinize kadar \u00fc\u015f\u00fcd\u00fc\u011f\u00fcn\u00fcz\u00fc, bazen terlemekten s\u0131r\u0131ls\u0131klam oldu\u011funuzu hissederken bazen de hemen yan\u0131 ba\u015f\u0131n\u0131zdaki k\u00fclt\u00fcrel miras\u0131n sesleni\u015fini duyacaks\u0131n\u0131z.   \u201cKalbinin sesini dinle! \u00c7\u00fcnk\u00fc sorular\u0131n cevaplar\u0131 sende!\u201d <\/p>\n","protected":false},"excerpt":{"rendered":"<p>D\u00fcnyan\u0131n \u00f6nde gelen \u00fcniversitelerinden birinde g\u00f6revli \u00f6\u011fretim \u00fcyesi ve ara\u015ft\u0131rmac\u0131 Dr. Fischer, ruh \u00e2lemindeki gelgitlerle dolu g\u00fcnlerde onu \u015fa\u015fk\u0131nl\u0131\u011fa u\u011fratan ve sonras\u0131nda hayat\u0131n\u0131 b\u00fcsb\u00fct\u00fcn de\u011fi\u015ftirecek iletiler<span class=\"excerpt-hellip\"> [\u2026]<\/span><\/p>\n","protected":false},"featured_media":0,"template":"","meta":{"_monsterinsights_skip_tracking":false,"_monsterinsights_sitenote_active":false,"_monsterinsights_sitenote_note":"","_monsterinsights_sitenote_category":0},"product_brand":[],"product_cat":[12291,12711],"product_tag":[],"class_list":{"0":"post-772954","1":"product","2":"type-product","3":"status-publish","5":"product_cat-edebiyat","6":"product_cat-roman-oyku","7":"pa_cilt-ciltsiz","8":"pa_tur-kitap","9":"pa_yayinevi-tk-yayinlari","10":"pa_yazar-muammer-karadeniz","12":"first","13":"instock","14":"sale","15":"shipping-taxable","16":"purchasable","17":"product-type-simple"},"_links":{"self":[{"href":"https:\/\/roveyayinevi.com.tr\/index.php\/wp-json\/wp\/v2\/product\/772954","targetHints":{"allow":["GET"]}}],"collection":[{"href":"https:\/\/roveyayinevi.com.tr\/index.php\/wp-json\/wp\/v2\/product"}],"about":[{"href":"https:\/\/roveyayinevi.com.tr\/index.php\/wp-json\/wp\/v2\/types\/product"}],"wp:attachment":[{"href":"https:\/\/roveyayinevi.com.tr\/index.php\/wp-json\/wp\/v2\/media?parent=772954"}],"wp:term":[{"taxonomy":"product_brand","embeddable":true,"href":"https:\/\/roveyayinevi.com.tr\/index.php\/wp-json\/wp\/v2\/product_brand?post=772954"},{"taxonomy":"product_cat","embeddable":true,"href":"https:\/\/roveyayinevi.com.tr\/index.php\/wp-json\/wp\/v2\/product_cat?post=772954"},{"taxonomy":"product_tag","embeddable":true,"href":"https:\/\/roveyayinevi.com.tr\/index.php\/wp-json\/wp\/v2\/product_tag?post=772954"}],"curies":[{"name":"wp","href":"https:\/\/api.w.org\/{rel}","templated":true}]}}