{"id":772953,"date":"2025-08-28T15:58:34","date_gmt":"2025-08-28T12:58:34","guid":{"rendered":"https:\/\/roveyayinevi.com.tr\/index.php\/urun\/zamansiz-kalpler\/"},"modified":"2026-04-15T03:39:17","modified_gmt":"2026-04-15T00:39:17","slug":"zamansiz-kalpler","status":"publish","type":"product","link":"https:\/\/roveyayinevi.com.tr\/index.php\/urun\/zamansiz-kalpler\/","title":{"rendered":"Zamans\u0131z Kalpler"},"content":{"rendered":"<p>Sahi hayat neydi. \u0130\u00e7inde bulundu\u011fumuz gezegende huzuru nerelerde ar\u0131yoruz? Sokakta ko\u015fu\u015fturan \u00e7ocuklar iken pencereden g\u00f6ky\u00fcz\u00fcne bakan yeti\u015fkinler olduk. U\u00e7u\u015fan ku\u015flar\u0131 seyrettiniz mi? Sade g\u00fczelli\u011fiyle ne kadar \u00f6zg\u00fcrler? Po\u015fet ta\u015f\u0131y\u0131p \u00e7ikolata yiyen gen\u00e7 ne kadar mutlu? \u00c7ocu\u011funun elinden tutup y\u00fcr\u00fcyen baba o an\u0131 ne kadar d\u00fc\u015f\u00fcn\u00fcyor? G\u00fcl\u00fcmsemesini seyredip mutlu olacak iken neden tedirgin? Bir anne \u00e7evresindeki g\u00fczellikleri \u00e7ocu\u011funa hissettirebiliyor mu? Bankta soluklan\u0131rken kocaman g\u00fcl\u00fcms\u00fcyor mu? Sahip oldu\u011fumuz \u015feylere ne kadar \u015f\u00fckrediyoruz. Sahip olamad\u0131klar\u0131m\u0131z\u0131n kahr\u0131n\u0131 m\u0131 ya\u015f\u0131yoruz? Bizim i\u00e7in gelecek m\u00fcjdelerden habersiziz. Zihniniz \u00f6zg\u00fcr ise siz \u00f6zg\u00fcrs\u00fcn\u00fcz. Ge\u00e7mi\u015fi unutmak zor. Yeniden ba\u015flamak gerekmez mi? Cennetinizi yaratabilirsiniz. \u0130\u00e7inizdeki g\u00fcc\u00fc yakalay\u0131n. Hasret \u015eenyurt <\/p>\n","protected":false},"excerpt":{"rendered":"<p>Sahi hayat neydi. \u0130\u00e7inde bulundu\u011fumuz gezegende huzuru nerelerde ar\u0131yoruz? Sokakta ko\u015fu\u015fturan \u00e7ocuklar iken pencereden g\u00f6ky\u00fcz\u00fcne bakan yeti\u015fkinler olduk. U\u00e7u\u015fan ku\u015flar\u0131 seyrettiniz mi? Sade g\u00fczelli\u011fiyle ne kadar<span class=\"excerpt-hellip\"> [\u2026]<\/span><\/p>\n","protected":false},"featured_media":0,"template":"","meta":{"_monsterinsights_skip_tracking":false,"_monsterinsights_sitenote_active":false,"_monsterinsights_sitenote_note":"","_monsterinsights_sitenote_category":0},"product_brand":[],"product_cat":[12291,12509],"product_tag":[],"class_list":{"0":"post-772953","1":"product","2":"type-product","3":"status-publish","5":"product_cat-edebiyat","6":"product_cat-siir","7":"pa_cilt-ciltsiz","8":"pa_tur-kitap","9":"pa_yayinevi-zet-yayinlari","10":"pa_yazar-hasret-senyurt","12":"first","13":"instock","14":"sale","15":"shipping-taxable","16":"purchasable","17":"product-type-simple"},"_links":{"self":[{"href":"https:\/\/roveyayinevi.com.tr\/index.php\/wp-json\/wp\/v2\/product\/772953","targetHints":{"allow":["GET"]}}],"collection":[{"href":"https:\/\/roveyayinevi.com.tr\/index.php\/wp-json\/wp\/v2\/product"}],"about":[{"href":"https:\/\/roveyayinevi.com.tr\/index.php\/wp-json\/wp\/v2\/types\/product"}],"wp:attachment":[{"href":"https:\/\/roveyayinevi.com.tr\/index.php\/wp-json\/wp\/v2\/media?parent=772953"}],"wp:term":[{"taxonomy":"product_brand","embeddable":true,"href":"https:\/\/roveyayinevi.com.tr\/index.php\/wp-json\/wp\/v2\/product_brand?post=772953"},{"taxonomy":"product_cat","embeddable":true,"href":"https:\/\/roveyayinevi.com.tr\/index.php\/wp-json\/wp\/v2\/product_cat?post=772953"},{"taxonomy":"product_tag","embeddable":true,"href":"https:\/\/roveyayinevi.com.tr\/index.php\/wp-json\/wp\/v2\/product_tag?post=772953"}],"curies":[{"name":"wp","href":"https:\/\/api.w.org\/{rel}","templated":true}]}}