{"id":772947,"date":"2025-08-28T15:58:22","date_gmt":"2025-08-28T12:58:22","guid":{"rendered":"https:\/\/roveyayinevi.com.tr\/index.php\/urun\/bir-yusuf-hikayesi\/"},"modified":"2026-04-15T03:39:17","modified_gmt":"2026-04-15T00:39:17","slug":"bir-yusuf-hikayesi","status":"publish","type":"product","link":"https:\/\/roveyayinevi.com.tr\/index.php\/urun\/bir-yusuf-hikayesi\/","title":{"rendered":"Bir Yusuf Hikayesi"},"content":{"rendered":"<p>Bu eser, Yusuf\u2019un \u00f6rnek hayat\u0131 \u00fczerinden, adaletin, sabr\u0131n ve imanla dolu bir ya\u015fam\u0131n ne kadar \u00f6nemli oldu\u011funu, hem ki\u015fisel geli\u015fimimize hem de toplumumuza katk\u0131 sa\u011flayacak evrensel ilkeler sundu\u011funu anlat\u0131r. F\u0131rat Aksoy\u2019un kalemiyle, Yusuf\u2019un miras\u0131, bize g\u00fc\u00e7l\u00fc bir ya\u015fam felsefesi ve ger\u00e7ek bir i\u00e7 huzur vaat eder. F\u0131rat Aksoy, bu eseriyle, Yusuf\u2019un de\u011ferleriyle \u015fekillenen bir hayat\u0131n, g\u00fcn\u00fcm\u00fczde de hala ge\u00e7erlili\u011fini koruyan, her d\u00f6nemde insanlar\u0131 do\u011fruya y\u00f6nlendirecek bir rehber oldu\u011funu g\u00f6steriyor. Namaz, adalet, iyilik, c\u00f6mertlik ve iman, insan\u0131n kalbinde ta\u015f\u0131mas\u0131 gereken en de\u011ferli hazinelerdir ve bu eser, Yusuf\u2019tan al\u0131nan ilhamla bu de\u011ferleri i\u00e7selle\u015ftirmemiz i\u00e7in bir yolculuk ba\u015flat\u0131yor. <\/p>\n","protected":false},"excerpt":{"rendered":"<p>Bu eser, Yusuf\u2019un \u00f6rnek hayat\u0131 \u00fczerinden, adaletin, sabr\u0131n ve imanla dolu bir ya\u015fam\u0131n ne kadar \u00f6nemli oldu\u011funu, hem ki\u015fisel geli\u015fimimize hem de toplumumuza katk\u0131 sa\u011flayacak evrensel<span class=\"excerpt-hellip\"> [\u2026]<\/span><\/p>\n","protected":false},"featured_media":0,"template":"","meta":{"_monsterinsights_skip_tracking":false,"_monsterinsights_sitenote_active":false,"_monsterinsights_sitenote_note":"","_monsterinsights_sitenote_category":0},"product_brand":[],"product_cat":[12291,18202],"product_tag":[],"class_list":{"0":"post-772947","1":"product","2":"type-product","3":"status-publish","5":"product_cat-edebiyat","6":"product_cat-hikaye","7":"pa_cilt-ciltsiz","8":"pa_tur-kitap","9":"pa_yayinevi-zet-yayinlari","10":"pa_yazar-firat-aksoy","12":"first","13":"instock","14":"sale","15":"shipping-taxable","16":"purchasable","17":"product-type-simple"},"_links":{"self":[{"href":"https:\/\/roveyayinevi.com.tr\/index.php\/wp-json\/wp\/v2\/product\/772947","targetHints":{"allow":["GET"]}}],"collection":[{"href":"https:\/\/roveyayinevi.com.tr\/index.php\/wp-json\/wp\/v2\/product"}],"about":[{"href":"https:\/\/roveyayinevi.com.tr\/index.php\/wp-json\/wp\/v2\/types\/product"}],"wp:attachment":[{"href":"https:\/\/roveyayinevi.com.tr\/index.php\/wp-json\/wp\/v2\/media?parent=772947"}],"wp:term":[{"taxonomy":"product_brand","embeddable":true,"href":"https:\/\/roveyayinevi.com.tr\/index.php\/wp-json\/wp\/v2\/product_brand?post=772947"},{"taxonomy":"product_cat","embeddable":true,"href":"https:\/\/roveyayinevi.com.tr\/index.php\/wp-json\/wp\/v2\/product_cat?post=772947"},{"taxonomy":"product_tag","embeddable":true,"href":"https:\/\/roveyayinevi.com.tr\/index.php\/wp-json\/wp\/v2\/product_tag?post=772947"}],"curies":[{"name":"wp","href":"https:\/\/api.w.org\/{rel}","templated":true}]}}