{"id":772946,"date":"2025-08-28T15:58:19","date_gmt":"2025-08-28T12:58:19","guid":{"rendered":"https:\/\/roveyayinevi.com.tr\/index.php\/urun\/kendiliginden-yanma-vakasi\/"},"modified":"2026-04-15T03:39:17","modified_gmt":"2026-04-15T00:39:17","slug":"kendiliginden-yanma-vakasi","status":"publish","type":"product","link":"https:\/\/roveyayinevi.com.tr\/index.php\/urun\/kendiliginden-yanma-vakasi\/","title":{"rendered":"Kendili\u011finden Yanma Vakas\u0131"},"content":{"rendered":"<p>\u201cMedya patronu Ray Fisher, \u00f6zel u\u00e7a\u011f\u0131yla yapt\u0131\u011f\u0131 seyahatlerden birinde hayat\u0131n\u0131 kaybeder. Fisher\u2019in \u00f6l\u00fcm nedeni, kay\u0131tlara u\u00e7ak kazas\u0131 olarak ge\u00e7er.      Ray Fisher\u2019\u0131n k\u0131z\u0131 Kyla, babas\u0131n\u0131n cinayete kurban gitti\u011finden emindir. Binba\u015f\u0131 Boris Pavlov\u2019u olay\u0131 ara\u015ft\u0131rmaya ikna eder.  Pavlov, arkada\u015f\u0131 Prof. Simon Blake\u2019den yard\u0131m ister.       Blake, kendini bir kolu \u00e7ocuk ka\u00e7ak\u00e7\u0131l\u0131\u011f\u0131 ve yasad\u0131\u015f\u0131 ila\u00e7 \u00fcretimine, bir kolu Fisher ailesinin skandallarla dolu ge\u00e7mi\u015fine ve bir kolu da gizemli kendili\u011finden yanma vakalar\u0131na uzanan olaylar zincirinin i\u00e7inde bulur.\u201d <\/p>\n","protected":false},"excerpt":{"rendered":"<p>\u201cMedya patronu Ray Fisher, \u00f6zel u\u00e7a\u011f\u0131yla yapt\u0131\u011f\u0131 seyahatlerden birinde hayat\u0131n\u0131 kaybeder. Fisher\u2019in \u00f6l\u00fcm nedeni, kay\u0131tlara u\u00e7ak kazas\u0131 olarak ge\u00e7er. Ray Fisher\u2019\u0131n k\u0131z\u0131 Kyla, babas\u0131n\u0131n cinayete kurban<span class=\"excerpt-hellip\"> [\u2026]<\/span><\/p>\n","protected":false},"featured_media":0,"template":"","meta":{"_monsterinsights_skip_tracking":false,"_monsterinsights_sitenote_active":false,"_monsterinsights_sitenote_note":"","_monsterinsights_sitenote_category":0},"product_brand":[],"product_cat":[12291,12711],"product_tag":[],"class_list":{"0":"post-772946","1":"product","2":"type-product","3":"status-publish","5":"product_cat-edebiyat","6":"product_cat-roman-oyku","7":"pa_cilt-ciltsiz","8":"pa_tur-kitap","9":"pa_yayinevi-zet-yayinlari","10":"pa_yazar-ozer-mumcu","12":"first","13":"instock","14":"sale","15":"shipping-taxable","16":"purchasable","17":"product-type-simple"},"_links":{"self":[{"href":"https:\/\/roveyayinevi.com.tr\/index.php\/wp-json\/wp\/v2\/product\/772946","targetHints":{"allow":["GET"]}}],"collection":[{"href":"https:\/\/roveyayinevi.com.tr\/index.php\/wp-json\/wp\/v2\/product"}],"about":[{"href":"https:\/\/roveyayinevi.com.tr\/index.php\/wp-json\/wp\/v2\/types\/product"}],"wp:attachment":[{"href":"https:\/\/roveyayinevi.com.tr\/index.php\/wp-json\/wp\/v2\/media?parent=772946"}],"wp:term":[{"taxonomy":"product_brand","embeddable":true,"href":"https:\/\/roveyayinevi.com.tr\/index.php\/wp-json\/wp\/v2\/product_brand?post=772946"},{"taxonomy":"product_cat","embeddable":true,"href":"https:\/\/roveyayinevi.com.tr\/index.php\/wp-json\/wp\/v2\/product_cat?post=772946"},{"taxonomy":"product_tag","embeddable":true,"href":"https:\/\/roveyayinevi.com.tr\/index.php\/wp-json\/wp\/v2\/product_tag?post=772946"}],"curies":[{"name":"wp","href":"https:\/\/api.w.org\/{rel}","templated":true}]}}