{"id":772945,"date":"2025-08-28T15:58:17","date_gmt":"2025-08-28T12:58:17","guid":{"rendered":"https:\/\/roveyayinevi.com.tr\/index.php\/urun\/blend-s-4\/"},"modified":"2026-04-15T03:39:17","modified_gmt":"2026-04-15T00:39:17","slug":"blend-s-4","status":"publish","type":"product","link":"https:\/\/roveyayinevi.com.tr\/index.php\/urun\/blend-s-4\/","title":{"rendered":"Blend.S 4"},"content":{"rendered":"<p>Maika, Kafe Stile\u2019deki i\u015f arkada\u015flar\u0131yla y\u0131lba\u015f\u0131 kutluyor ve hayat\u0131nda ilk kez s\u00fcrpriz paket sat\u0131n al\u0131yor. Dino\u2019nun ona kar\u015f\u0131 olan hislerinin hen\u00fcz fark\u0131nda de\u011fil. Ancak Miu\u2019nun sinsi plan\u0131 sayesinde birlikte randevuya \u00e7\u0131k\u0131yorlar! Maika\u2019n\u0131n kendine has safl\u0131\u011f\u0131n\u0131 gittik\u00e7e daha iyi g\u00f6zlemleyebilece\u011finiz bir cilt sizi bekliyor!<\/p>\n","protected":false},"excerpt":{"rendered":"<p>Maika, Kafe Stile\u2019deki i\u015f arkada\u015flar\u0131yla y\u0131lba\u015f\u0131 kutluyor ve hayat\u0131nda ilk kez s\u00fcrpriz paket sat\u0131n al\u0131yor. Dino\u2019nun ona kar\u015f\u0131 olan hislerinin hen\u00fcz fark\u0131nda de\u011fil. Ancak Miu\u2019nun sinsi<span class=\"excerpt-hellip\"> [\u2026]<\/span><\/p>\n","protected":false},"featured_media":0,"template":"","meta":{"_monsterinsights_skip_tracking":false,"_monsterinsights_sitenote_active":false,"_monsterinsights_sitenote_note":"","_monsterinsights_sitenote_category":0},"product_brand":[],"product_cat":[12416,12291],"product_tag":[],"class_list":{"0":"post-772945","1":"product","2":"type-product","3":"status-publish","5":"product_cat-cizgi-roman","6":"product_cat-edebiyat","7":"pa_cilt-ciltsiz","8":"pa_tur-kitap","9":"pa_yayinevi-kayip-kita-yayinlari","10":"pa_yazar-nakayama-miyuki","12":"first","13":"instock","14":"sale","15":"shipping-taxable","16":"purchasable","17":"product-type-simple"},"_links":{"self":[{"href":"https:\/\/roveyayinevi.com.tr\/index.php\/wp-json\/wp\/v2\/product\/772945","targetHints":{"allow":["GET"]}}],"collection":[{"href":"https:\/\/roveyayinevi.com.tr\/index.php\/wp-json\/wp\/v2\/product"}],"about":[{"href":"https:\/\/roveyayinevi.com.tr\/index.php\/wp-json\/wp\/v2\/types\/product"}],"wp:attachment":[{"href":"https:\/\/roveyayinevi.com.tr\/index.php\/wp-json\/wp\/v2\/media?parent=772945"}],"wp:term":[{"taxonomy":"product_brand","embeddable":true,"href":"https:\/\/roveyayinevi.com.tr\/index.php\/wp-json\/wp\/v2\/product_brand?post=772945"},{"taxonomy":"product_cat","embeddable":true,"href":"https:\/\/roveyayinevi.com.tr\/index.php\/wp-json\/wp\/v2\/product_cat?post=772945"},{"taxonomy":"product_tag","embeddable":true,"href":"https:\/\/roveyayinevi.com.tr\/index.php\/wp-json\/wp\/v2\/product_tag?post=772945"}],"curies":[{"name":"wp","href":"https:\/\/api.w.org\/{rel}","templated":true}]}}