{"id":772939,"date":"2025-08-28T15:58:03","date_gmt":"2025-08-28T12:58:03","guid":{"rendered":"https:\/\/roveyayinevi.com.tr\/index.php\/urun\/gecenin-cagrisi-2\/"},"modified":"2026-04-15T03:39:16","modified_gmt":"2026-04-15T00:39:16","slug":"gecenin-cagrisi-2","status":"publish","type":"product","link":"https:\/\/roveyayinevi.com.tr\/index.php\/urun\/gecenin-cagrisi-2\/","title":{"rendered":"Gecenin \u00c7a\u011fr\u0131s\u0131 -2"},"content":{"rendered":"<p>G\u00dcN\u00dcN EN E\u011eLENCEL\u0130 VAKT\u0130 GECED\u0130R!!ORTAOKUL \u0130K\u0130NC\u0130 SINIF \u00d6\u011eRENC\u0130S\u0130 KOU YAMOR\u0130, UYKUSUZ B\u0130R GECEDE G\u00dcZEL VAMP\u0130R NAZUNA NANAKUSA\u2019YLA TANI\u015eIYOR.\u201c\u015eU AN GECE, DE\u011e\u0130L M\u0130? \u00d6ZG\u00dcRL\u00dcK VAKT\u0130!\u201dONUNLA B\u0130R GECE GE\u00c7\u0130RMEK KOU\u2019NUN HAYATINI K\u00d6K\u00dcNDEN DE\u011e\u0130\u015eT\u0130RECEK. \u0130K\u0130L\u0130N\u0130N E\u011eLENCEL\u0130 A\u015eK H\u0130K\u00c2YES\u0130 KAR\u015eINIZDA!!<\/p>\n","protected":false},"excerpt":{"rendered":"<p>G\u00dcN\u00dcN EN E\u011eLENCEL\u0130 VAKT\u0130 GECED\u0130R!!ORTAOKUL \u0130K\u0130NC\u0130 SINIF \u00d6\u011eRENC\u0130S\u0130 KOU YAMOR\u0130, UYKUSUZ B\u0130R GECEDE G\u00dcZEL VAMP\u0130R NAZUNA NANAKUSA\u2019YLA TANI\u015eIYOR.\u201c\u015eU AN GECE, DE\u011e\u0130L M\u0130? \u00d6ZG\u00dcRL\u00dcK VAKT\u0130!\u201dONUNLA B\u0130R GECE<span class=\"excerpt-hellip\"> [\u2026]<\/span><\/p>\n","protected":false},"featured_media":0,"template":"","meta":{"_monsterinsights_skip_tracking":false,"_monsterinsights_sitenote_active":false,"_monsterinsights_sitenote_note":"","_monsterinsights_sitenote_category":0},"product_brand":[],"product_cat":[12416,12291],"product_tag":[],"class_list":{"0":"post-772939","1":"product","2":"type-product","3":"status-publish","5":"product_cat-cizgi-roman","6":"product_cat-edebiyat","7":"pa_cilt-ciltsiz","8":"pa_tur-kitap","9":"pa_yayinevi-kayip-kita-yayinlari","10":"pa_yazar-kotoyama","12":"first","13":"instock","14":"sale","15":"shipping-taxable","16":"purchasable","17":"product-type-simple"},"_links":{"self":[{"href":"https:\/\/roveyayinevi.com.tr\/index.php\/wp-json\/wp\/v2\/product\/772939","targetHints":{"allow":["GET"]}}],"collection":[{"href":"https:\/\/roveyayinevi.com.tr\/index.php\/wp-json\/wp\/v2\/product"}],"about":[{"href":"https:\/\/roveyayinevi.com.tr\/index.php\/wp-json\/wp\/v2\/types\/product"}],"wp:attachment":[{"href":"https:\/\/roveyayinevi.com.tr\/index.php\/wp-json\/wp\/v2\/media?parent=772939"}],"wp:term":[{"taxonomy":"product_brand","embeddable":true,"href":"https:\/\/roveyayinevi.com.tr\/index.php\/wp-json\/wp\/v2\/product_brand?post=772939"},{"taxonomy":"product_cat","embeddable":true,"href":"https:\/\/roveyayinevi.com.tr\/index.php\/wp-json\/wp\/v2\/product_cat?post=772939"},{"taxonomy":"product_tag","embeddable":true,"href":"https:\/\/roveyayinevi.com.tr\/index.php\/wp-json\/wp\/v2\/product_tag?post=772939"}],"curies":[{"name":"wp","href":"https:\/\/api.w.org\/{rel}","templated":true}]}}