{"id":772934,"date":"2025-08-28T15:57:53","date_gmt":"2025-08-28T12:57:53","guid":{"rendered":"https:\/\/roveyayinevi.com.tr\/index.php\/urun\/cok-sekerli-olum-dedektif-kadinlar-1\/"},"modified":"2026-04-15T03:39:16","modified_gmt":"2026-04-15T00:39:16","slug":"cok-sekerli-olum-dedektif-kadinlar-1","status":"publish","type":"product","link":"https:\/\/roveyayinevi.com.tr\/index.php\/urun\/cok-sekerli-olum-dedektif-kadinlar-1\/","title":{"rendered":"\u00c7ok \u015eekerli \u00d6l\u00fcm &#8211; Dedektif Kad\u0131nlar 1"},"content":{"rendered":"<p>Medcezir Dedektiflik B\u00fcrosu i\u015f ba\u015f\u0131nda! Biri tekerlekli sandalyesinde dijital d\u00fcnyan\u0131n ustas\u0131 bir hacker, di\u011feri \u015f\u0131k g\u00f6zl\u00fckleri ve merak\u0131yla her kap\u0131y\u0131 aralayan eski bir tekstilci\u2026 Meral ve Zeynep, \u0130stanbul\u2019un kalbinden Bodrum\u2019un sular\u0131na kadar uzanan gizemli bir vakay\u0131 \u00e7\u00f6zmeye haz\u0131rlan\u0131yor! Bodrum k\u0131y\u0131lar\u0131nda kaybolan bir adam\u2026Yalanc\u0131 tan\u0131klar, gizli ili\u015fkiler, \u00f6rtbas edilen s\u0131rlar\u2026Ve arkalar\u0131nda \u00e7\u00f6z\u00fclmeyi bekleyen bir &#8220;\u00f6l\u00fcm&#8221;. \u00c7ok \u015eekerli \u00d6l\u00fcm, yaln\u0131zca zekice bir kurgu de\u011fil, ayn\u0131 zamanda kad\u0131n dayan\u0131\u015fmas\u0131n\u0131n, mizah\u0131n ve merak\u0131n ba\u015frolde oldu\u011fu taptaze bir ba\u015flang\u0131\u00e7. Dedektif kad\u0131nlar serisinin ilk kitab\u0131, her sayfada sizi \u015fa\u015f\u0131rtacak ve g\u00fcl\u00fcmsetecek. Cinayeti \u00e7\u00f6zmek, bazen kalbinizi a\u00e7makla ba\u015flar. Haz\u0131r m\u0131s\u0131n\u0131z? Bu davada hi\u00e7bir \u015fey g\u00f6r\u00fcnd\u00fc\u011f\u00fc gibi de\u011fil. <\/p>\n","protected":false},"excerpt":{"rendered":"<p>Medcezir Dedektiflik B\u00fcrosu i\u015f ba\u015f\u0131nda! Biri tekerlekli sandalyesinde dijital d\u00fcnyan\u0131n ustas\u0131 bir hacker, di\u011feri \u015f\u0131k g\u00f6zl\u00fckleri ve merak\u0131yla her kap\u0131y\u0131 aralayan eski bir tekstilci\u2026 Meral ve<span class=\"excerpt-hellip\"> [\u2026]<\/span><\/p>\n","protected":false},"featured_media":0,"template":"","meta":{"_monsterinsights_skip_tracking":false,"_monsterinsights_sitenote_active":false,"_monsterinsights_sitenote_note":"","_monsterinsights_sitenote_category":0},"product_brand":[],"product_cat":[12291,15445],"product_tag":[],"class_list":{"0":"post-772934","1":"product","2":"type-product","3":"status-publish","5":"product_cat-edebiyat","6":"product_cat-polisiye","7":"pa_cilt-ciltsiz","8":"pa_tur-kitap","9":"pa_yayinevi-eksik-parca-yayinlari","10":"pa_yazar-ayse-erbulak","12":"first","13":"instock","14":"sale","15":"shipping-taxable","16":"purchasable","17":"product-type-simple"},"_links":{"self":[{"href":"https:\/\/roveyayinevi.com.tr\/index.php\/wp-json\/wp\/v2\/product\/772934","targetHints":{"allow":["GET"]}}],"collection":[{"href":"https:\/\/roveyayinevi.com.tr\/index.php\/wp-json\/wp\/v2\/product"}],"about":[{"href":"https:\/\/roveyayinevi.com.tr\/index.php\/wp-json\/wp\/v2\/types\/product"}],"wp:attachment":[{"href":"https:\/\/roveyayinevi.com.tr\/index.php\/wp-json\/wp\/v2\/media?parent=772934"}],"wp:term":[{"taxonomy":"product_brand","embeddable":true,"href":"https:\/\/roveyayinevi.com.tr\/index.php\/wp-json\/wp\/v2\/product_brand?post=772934"},{"taxonomy":"product_cat","embeddable":true,"href":"https:\/\/roveyayinevi.com.tr\/index.php\/wp-json\/wp\/v2\/product_cat?post=772934"},{"taxonomy":"product_tag","embeddable":true,"href":"https:\/\/roveyayinevi.com.tr\/index.php\/wp-json\/wp\/v2\/product_tag?post=772934"}],"curies":[{"name":"wp","href":"https:\/\/api.w.org\/{rel}","templated":true}]}}