{"id":772931,"date":"2025-08-28T15:57:48","date_gmt":"2025-08-28T12:57:48","guid":{"rendered":"https:\/\/roveyayinevi.com.tr\/index.php\/urun\/kimse-tek-basina-delirmiyor\/"},"modified":"2026-04-15T03:39:16","modified_gmt":"2026-04-15T00:39:16","slug":"kimse-tek-basina-delirmiyor","status":"publish","type":"product","link":"https:\/\/roveyayinevi.com.tr\/index.php\/urun\/kimse-tek-basina-delirmiyor\/","title":{"rendered":"Kimse Tek Ba\u015f\u0131na Delirmiyor"},"content":{"rendered":"<p>Kimse tek ba\u015f\u0131na delirmiyor. Kitleler halinde oluyor delirmeler, t\u0131pk\u0131 devrim gibi. Kimin neden delirdi\u011fini, kimin ne kadar delirdi\u011fini sorgulamak sa\u00e7ma.   A\u015fk ac\u0131s\u0131 \u00e7ekenler bir yanda, parasal sorunlarla bo\u011fu\u015fanlar di\u011fer yanda. Aidiyet duygusunu kaybedenler bir yanda, hepten kaybedenler di\u011fer yanda. Sistemin \u00e7arklar\u0131nda oldum olas\u0131 ezilenler bir yanda, toplumsal cinnetin k\u0131y\u0131s\u0131nda kol gezenler di\u011fer yanda. Anla\u015f\u0131lmad\u0131\u011f\u0131n\u0131 d\u00fc\u015f\u00fcnenler bir yanda, neden d\u00fcnyada oldu\u011funa anlam veremeyenler di\u011fer yanda. \u00d6yle de\u011filmi\u015f gibi yapanlar bir yanda, ac\u0131n\u0131n \u00fczerine gidenler di\u011fer yanda. T\u00fcm saflar tutulmu\u015fsa ve yanlar\u0131m\u0131z a\u011fr\u0131r olmu\u015fsa \u00f6nce sola, sonra sa\u011fa ve sonra tekrar sola bak\u0131p kar\u015f\u0131ya ge\u00e7elim mi art\u0131k?  Ve siz, h\u00e2l\u00e2 saf\u0131n\u0131 bulamayan ak\u0131ll\u0131 deli&#8230; Ortaya kar\u0131\u015f\u0131k bir hal bekleyi\u015findeyseniz \u015fayet, \u00f6nce ad\u0131n\u0131z\u0131n \u00f6n\u00fcndeki ak\u0131ll\u0131 s\u0131fat\u0131n\u0131 at\u0131n da aram\u0131za ho\u015f gelin! Hangi yana ge\u00e7ti\u011finizin \u00f6nemi yok. Safi delilikse niyetiniz, bir yandas\u0131n\u0131zd\u0131r siz de. Zamanlamas\u0131 \u00f6nemli de\u011fil, ister yava\u015f yava\u015f ister bir kerede delirin ama neden delirdi\u011finizi bilin. Hatta bildi\u011finiz sadece bu olsun, tad\u0131ndan yenmesin, olsun bitsin. G\u00fcn\u00fcn sonunda delirmek de ak\u0131l i\u015fi. Fazlas\u0131n\u0131 at\u0131n da gelin, birlikte saf tutal\u0131m.<\/p>\n","protected":false},"excerpt":{"rendered":"<p>Kimse tek ba\u015f\u0131na delirmiyor. Kitleler halinde oluyor delirmeler, t\u0131pk\u0131 devrim gibi. Kimin neden delirdi\u011fini, kimin ne kadar delirdi\u011fini sorgulamak sa\u00e7ma. A\u015fk ac\u0131s\u0131 \u00e7ekenler bir yanda, parasal<span class=\"excerpt-hellip\"> [\u2026]<\/span><\/p>\n","protected":false},"featured_media":0,"template":"","meta":{"_monsterinsights_skip_tracking":false,"_monsterinsights_sitenote_active":false,"_monsterinsights_sitenote_note":"","_monsterinsights_sitenote_category":0},"product_brand":[],"product_cat":[12291,12711],"product_tag":[],"class_list":{"0":"post-772931","1":"product","2":"type-product","3":"status-publish","5":"product_cat-edebiyat","6":"product_cat-roman-oyku","7":"pa_cilt-ciltsiz","8":"pa_tur-kitap","9":"pa_yayinevi-masa-kitap","10":"pa_yazar-basak-duru","12":"first","13":"instock","14":"sale","15":"shipping-taxable","16":"purchasable","17":"product-type-simple"},"_links":{"self":[{"href":"https:\/\/roveyayinevi.com.tr\/index.php\/wp-json\/wp\/v2\/product\/772931","targetHints":{"allow":["GET"]}}],"collection":[{"href":"https:\/\/roveyayinevi.com.tr\/index.php\/wp-json\/wp\/v2\/product"}],"about":[{"href":"https:\/\/roveyayinevi.com.tr\/index.php\/wp-json\/wp\/v2\/types\/product"}],"wp:attachment":[{"href":"https:\/\/roveyayinevi.com.tr\/index.php\/wp-json\/wp\/v2\/media?parent=772931"}],"wp:term":[{"taxonomy":"product_brand","embeddable":true,"href":"https:\/\/roveyayinevi.com.tr\/index.php\/wp-json\/wp\/v2\/product_brand?post=772931"},{"taxonomy":"product_cat","embeddable":true,"href":"https:\/\/roveyayinevi.com.tr\/index.php\/wp-json\/wp\/v2\/product_cat?post=772931"},{"taxonomy":"product_tag","embeddable":true,"href":"https:\/\/roveyayinevi.com.tr\/index.php\/wp-json\/wp\/v2\/product_tag?post=772931"}],"curies":[{"name":"wp","href":"https:\/\/api.w.org\/{rel}","templated":true}]}}