{"id":772930,"date":"2025-08-28T15:57:46","date_gmt":"2025-08-28T12:57:46","guid":{"rendered":"https:\/\/roveyayinevi.com.tr\/index.php\/urun\/rakamlar-yalan-soylemez\/"},"modified":"2026-04-15T03:39:16","modified_gmt":"2026-04-15T00:39:16","slug":"rakamlar-yalan-soylemez","status":"publish","type":"product","link":"https:\/\/roveyayinevi.com.tr\/index.php\/urun\/rakamlar-yalan-soylemez\/","title":{"rendered":"Rakamlar Yalan S\u00f6ylemez"},"content":{"rendered":"<p>RAKAMLAR YALAN S\u00d6YLEMEZ D\u00fcnyaya Dair Bilmeniz Gereken 71 \u015eey    \u201cVaclav Smil kadar kitab\u0131n\u0131 d\u00f6rt g\u00f6zle bekledi\u011fim ba\u015fka bir yazar yok.\u201d  Bill Gates    U\u00e7mak tehlikeli mi? D\u00fcnyadaki b\u00fct\u00fcn inekler ka\u00e7 kilo gelir? Peki ya insanlar\u0131 ne mutlu eder?    Profes\u00f6r Vaclav Smil Rakamlar Yalan S\u00f6ylemez isimli kitab\u0131nda bizi toplumlar ve n\u00fcfuslara dair verilerden insanlar\u0131n yak\u0131t ve g\u0131da gereksinimine, modern d\u00fcnyadaki ula\u015f\u0131m ve icatlardan b\u00fct\u00fcn bunlar\u0131n gezegen \u00fczerinde yaratt\u0131\u011f\u0131 etkiye kadar pek \u00e7ok konuda geleneksel d\u00fc\u015f\u00fcnceye meydan okuyan, istatistiklerin ve ayd\u0131nlat\u0131c\u0131 grafiklerin e\u015flik etti\u011fi bir maceraya \u00e7\u0131kar\u0131yor.  \u201cBundan hi\u00e7 haberim yoktu\u201d diyece\u011finiz t\u00fcrden bilgilerle dolu, s\u0131ra d\u0131\u015f\u0131 ve \u015fa\u015f\u0131rt\u0131c\u0131 \u00f6rnekler i\u00e7eren Rakamlar Yalan S\u00f6ylemez B\u00fcy\u00fck Piramit\u2019i in\u015fa etmek i\u00e7in ka\u00e7 ki\u015fi gerekti\u011fi, a\u015f\u0131laman\u0131n neden yaln\u0131zca hayat kurtarmakla kalmay\u0131p ayn\u0131 zamanda iyi bir yat\u0131r\u0131m oldu\u011fu, elektrikli arabalar\u0131n neden (hen\u00fcz) sand\u0131\u011f\u0131m\u0131z kadar harika olmad\u0131\u011f\u0131 konusunda g\u00f6zlerimizi a\u00e7\u0131yor. Pek \u00e7ok konuya de\u011finen, tek solukta okunacak k\u0131sa makaleler bilim, tarih ve n\u00fcktenin harika bir harman\u0131.  Rakamlar Yalan S\u00f6ylemez bu m\u00fchim zamanlardan ge\u00e7erken d\u00fc\u015f\u00fcnmeden do\u011fru kabul etti\u011finiz \u015feyleri sorgulaman\u0131z i\u00e7in g\u00fc\u00e7l\u00fc bir \u00e7a\u011fr\u0131 niteli\u011fi ta\u015f\u0131yor. Smil olgular\u0131n \u00f6neminin alt\u0131n\u0131 \u00e7izmeyi ama\u00e7l\u0131yor zira rakamlar yalan s\u00f6ylemez ama hangi do\u011fruya i\u015faret ettikleri de bir o kadar ciddi bir durumdur.       \u201cVaclav Smil benim en sevdi\u011fim yazar\u2026 Rakamlar Yalan S\u00f6ylemez bu yazar\u0131 harika yapan b\u00fct\u00fcn yaz\u0131lar\u0131n\u0131 topluyor ve kolay okunan bir formatta bir araya getiriyor. Bir \u015feyler \u00f6\u011frenmeyi seven herkese b\u0131kmadan, usanmadan tavsiye edece\u011fim.\u201d  Bill Gates    \u201c\u0130nsan zihni bas\u0131n taraf\u0131ndan sunulan g\u00f6rselleri ve anlat\u0131lar\u0131 bir s\u00fcnger gibi emiyor ama bunlar rastgele olmayan ger\u00e7eklik \u00f6rneklerinden ba\u015fka bir \u015fey de\u011fil: deh\u015fetli, beklenmedik, fotojenik. Kitab\u0131n ba\u015fl\u0131\u011f\u0131 zaten her \u015feyi s\u00f6yl\u00fcyor: D\u00fcnyay\u0131 anlamak i\u00e7in man\u015fetlere de\u011fil, e\u011filimlere bakmal\u0131s\u0131n\u0131z. Kitap, d\u00fcnyaya ve gelece\u011fine dair merak uyand\u0131ran, s\u00fcr\u00fckleyici ve en \u00f6nemlisi de ger\u00e7ek\u00e7i bir portre \u00e7iziyor.\u201d Steven Pinker    \u201cG\u00fcndemimizdeki konularla ilgili k\u0131sa ve sorgulay\u0131c\u0131 makalelerden olu\u015fan keyifli bir koleksiyon. Smil\u2019in bula\u015f\u0131c\u0131 merak\u0131yla ve ara\u015ft\u0131rmalarla desteklenmi\u015f her bir yaz\u0131, yazar\u0131n dengeli bak\u0131\u015f a\u00e7\u0131s\u0131n\u0131 g\u00f6steriyor. Smil en can s\u0131k\u0131c\u0131 konular\u0131 irdelerken bile okurun ilgisini canl\u0131 tutmay\u0131 ba\u015far\u0131yor. \u0130ster tek oturu\u015fta bitirilebilecek isterse de arada bir birka\u00e7 makale \u015feklinde okunabilecek b\u00fcy\u00fcleyici bir kitap.\u201d  Kirkus Reviews    \u201cSmil baz\u0131lar\u0131 y\u0131k\u0131c\u0131 bir kesinli\u011fe sahip doyurucu bir bilgi silsilesi sunuyor.\u201d  Publishers Weekly    \u201cEnerji \u00fcretimi, ula\u015f\u0131m, makineler ve icatlar, g\u0131da \u00fcretimi ve t\u00fcketimi, demografi gibi pek \u00e7ok konuya de\u011finen Smil ger\u00e7ekleri g\u00f6z \u00f6n\u00fcne sermek i\u00e7in rakamlar\u0131 kullan\u0131yor. Her bir makale, yaz\u0131m tarz\u0131 ve rakamsal netli\u011fiyle okurlar\u0131na yeni \u015feyler \u00f6\u011frenmeyi ve farkl\u0131 bir perspektif kazanmay\u0131 vadediyor.\u201d Booklist   \u201cD\u00fcnyam\u0131z\u0131 daha iyi anlamak i\u00e7in okunabilecek en g\u00fczel kitap. Gezegenimize dair ger\u00e7ekleri g\u00f6rmemize yard\u0131mc\u0131 olabilecek kitaplar k\u0131rk y\u0131lda bir \u00e7\u0131k\u0131yor. Smil\u2019in bu kitab\u0131 bilim, sa\u011fl\u0131k, temiz teknoloji ve \u00e7ok daha fazlas\u0131na dair rakamlar\u0131 g\u00f6zler \u00f6n\u00fcne sererek tam da bunu yap\u0131yor. Her evde bulunmal\u0131!\u201d Linda Yueh\u201cSmil gibi rakamlarla bir tablo \u00e7izmeyi ba\u015faran ba\u015fka bir \u00f6\u011fretim g\u00f6revlisi daha olmayabilir. Geli\u015fim tarihi \u00fczerine \u00f6nde gelen d\u00fc\u015f\u00fcn\u00fcrlerden biri ve istatiksel analiz konusunda uzman bir isim. \u201d Guardian \u201c\u00d6nemli bir kitap.\u201d Mark Zuckerberg \u201cRakamlar\u0131n hem hi\u00e7bir \u015fey ifade etmedi\u011fi hem de \u00e7ok \u015fey ifade etti\u011fi bir d\u00fcnyada istatistiklerden ve \u015faibeli verilerden kafas\u0131 kar\u0131\u015fan herkes i\u00e7in ideal bir kitap. Vaclav Smil\u2019in yeni kitab\u0131 dizel neden sand\u0131\u011f\u0131n\u0131z kadar k\u00f6t\u00fc de\u011fildir, ger\u00e7ekte ne kadar g\u0131da israf\u0131 vard\u0131r, insanlar\u0131 asl\u0131nda ne mutlu eder gibi bir\u00e7ok soruya cevap veriyor.\u201d BBC Science Focus <\/p>\n","protected":false},"excerpt":{"rendered":"<p>RAKAMLAR YALAN S\u00d6YLEMEZ D\u00fcnyaya Dair Bilmeniz Gereken 71 \u015eey \u201cVaclav Smil kadar kitab\u0131n\u0131 d\u00f6rt g\u00f6zle bekledi\u011fim ba\u015fka bir yazar yok.\u201d Bill Gates U\u00e7mak tehlikeli mi? D\u00fcnyadaki<span class=\"excerpt-hellip\"> [\u2026]<\/span><\/p>\n","protected":false},"featured_media":0,"template":"","meta":{"_monsterinsights_skip_tracking":false,"_monsterinsights_sitenote_active":false,"_monsterinsights_sitenote_note":"","_monsterinsights_sitenote_category":0},"product_brand":[],"product_cat":[13005,13006],"product_tag":[],"class_list":{"0":"post-772930","1":"product","2":"type-product","3":"status-publish","5":"product_cat-bilim-muhendislik","6":"product_cat-populer-bilim","7":"pa_cilt-ciltsiz","8":"pa_tur-kitap","9":"pa_yayinevi-pegasus-yayinlari","10":"pa_yazar-vaclav-smil","12":"first","13":"instock","14":"sale","15":"shipping-taxable","16":"purchasable","17":"product-type-simple"},"_links":{"self":[{"href":"https:\/\/roveyayinevi.com.tr\/index.php\/wp-json\/wp\/v2\/product\/772930","targetHints":{"allow":["GET"]}}],"collection":[{"href":"https:\/\/roveyayinevi.com.tr\/index.php\/wp-json\/wp\/v2\/product"}],"about":[{"href":"https:\/\/roveyayinevi.com.tr\/index.php\/wp-json\/wp\/v2\/types\/product"}],"wp:attachment":[{"href":"https:\/\/roveyayinevi.com.tr\/index.php\/wp-json\/wp\/v2\/media?parent=772930"}],"wp:term":[{"taxonomy":"product_brand","embeddable":true,"href":"https:\/\/roveyayinevi.com.tr\/index.php\/wp-json\/wp\/v2\/product_brand?post=772930"},{"taxonomy":"product_cat","embeddable":true,"href":"https:\/\/roveyayinevi.com.tr\/index.php\/wp-json\/wp\/v2\/product_cat?post=772930"},{"taxonomy":"product_tag","embeddable":true,"href":"https:\/\/roveyayinevi.com.tr\/index.php\/wp-json\/wp\/v2\/product_tag?post=772930"}],"curies":[{"name":"wp","href":"https:\/\/api.w.org\/{rel}","templated":true}]}}