{"id":772925,"date":"2025-08-28T15:57:39","date_gmt":"2025-08-28T12:57:39","guid":{"rendered":"https:\/\/roveyayinevi.com.tr\/index.php\/urun\/blackout-karartma\/"},"modified":"2026-04-15T03:39:16","modified_gmt":"2026-04-15T00:39:16","slug":"blackout-karartma","status":"publish","type":"product","link":"https:\/\/roveyayinevi.com.tr\/index.php\/urun\/blackout-karartma\/","title":{"rendered":"Blackout (Karartma)"},"content":{"rendered":"<p>BLACKOUT (KARARTMA)   Yar\u0131n \u00e7ok ge\u00e7 olacak   D\u00fcnya yak\u0131nda bildi\u011fimiz \u015fekilde var olmayacak. Geri say\u0131m ba\u015flad\u0131\u2026   So\u011fuk bir Milano gecesinde Piero Manzano\u2019nun tek iste\u011fi bir an \u00f6nce evine gitmektir. Ancak trafik \u0131\u015f\u0131klar\u0131 ar\u0131zalanm\u0131\u015ft\u0131r ve Manzano kendini bir zincirleme trafik kazas\u0131n\u0131n ortas\u0131nda bulur. \u00dcstelik \u0131\u015f\u0131klar sadece o caddede de\u011fil, t\u00fcm \u015fehirde s\u00f6nm\u00fc\u015ft\u00fcr. Daha sonra Avrupa\u2019n\u0131n t\u00fcm elektrik santrallerinin kontrol\u00f6rleri \u015fa\u015fk\u0131nl\u0131kla k\u0131tan\u0131n elektrik sisteminin \u00e7\u00f6k\u00fc\u015f\u00fcne tan\u0131kl\u0131k ederler. \u0130nsanlar karanl\u0131\u011fa g\u00f6m\u00fclm\u00fc\u015f so\u011fuktan donarken yiyecek ve su stoklar\u0131 da t\u00fckenmenin e\u015fi\u011fine gelmi\u015ftir. \u00d6l\u00fc say\u0131s\u0131 giderek artmaktad\u0131r. Eski bir hacker olan Manzano, sald\u0131rganlar\u0131 bulabilecek tek ki\u015fidir. Yetkililere ula\u015f\u0131r fakat bir anda kendini \u015f\u00fcpheliler aras\u0131nda bulur. Sald\u0131r\u0131n\u0131n arkas\u0131ndakiler Manzano\u2019yu saf d\u0131\u015f\u0131 b\u0131rakmak i\u00e7in ona bir tuzak kurmu\u015flard\u0131r. Manzano art\u0131k tek ba\u015f\u0131nad\u0131r ve karanl\u0131\u011fa ra\u011fmen \u00e7ok ge\u00e7 olmadan bu ter\u00f6r a\u011f\u0131n\u0131 \u00e7\u00f6kertmenin bir yolunu bulmal\u0131d\u0131r. Bu adrenalin y\u00fckl\u00fc tekno-gerilimi okurken siz de yak\u0131n gelecekte insanl\u0131\u011f\u0131 nelerin bekledi\u011fini sorgulamadan edemeyeceksiniz.     \u201cElsberg bize yeni \u00e7a\u011f\u0131n ter\u00f6ristlerinin bomba ve silahlar yerine bilgisayar ve kodlarla t\u00fcm d\u00fcnyay\u0131 alt\u00fcst edebilece\u011fini g\u00f6steriyor.\u201d Charles Belfoure    \u201cBu kitap o kadar detayl\u0131 bir ara\u015ft\u0131rman\u0131n sonucunda yaz\u0131lm\u0131\u015f ki insan her sayfada, \u2018Evet, ger\u00e7ekten de olaylar b\u00f6yle geli\u015firdi,\u2019 demekten kendini alam\u0131yor. Elektrik d\u00fc\u011fmesine bas\u0131nca \u0131\u015f\u0131\u011f\u0131 her g\u00f6r\u00fc\u015f\u00fcmde art\u0131k i\u00e7imden, \u2018Neyse ki!\u2019 der oldum.\u201d Andreas Eschbach, NSA kitab\u0131n\u0131n yazar\u0131   \u201cTempolu, gerilim y\u00fckl\u00fc ve g\u00fcncel. Hepimiz biliyoruz ki g\u00fcn\u00fcn birinde bunlar\u0131 biz de ya\u015fayaca\u011f\u0131z.\u201d Lee Child   \u201c\u015eoke edici ama bir o kadar da ger\u00e7ek\u00e7i bir teknolojik ve ekolojik gerilim roman\u0131. Frank Sch\u00e4tzing\u2019in S\u00fcr\u00fc roman\u0131n\u0131 sevenler ka\u00e7\u0131rmas\u0131n.\u201d Pforzheimer Zeitung   \u201cElektrik y\u00fckl\u00fc\u2026 Marc Elsberg olas\u0131 bir geni\u015f \u00e7apl\u0131 elektrik kesintisinin \u00f6l\u00fcmc\u00fcl sonu\u00e7lar\u0131n\u0131 ustal\u0131kla kurgulam\u0131\u015f.\u201d Stern   \u201cGer\u00e7e\u011fi konu alan bir kitap nadiren ayn\u0131 zamanda da nefes kesici bir gerilim roman\u0131 olur. \u0130\u015fte Marc Elsberg tam olarak bunu ba\u015farm\u0131\u015f.\u201d Computer Bild   \u201cElektrik kesintisiyle birlikte t\u00fcm Avrupa\u2019y\u0131 gezip sonunda sizi de karanl\u0131\u011fa g\u00f6mecek bir roman.\u201d Sandra Block   \u201cElsberg, okurunu d\u00fc\u015f\u00fcnd\u00fcr\u00fcc\u00fc ve korkutucu bir gelecek senaryosuna sokuyor.\u201d Library Journal   \u201cBlackout (Karartma) i\u00e7inize korku salacak.\u201d Handelsblatt   \u201cBlackout size saatlerce s\u00fcrecek bir gerilim ve macera vadediyor.\u201d Petra Hammesfahr\u201cNefesinizi kesecek bir gerilim roman\u0131.\u201d Ruhr Nachrichten\u201cGer\u00e7ek\u00e7i ve insan\u0131 esir alan bir roman.\u201d F\u00fcr Sie \u201c\u00c7ok iyi ara\u015ft\u0131r\u0131lm\u0131\u015f ve ger\u00e7ek\u00e7i bir \u015fekilde aktar\u0131lm\u0131\u015f bir felaket senaryosu.\u201d Bild der Wissenschaft \u201cUstal\u0131kla i\u015flenmi\u015f bir teknolojik gerilim roman\u0131.\u201d TV H\u00f6ren und Sehen\u201cMarc Elsberg, b\u00fcy\u00fck bir elektrik kesintisinin getirece\u011fi felaketleri son derece gerilim y\u00fckl\u00fc ve ger\u00e7ek\u00e7i bir \u015fekilde ele alm\u0131\u015f.\u201d n-tv   \u201c\u00c7ok s\u00fcr\u00fckleyici.\u201d Neue Westf\u00e4lische   \u201cElsberg, son derece g\u00fcncel, heyecan dolu, ustal\u0131kla yaz\u0131lm\u0131\u015f ger\u00e7ek\u00e7i bir felaket senaryosuna imza atm\u0131\u015f. \u00dcstelik bu senaryo her g\u00fcn ger\u00e7e\u011fe d\u00f6n\u00fc\u015febilir.\u201d rbb Inforadio   \u201cB\u00fcy\u00fck bir ustal\u0131kla yaz\u0131lm\u0131\u015f, kesinlikle ka\u00e7\u0131r\u0131lmamas\u0131 gereken bir roman.\u201d Rheinische Post   \u201c\u0130nsan\u0131n t\u00fcylerini diken diken eden bir gerilim roman\u0131.\u201d GONG \u201cY\u00fcksek gerilim hatt\u0131na sahip bir roman.\u201d Dresdner Morgenpost   \u201cUzun ara\u015ft\u0131rmalar sonucu yaz\u0131ld\u0131\u011f\u0131 belli olan bir roman.\u201d Stuttgarter Nachrichten   \u201cBlackout birka\u00e7 hafta s\u00fcren bir elektrik kesintisinin d\u00fcnyay\u0131 nas\u0131l k\u00f6k\u00fcnden de\u011fi\u015ftirebilece\u011fini g\u00f6steren, ger\u00e7ek\u00e7i ve s\u00fcr\u00fckleyici bir gerilim roman\u0131.\u201d Allgemeine Zeitung Mainz   \u201cHeyecanl\u0131 ve iyi ara\u015ft\u0131r\u0131lm\u0131\u015f bir roman.\u201d Nordbayerischer Kurier   \u201cModern d\u00fcnyan\u0131n i\u015fleyi\u015fine dair ger\u00e7ek\u00e7i bir gerilim roman\u0131.\u201d Games aktuell \u201cHem Dan Brown tarz\u0131 bir macera hem de bir ekolojik gerilim roman\u0131.\u201d Booklist   \u201cMerak uyand\u0131r\u0131c\u0131 ve \u00f6zg\u00fcn bir konusu olan Blackout sizi elektrik \u00e7arpm\u0131\u015fa d\u00f6nd\u00fcrecek.\u201d Grant Blackwood   \u201cGer\u00e7eklerin y\u00fcz\u00fcn\u00fcze tokat gibi \u00e7arpaca\u011f\u0131 ayd\u0131nlat\u0131c\u0131 bir gerilim roman\u0131.\u201d Lib\u00e9ration   \u201c\u00c7ok iyi ara\u015ft\u0131r\u0131l\u0131p yaz\u0131lm\u0131\u015f bir hik\u00e2ye.\u201d SWR3 <\/p>\n","protected":false},"excerpt":{"rendered":"<p>BLACKOUT (KARARTMA) Yar\u0131n \u00e7ok ge\u00e7 olacak D\u00fcnya yak\u0131nda bildi\u011fimiz \u015fekilde var olmayacak. Geri say\u0131m ba\u015flad\u0131\u2026 So\u011fuk bir Milano gecesinde Piero Manzano\u2019nun tek iste\u011fi bir an \u00f6nce<span class=\"excerpt-hellip\"> [\u2026]<\/span><\/p>\n","protected":false},"featured_media":0,"template":"","meta":{"_monsterinsights_skip_tracking":false,"_monsterinsights_sitenote_active":false,"_monsterinsights_sitenote_note":"","_monsterinsights_sitenote_category":0},"product_brand":[],"product_cat":[12291,17033],"product_tag":[],"class_list":{"0":"post-772925","1":"product","2":"type-product","3":"status-publish","5":"product_cat-edebiyat","6":"product_cat-korku-gerilim","7":"pa_cilt-ciltsiz","8":"pa_tur-kitap","9":"pa_yayinevi-pegasus-yayinlari","10":"pa_yazar-marc-elsberg","12":"first","13":"instock","14":"sale","15":"shipping-taxable","16":"purchasable","17":"product-type-simple"},"_links":{"self":[{"href":"https:\/\/roveyayinevi.com.tr\/index.php\/wp-json\/wp\/v2\/product\/772925","targetHints":{"allow":["GET"]}}],"collection":[{"href":"https:\/\/roveyayinevi.com.tr\/index.php\/wp-json\/wp\/v2\/product"}],"about":[{"href":"https:\/\/roveyayinevi.com.tr\/index.php\/wp-json\/wp\/v2\/types\/product"}],"wp:attachment":[{"href":"https:\/\/roveyayinevi.com.tr\/index.php\/wp-json\/wp\/v2\/media?parent=772925"}],"wp:term":[{"taxonomy":"product_brand","embeddable":true,"href":"https:\/\/roveyayinevi.com.tr\/index.php\/wp-json\/wp\/v2\/product_brand?post=772925"},{"taxonomy":"product_cat","embeddable":true,"href":"https:\/\/roveyayinevi.com.tr\/index.php\/wp-json\/wp\/v2\/product_cat?post=772925"},{"taxonomy":"product_tag","embeddable":true,"href":"https:\/\/roveyayinevi.com.tr\/index.php\/wp-json\/wp\/v2\/product_tag?post=772925"}],"curies":[{"name":"wp","href":"https:\/\/api.w.org\/{rel}","templated":true}]}}