{"id":772924,"date":"2025-08-28T15:57:37","date_gmt":"2025-08-28T12:57:37","guid":{"rendered":"https:\/\/roveyayinevi.com.tr\/index.php\/urun\/aora-metodu\/"},"modified":"2026-04-15T03:39:16","modified_gmt":"2026-04-15T00:39:16","slug":"aora-metodu","status":"publish","type":"product","link":"https:\/\/roveyayinevi.com.tr\/index.php\/urun\/aora-metodu\/","title":{"rendered":"Aora Metodu"},"content":{"rendered":"<p>AORA METODU   \u0130\u00c7\u0130N\u0130ZDEK\u0130 YARATICI G\u00dcC\u00dc UYANDIRIN   Aora Metodu, Dr. Luc Bodin\u2019in EFT, Ho\u2019oponopono, akupunktur gibi tekniklerden beslenerek yaratt\u0131\u011f\u0131, uygulayan ki\u015finin \u00e7ekti\u011fi fiziksel ve ruhsal ac\u0131lardan, a\u011fr\u0131lardan ve s\u0131k\u0131nt\u0131lardan an\u0131nda kurtulmas\u0131n\u0131 sa\u011flayan bir y\u00f6ntemdir. \u00dcstelik ki\u015fi bunu bir uzmandan yard\u0131m almadan kendi kendine, her yerde ve durumda uygulayabilmektedir. Ba\u015far\u0131s\u0131n\u0131n s\u0131rr\u0131n\u0131 basitli\u011finden alan bu y\u00f6ntem size daha \u00f6nce hi\u00e7bir uzman\u0131n sunmad\u0131\u011f\u0131 bir kendi kendini tedavi y\u00f6ntemi sunmaktad\u0131r.   Dr. Bodin\u2019in g\u00fcnl\u00fck hayattan bir\u00e7ok \u00f6rnekle a\u00e7\u0131klad\u0131\u011f\u0131 bu y\u00f6ntemde siz de kendinizden par\u00e7alar bulacak, g\u00fcnl\u00fck hayat\u0131n\u0131zda ya\u015fad\u0131\u011f\u0131n\u0131z fiziksel ve duygusal problemleri doktora gitmek zorunda kalmadan nas\u0131l \u00e7\u00f6zebilece\u011finizi ke\u015ffedeceksiniz. Ba\u015f a\u011fr\u0131s\u0131ndan kas a\u011fr\u0131lar\u0131na, \u00f6fkeden depresyona kadar \u00e7ok say\u0131da soruna \u00e7\u00f6z\u00fcm getiren bu y\u00f6ntemle kendi kendinizin \u015fifac\u0131s\u0131 olman\u0131z art\u0131k m\u00fcmk\u00fcn. Yeter ki i\u00e7inizdeki iyile\u015ftirici g\u00fcc\u00fc ke\u015ffedin!   Bug\u00fcn \u201cAORA\u201d kula\u011fa sihir gibi geliyor. Di\u011ferlerinden daha da basit olan bu teknik, g\u00fcnl\u00fck hayatta kar\u015f\u0131m\u0131za \u00e7\u0131kan her t\u00fcrl\u00fc aksilik ve soruna, fiziksel nitelikte de olsalar, birka\u00e7 saniye i\u00e7inde m\u00fcdahale edebilmeyi sa\u011fl\u0131yor: a\u011fr\u0131lar, spazmlar gibi sindirimsel sorunlar ya da anksiyete, \u00f6fke, keyifsizlik gibi duygusal sorunlar. AORA Dr. Luc Bodin taraf\u0131ndan ke\u015ffedildi ve tan\u0131mland\u0131. Bu y\u00f6ntem, Dr. Bodin\u2019in insan fizyolojisi ve n\u00f6rolojisine dair yak\u0131n zamandaki ke\u015fiflerin yan\u0131 s\u0131ra duygular\u0131 y\u00f6netme ve v\u00fccudu iyile\u015ftirme teknikleriyle ba\u011f kuran deneyimlerinin bir meyvesidir.    AORA\u2019n\u0131n basitli\u011fi ve eyleme ge\u00e7me h\u0131z\u0131 onu modern toplumun kayda de\u011fer bir arac\u0131 k\u0131l\u0131yor. AORA\u2019y\u0131 ya\u015f\u0131, konumu ve tedavi edilmek istenen sorunu ne olursa olsun herkes kullanabilir. \u0130\u015fte tam da bu y\u00fczden, AORA herhangi bir k\u0131s\u0131tlama olmaks\u0131z\u0131n ya\u015fam\u0131n t\u00fcm ho\u015fnutsuzluklar\u0131na kar\u015f\u0131 bir ba\u015flang\u0131\u00e7 tedavisi olarak kullan\u0131labilir.  <\/p>\n","protected":false},"excerpt":{"rendered":"<p>AORA METODU \u0130\u00c7\u0130N\u0130ZDEK\u0130 YARATICI G\u00dcC\u00dc UYANDIRIN Aora Metodu, Dr. Luc Bodin\u2019in EFT, Ho\u2019oponopono, akupunktur gibi tekniklerden beslenerek yaratt\u0131\u011f\u0131, uygulayan ki\u015finin \u00e7ekti\u011fi fiziksel ve ruhsal ac\u0131lardan, a\u011fr\u0131lardan<span class=\"excerpt-hellip\"> [\u2026]<\/span><\/p>\n","protected":false},"featured_media":0,"template":"","meta":{"_monsterinsights_skip_tracking":false,"_monsterinsights_sitenote_active":false,"_monsterinsights_sitenote_note":"","_monsterinsights_sitenote_category":0},"product_brand":[],"product_cat":[12357],"product_tag":[],"class_list":{"0":"post-772924","1":"product","2":"type-product","3":"status-publish","5":"product_cat-psikoloji","6":"pa_cilt-ciltsiz","7":"pa_tur-kitap","8":"pa_yayinevi-pegasus-yayinlari","9":"pa_yazar-luc-bodin","11":"first","12":"instock","13":"sale","14":"shipping-taxable","15":"purchasable","16":"product-type-simple"},"_links":{"self":[{"href":"https:\/\/roveyayinevi.com.tr\/index.php\/wp-json\/wp\/v2\/product\/772924","targetHints":{"allow":["GET"]}}],"collection":[{"href":"https:\/\/roveyayinevi.com.tr\/index.php\/wp-json\/wp\/v2\/product"}],"about":[{"href":"https:\/\/roveyayinevi.com.tr\/index.php\/wp-json\/wp\/v2\/types\/product"}],"wp:attachment":[{"href":"https:\/\/roveyayinevi.com.tr\/index.php\/wp-json\/wp\/v2\/media?parent=772924"}],"wp:term":[{"taxonomy":"product_brand","embeddable":true,"href":"https:\/\/roveyayinevi.com.tr\/index.php\/wp-json\/wp\/v2\/product_brand?post=772924"},{"taxonomy":"product_cat","embeddable":true,"href":"https:\/\/roveyayinevi.com.tr\/index.php\/wp-json\/wp\/v2\/product_cat?post=772924"},{"taxonomy":"product_tag","embeddable":true,"href":"https:\/\/roveyayinevi.com.tr\/index.php\/wp-json\/wp\/v2\/product_tag?post=772924"}],"curies":[{"name":"wp","href":"https:\/\/api.w.org\/{rel}","templated":true}]}}