{"id":772922,"date":"2025-08-28T15:57:33","date_gmt":"2025-08-28T12:57:33","guid":{"rendered":"https:\/\/roveyayinevi.com.tr\/index.php\/urun\/anadolu-ve-bagdat-demiryollari\/"},"modified":"2026-04-15T03:39:16","modified_gmt":"2026-04-15T00:39:16","slug":"anadolu-ve-bagdat-demiryollari","status":"publish","type":"product","link":"https:\/\/roveyayinevi.com.tr\/index.php\/urun\/anadolu-ve-bagdat-demiryollari\/","title":{"rendered":"Anadolu ve Ba\u011fdat  Demiryollar\u0131"},"content":{"rendered":"<p>Anadolu ve Ba\u011fdat Demiryollar\u0131Anadolu-Ba\u011fdat demiryolu ile Hicaz demiryolu devasa bir \u015febekenin par\u00e7alar\u0131 olarak kabul edilebilir. Nitekim Abd\u00fclhamit i\u00e7in her iki demiryolu her ne pahas\u0131na olursa olsun bir an \u00f6nce bitirilmesi gereken bir b\u00fct\u00fcnd\u00fc. Sultan, Anadolu Demiryolu \u015eirketi Genel M\u00fcd\u00fcr\u00fc Kurt Zander\u2019e, demiryolu arac\u0131l\u0131\u011f\u0131yla \u0130stanbul\u2019dan kutsal kent Mekke\u2019ye ula\u015fma iste\u011fini kalbinde hissetti\u011fini s\u00f6ylemi\u015f, bu nedenle ondan en k\u0131sa zamanda her iki demiryolunu birle\u015ftiren bir ba\u011flant\u0131 hatt\u0131 in\u015fa etmesini istemi\u015fti.Anadolu-Ba\u011fdat Demiryollar\u0131, Osmanl\u0131-Alman ili\u015fkilerinin lokomotifi; Deutsche Bank\u2019\u0131n Anadolu\u2019da ilk demiryolu ayr\u0131cal\u0131\u011f\u0131 elde etti\u011fi 1888 y\u0131l\u0131 ise lokomotifin hareket tarihi olarak kabul edilebilir. Almanya\u2019n\u0131n Osmanl\u0131 \u0130mparatorlu\u011fu\u2019ndaki varl\u0131\u011f\u0131 bu olayla birlikte somut olarak kendini hissettirmeye ba\u015flam\u0131\u015ft\u0131r. Murat \u00d6zy\u00fcksel, 1888 \u00f6ncesi yap\u0131lan demiryollar\u0131n\u0131n ard\u0131ndaki toplumsal dinamikleri de ara\u015ft\u0131rm\u0131\u015f, b\u00f6ylelikle Anadolu demiryolunun do\u011fu\u015f ko\u015fullar\u0131n\u0131 g\u00f6stermeye \u00e7al\u0131\u015fm\u0131\u015ft\u0131r.<\/p>\n","protected":false},"excerpt":{"rendered":"<p>Anadolu ve Ba\u011fdat Demiryollar\u0131Anadolu-Ba\u011fdat demiryolu ile Hicaz demiryolu devasa bir \u015febekenin par\u00e7alar\u0131 olarak kabul edilebilir. Nitekim Abd\u00fclhamit i\u00e7in her iki demiryolu her ne pahas\u0131na olursa olsun<span class=\"excerpt-hellip\"> [\u2026]<\/span><\/p>\n","protected":false},"featured_media":0,"template":"","meta":{"_monsterinsights_skip_tracking":false,"_monsterinsights_sitenote_active":false,"_monsterinsights_sitenote_note":"","_monsterinsights_sitenote_category":0},"product_brand":[],"product_cat":[12304],"product_tag":[],"class_list":{"0":"post-772922","1":"product","2":"type-product","3":"status-publish","5":"product_cat-tarih","6":"pa_cilt-ciltsiz","7":"pa_tur-kitap","8":"pa_yayinevi-alfa-yayinlari","9":"pa_yazar-murat-ozyuksel","11":"first","12":"instock","13":"sale","14":"shipping-taxable","15":"purchasable","16":"product-type-simple"},"_links":{"self":[{"href":"https:\/\/roveyayinevi.com.tr\/index.php\/wp-json\/wp\/v2\/product\/772922","targetHints":{"allow":["GET"]}}],"collection":[{"href":"https:\/\/roveyayinevi.com.tr\/index.php\/wp-json\/wp\/v2\/product"}],"about":[{"href":"https:\/\/roveyayinevi.com.tr\/index.php\/wp-json\/wp\/v2\/types\/product"}],"wp:attachment":[{"href":"https:\/\/roveyayinevi.com.tr\/index.php\/wp-json\/wp\/v2\/media?parent=772922"}],"wp:term":[{"taxonomy":"product_brand","embeddable":true,"href":"https:\/\/roveyayinevi.com.tr\/index.php\/wp-json\/wp\/v2\/product_brand?post=772922"},{"taxonomy":"product_cat","embeddable":true,"href":"https:\/\/roveyayinevi.com.tr\/index.php\/wp-json\/wp\/v2\/product_cat?post=772922"},{"taxonomy":"product_tag","embeddable":true,"href":"https:\/\/roveyayinevi.com.tr\/index.php\/wp-json\/wp\/v2\/product_tag?post=772922"}],"curies":[{"name":"wp","href":"https:\/\/api.w.org\/{rel}","templated":true}]}}