{"id":772920,"date":"2025-08-28T15:57:29","date_gmt":"2025-08-28T12:57:29","guid":{"rendered":"https:\/\/roveyayinevi.com.tr\/index.php\/urun\/sosyoloji-zanaati\/"},"modified":"2026-04-15T03:39:16","modified_gmt":"2026-04-15T00:39:16","slug":"sosyoloji-zanaati","status":"publish","type":"product","link":"https:\/\/roveyayinevi.com.tr\/index.php\/urun\/sosyoloji-zanaati\/","title":{"rendered":"Sosyoloji Zanaat\u0131"},"content":{"rendered":"<p>Sosyoloji Zanaat\u0131, Fransa\u2019da yaln\u0131zca bir sosyoloji gelene\u011fini [yeniden] kurmakla kalmam\u0131\u015f -ki bu y\u00f6n\u00fcyle ayn\u0131 zamanda g\u00fc\u00e7l\u00fc bir Durkheimc\u0131 metindir-, ard\u0131 ard\u0131na gelen ku\u015faklar\u0131n d\u00fc\u015f\u00fcnme tarz\u0131n\u0131 ve sosyoloji prati\u011fini de derinden etkilemi\u015ftir. Bir bulu\u015f e\u011fitimi olarak tasarlad\u0131\u011f\u0131 ara\u015ft\u0131rma pedagojisi, \u00f6nerdi\u011fi \u201cepistemolojik uyar\u0131 sistemi\u201d ve teori ile y\u00f6ntemin ayr\u0131lmaz b\u00fct\u00fcnl\u00fc\u011f\u00fcne dair tavizsiz tutumuyla, zamanla Fransa\u2019da t\u00fcm bir sosyoloji e\u011fitiminin ve ara\u015ft\u0131rma prati\u011finin ayr\u0131lmaz bir par\u00e7as\u0131 h\u00e2line gelmi\u015f; hem dayanak noktas\u0131 hem de kar\u015f\u0131t kutup olarak d\u00fc\u015f\u00fcn\u00fclen kal\u0131c\u0131 bir referansa d\u00f6n\u00fc\u015fm\u00fc\u015ft\u00fcr.   Bilimsel \u00fcretimin metriklere indirgenerek muhasebele\u015ftirildi\u011fi g\u00fcn\u00fcm\u00fcz \u00fcniversitesinde, Sosyoloji Zanaat\u0131 zaman\u0131n ruhuna uymayan bir anakronizm olarak belirebilir. Zira bu metin, g\u00fcn\u00fcm\u00fcz\u00fcn akademik performans kriterlerine indirgenemeyecek bir \u201cbilme\u201d talebinin ifadesidir. Sosyolojik d\u00fc\u015f\u00fcn\u00fc\u015f\u00fc bir zanaatk\u00e2r habitusu -bir zihinsel al\u0131\u015fkanl\u0131klar sistemi- olarak in\u015fa etmeyi hedefleyen bu manifestoyla, ilk bask\u0131s\u0131ndan 57 y\u0131l sonra yeniden kar\u015f\u0131la\u015fman\u0131n, bu a\u00e7\u0131dan bak\u0131ld\u0131\u011f\u0131nda, sars\u0131c\u0131 bir taraf\u0131 vard\u0131r. Ger\u00e7ekten bilimsel bir sosyolojik bilginin olu\u015fum ko\u015fullar\u0131na y\u00f6nelen bu k\u00f6kl\u00fc sorgulama, bug\u00fcn sosyolojinin -ve genel olarak sosyal bilimin- s\u00fcregiden \u00e7\u00f6z\u00fcl\u00fc\u015f\u00fc kar\u015f\u0131s\u0131nda neyi yitirdi\u011fimizi ya da neyin e\u015fi\u011finde oldu\u011fumuzu hat\u0131rlat\u0131yor gibidir. \u0130\u015fte bu y\u00fczden bug\u00fcne dair h\u00e2l\u00e2 s\u00f6z\u00fc vard\u0131r; bu y\u00fczden de h\u00e2l\u00e2 bir ihtimaldir\u2026 Sosyoloji Zanaat\u0131, yaln\u0131zca gen\u00e7 meslekta\u015flar i\u00e7in de\u011fil; mesle\u011fe dair h\u00e2l\u00e2 bir kayg\u0131 ta\u015f\u0131yan, bilmenin mesuliyetini omuzlar\u0131nda hisseden herkes i\u00e7in yeniden a\u00e7\u0131lmay\u0131 bekliyor; hatta belki daha do\u011fru bir ifadeyle, bunu hak ediyor.<\/p>\n","protected":false},"excerpt":{"rendered":"<p>Sosyoloji Zanaat\u0131, Fransa\u2019da yaln\u0131zca bir sosyoloji gelene\u011fini [yeniden] kurmakla kalmam\u0131\u015f -ki bu y\u00f6n\u00fcyle ayn\u0131 zamanda g\u00fc\u00e7l\u00fc bir Durkheimc\u0131 metindir-, ard\u0131 ard\u0131na gelen ku\u015faklar\u0131n d\u00fc\u015f\u00fcnme tarz\u0131n\u0131 ve<span class=\"excerpt-hellip\"> [\u2026]<\/span><\/p>\n","protected":false},"featured_media":0,"template":"","meta":{"_monsterinsights_skip_tracking":false,"_monsterinsights_sitenote_active":false,"_monsterinsights_sitenote_note":"","_monsterinsights_sitenote_category":0},"product_brand":[],"product_cat":[12324],"product_tag":[],"class_list":{"0":"post-772920","1":"product","2":"type-product","3":"status-publish","5":"product_cat-sosyoloji","6":"pa_cilt-ciltsiz","7":"pa_tur-kitap","8":"pa_yayinevi-heretik-yayincilik","9":"pa_yazar-pierre-bourdieu-jean-claude-chamboredon-jean-claude-passeron","11":"first","12":"instock","13":"sale","14":"shipping-taxable","15":"purchasable","16":"product-type-simple"},"_links":{"self":[{"href":"https:\/\/roveyayinevi.com.tr\/index.php\/wp-json\/wp\/v2\/product\/772920","targetHints":{"allow":["GET"]}}],"collection":[{"href":"https:\/\/roveyayinevi.com.tr\/index.php\/wp-json\/wp\/v2\/product"}],"about":[{"href":"https:\/\/roveyayinevi.com.tr\/index.php\/wp-json\/wp\/v2\/types\/product"}],"wp:attachment":[{"href":"https:\/\/roveyayinevi.com.tr\/index.php\/wp-json\/wp\/v2\/media?parent=772920"}],"wp:term":[{"taxonomy":"product_brand","embeddable":true,"href":"https:\/\/roveyayinevi.com.tr\/index.php\/wp-json\/wp\/v2\/product_brand?post=772920"},{"taxonomy":"product_cat","embeddable":true,"href":"https:\/\/roveyayinevi.com.tr\/index.php\/wp-json\/wp\/v2\/product_cat?post=772920"},{"taxonomy":"product_tag","embeddable":true,"href":"https:\/\/roveyayinevi.com.tr\/index.php\/wp-json\/wp\/v2\/product_tag?post=772920"}],"curies":[{"name":"wp","href":"https:\/\/api.w.org\/{rel}","templated":true}]}}