{"id":772917,"date":"2025-08-28T15:57:22","date_gmt":"2025-08-28T12:57:22","guid":{"rendered":"https:\/\/roveyayinevi.com.tr\/index.php\/urun\/sarkilar\/"},"modified":"2026-04-15T03:39:16","modified_gmt":"2026-04-15T00:39:16","slug":"sarkilar","status":"publish","type":"product","link":"https:\/\/roveyayinevi.com.tr\/index.php\/urun\/sarkilar\/","title":{"rendered":"\u015eark\u0131lar"},"content":{"rendered":"<p>Giacomo Leopardi (1798-1937) sadece \u0130talya\u2019n\u0131n de\u011fil t\u00fcm d\u00fcnya i\u00e7in 19. y\u00fczy\u0131l\u0131n b\u00fcy\u00fck yazarlar\u0131 aras\u0131na yerle\u015ftirilmi\u015ftir. \u00d6zel-ailevi ya\u015fam\u0131n\u0131n etkisiyle \u201cyaln\u0131zl\u0131k\u201d neredeyse t\u00fcm yap\u0131tlar\u0131n\u0131n temel izleklerinden biri olmu\u015ftur. Yine de, d\u00f6neminin de etkisiyle, birbirinden farkl\u0131 fikir hareketlerinin toplumsal, siyasal, k\u00fclt\u00fcrel, psikolojik boyutlar\u0131yla etkisinde kalan \u015fair, bu ge\u00e7i\u015f d\u00f6nemlerini de derinli\u011fine ya\u015fam\u0131\u015ft\u0131r. Necdet Adaba\u011f\u2019\u0131n ustal\u0131kl\u0131 \u00e7evirisi ve a\u00e7\u0131klamal\u0131 notlar\u0131yla haz\u0131rlanan \u015eark\u0131lar, karamsar, kimilerine g\u00f6re s\u0131r\u00e7a k\u00f6\u015fk\u00fcne \u00e7ekilmi\u015f, toplumdan kopuk bilinen Leopardi\u2019nin tam tersine iyimser, istencini ortaya koyan m\u00fccadeleci bir \u015fair oldu\u011funu g\u00f6steriyor. \u015eayet Dante ve Petrarca \u0130talyan \u015fiirinin b\u00fcy\u00fck babas\u0131 olarak kabul edilecekse, y\u0131ld\u0131zlar\u0131n \u015fairi Leopardi de babas\u0131 olarak an\u0131lmal\u0131d\u0131r\u2026 \u201cDe\u011ferli insanlar, erdemliler, haktan yana olanlar uzak kalacaklard\u0131r t\u00fcmden kamu g\u00f6revlerinden, hangi siyasal d\u00fczende olurlarsa olsunlar. Ya da gireceklerdir yenikler ve beceriksizler s\u0131n\u0131f\u0131na: Do\u011fa onlar\u0131, \u00e7\u00fcnk\u00fc mahk\u00fbm etmi\u015ftir dipte kalmaya s\u00fcrekli. Oysa ortalama insanlar, y\u00fczs\u00fczler, d\u00fczenbazlar kalacaklar her zaman ayakta; \u00e7\u00fcnk\u00fc do\u011faya g\u00f6re, durmalar\u0131 gerekiyor onlar suyun \u00fcst\u00fcnde. K\u00f6t\u00fcye kullanacakt\u0131r elindeki g\u00fcc\u00fc, \u00f6zg\u00fcrl\u00fck\u00e7\u00fc ya da bask\u0131c\u0131 iktidar sahibi; ne olursa olsun iktidarlar\u0131n\u0131n ad\u0131. Yazg\u0131 ve do\u011fa bu yasay\u0131 yazd\u0131lar daha ilk g\u00fcnden \u00e7elik \u00fcst\u00fcne. Silemedi hi\u00e7 kimse:\u201d <\/p>\n","protected":false},"excerpt":{"rendered":"<p>Giacomo Leopardi (1798-1937) sadece \u0130talya\u2019n\u0131n de\u011fil t\u00fcm d\u00fcnya i\u00e7in 19. y\u00fczy\u0131l\u0131n b\u00fcy\u00fck yazarlar\u0131 aras\u0131na yerle\u015ftirilmi\u015ftir. \u00d6zel-ailevi ya\u015fam\u0131n\u0131n etkisiyle \u201cyaln\u0131zl\u0131k\u201d neredeyse t\u00fcm yap\u0131tlar\u0131n\u0131n temel izleklerinden biri olmu\u015ftur.<span class=\"excerpt-hellip\"> [\u2026]<\/span><\/p>\n","protected":false},"featured_media":0,"template":"","meta":{"_monsterinsights_skip_tracking":false,"_monsterinsights_sitenote_active":false,"_monsterinsights_sitenote_note":"","_monsterinsights_sitenote_category":0},"product_brand":[],"product_cat":[12291,12509],"product_tag":[],"class_list":{"0":"post-772917","1":"product","2":"type-product","3":"status-publish","5":"product_cat-edebiyat","6":"product_cat-siir","7":"pa_cilt-ciltsiz","8":"pa_tur-kitap","9":"pa_yayinevi-kirmizi-kedi-yayinevi","10":"pa_yazar-giacomo-leopardi","12":"first","13":"instock","14":"sale","15":"shipping-taxable","16":"purchasable","17":"product-type-simple"},"_links":{"self":[{"href":"https:\/\/roveyayinevi.com.tr\/index.php\/wp-json\/wp\/v2\/product\/772917","targetHints":{"allow":["GET"]}}],"collection":[{"href":"https:\/\/roveyayinevi.com.tr\/index.php\/wp-json\/wp\/v2\/product"}],"about":[{"href":"https:\/\/roveyayinevi.com.tr\/index.php\/wp-json\/wp\/v2\/types\/product"}],"wp:attachment":[{"href":"https:\/\/roveyayinevi.com.tr\/index.php\/wp-json\/wp\/v2\/media?parent=772917"}],"wp:term":[{"taxonomy":"product_brand","embeddable":true,"href":"https:\/\/roveyayinevi.com.tr\/index.php\/wp-json\/wp\/v2\/product_brand?post=772917"},{"taxonomy":"product_cat","embeddable":true,"href":"https:\/\/roveyayinevi.com.tr\/index.php\/wp-json\/wp\/v2\/product_cat?post=772917"},{"taxonomy":"product_tag","embeddable":true,"href":"https:\/\/roveyayinevi.com.tr\/index.php\/wp-json\/wp\/v2\/product_tag?post=772917"}],"curies":[{"name":"wp","href":"https:\/\/api.w.org\/{rel}","templated":true}]}}