{"id":772916,"date":"2025-08-28T15:57:20","date_gmt":"2025-08-28T12:57:20","guid":{"rendered":"https:\/\/roveyayinevi.com.tr\/index.php\/urun\/demir-elli-sovalye\/"},"modified":"2026-04-15T03:39:16","modified_gmt":"2026-04-15T00:39:16","slug":"demir-elli-sovalye","status":"publish","type":"product","link":"https:\/\/roveyayinevi.com.tr\/index.php\/urun\/demir-elli-sovalye\/","title":{"rendered":"Demir Elli \u015e\u00f6valye"},"content":{"rendered":"<p>Demir Elli \u015e\u00f6valye G\u00f6tz von Berlichingen adl\u0131 tiyatro oyunu, \u015e\u00f6valye Berlichingen\u2019in ki\u015fisel an\u0131lar\u0131na dayanarak Johann Wolfgang von Goethe taraf\u0131ndan serbest kurguyla kaleme al\u0131nan bir metin. Goethe\u2019nin \u201cerken d\u00f6nem\u201d yap\u0131tlar\u0131ndan biri olan oyunda, \u00f6zg\u00fcr ruhlu, asil kahraman\u0131m\u0131z sahtek\u00e2r topluma kar\u015f\u0131 ulusal b\u00fct\u00fcnl\u00fc\u011f\u00fcn dire\u011fi olmay\u0131 ama\u00e7lamaktad\u0131r. Hukuk ve adaletin (en \u00e7ok da \u015f\u00f6valye ahlak\u0131n\u0131n) soyut kavramlar\u0131na ko\u015fulsuz boyun e\u011fmesi d\u00f6nem toplumunda bireyin teslimiyetini t\u00fcm \u00e7\u0131plakl\u0131\u011f\u0131yla g\u00f6sterir. Goethe\u2019nin yaratt\u0131\u011f\u0131 \u015f\u00f6valyenin istedi\u011fi ise bug\u00fcn\u00fcn fertlerinden \u00e7ok farkl\u0131 de\u011fildir: \u00d6zg\u00fcrl\u00fck! O da t\u0131pk\u0131 bug\u00fcn\u00fcn insanlar\u0131 gibi \u00f6zg\u00fcrl\u00fc\u011f\u00fc \u00f6zl\u00fcyor ve bunun i\u00e7in m\u00fccadele veriyor\u2026 Daha \u00f6nce \u00fc\u00e7 kez (1925, 1955, 1979) sinemaya uyarlanan \u201c\u00f6l\u00fcms\u00fcz\u201d Demir Elli \u015e\u00f6valye G\u00f6tz von Berlichingen, Saffet G\u00fcnersel\u2019in ustal\u0131kl\u0131 \u00e7evirisiyle&#8230; \u201c\u00d6zg\u00fcrl\u00fck sa\u011fland\u0131 m\u0131, rahat\u00e7a \u00f6lebiliriz. En az\u0131ndan, \u00f6b\u00fcr d\u00fcnyadan bakt\u0131\u011f\u0131m\u0131zda torunlar\u0131m\u0131z\u0131 mutlu g\u00f6rece\u011fiz; onlar\u0131n imparatoru da mutlu olacakt\u0131r. Prenslerin hizmet\u00e7ileri \u2012t\u0131pk\u0131 sizler gibi\u2012 soylulara yak\u0131\u015f\u0131r \u015fekilde ve \u00f6zg\u00fcr olarak hizmet etse; prensler de \u2013t\u0131pk\u0131 benim gibi\u2013 imparatora hizmet etse&#8230;\u201d <\/p>\n","protected":false},"excerpt":{"rendered":"<p>Demir Elli \u015e\u00f6valye G\u00f6tz von Berlichingen adl\u0131 tiyatro oyunu, \u015e\u00f6valye Berlichingen\u2019in ki\u015fisel an\u0131lar\u0131na dayanarak Johann Wolfgang von Goethe taraf\u0131ndan serbest kurguyla kaleme al\u0131nan bir metin. Goethe\u2019nin<span class=\"excerpt-hellip\"> [\u2026]<\/span><\/p>\n","protected":false},"featured_media":0,"template":"","meta":{"_monsterinsights_skip_tracking":false,"_monsterinsights_sitenote_active":false,"_monsterinsights_sitenote_note":"","_monsterinsights_sitenote_category":0},"product_brand":[],"product_cat":[12291,14272],"product_tag":[],"class_list":{"0":"post-772916","1":"product","2":"type-product","3":"status-publish","5":"product_cat-edebiyat","6":"product_cat-tiyatro","7":"pa_cilt-ciltsiz","8":"pa_tur-kitap","9":"pa_yayinevi-kirmizi-kedi-yayinevi","10":"pa_yazar-johann-wolfgang-von-goethe","12":"first","13":"instock","14":"sale","15":"shipping-taxable","16":"purchasable","17":"product-type-simple"},"_links":{"self":[{"href":"https:\/\/roveyayinevi.com.tr\/index.php\/wp-json\/wp\/v2\/product\/772916","targetHints":{"allow":["GET"]}}],"collection":[{"href":"https:\/\/roveyayinevi.com.tr\/index.php\/wp-json\/wp\/v2\/product"}],"about":[{"href":"https:\/\/roveyayinevi.com.tr\/index.php\/wp-json\/wp\/v2\/types\/product"}],"wp:attachment":[{"href":"https:\/\/roveyayinevi.com.tr\/index.php\/wp-json\/wp\/v2\/media?parent=772916"}],"wp:term":[{"taxonomy":"product_brand","embeddable":true,"href":"https:\/\/roveyayinevi.com.tr\/index.php\/wp-json\/wp\/v2\/product_brand?post=772916"},{"taxonomy":"product_cat","embeddable":true,"href":"https:\/\/roveyayinevi.com.tr\/index.php\/wp-json\/wp\/v2\/product_cat?post=772916"},{"taxonomy":"product_tag","embeddable":true,"href":"https:\/\/roveyayinevi.com.tr\/index.php\/wp-json\/wp\/v2\/product_tag?post=772916"}],"curies":[{"name":"wp","href":"https:\/\/api.w.org\/{rel}","templated":true}]}}