{"id":772915,"date":"2025-08-28T15:57:19","date_gmt":"2025-08-28T12:57:19","guid":{"rendered":"https:\/\/roveyayinevi.com.tr\/index.php\/urun\/eski-sehir-spor\/"},"modified":"2026-04-15T03:39:16","modified_gmt":"2026-04-15T00:39:16","slug":"eski-sehir-spor","status":"publish","type":"product","link":"https:\/\/roveyayinevi.com.tr\/index.php\/urun\/eski-sehir-spor\/","title":{"rendered":"Eski \u015eehir Spor"},"content":{"rendered":"<p>Haydar Erg\u00fclen\u2019den bir bor\u00e7 \u00f6deme denemesi ESK\u0130 \u015eehir Spor. Eski\u015fehir do\u011fumlu, Eski\u015fehirspor taraftar\u0131 bir yazardan, \u201ceski\u015fiir\u201din r\u00fczg\u00e2r\u0131 ve eski g\u00fcnlerin \u00f6zlemiyle Eski\u015fehir\u2019e d\u00f6n\u00fc\u015f, kuruldu\u011fu g\u00fcnden bug\u00fcne Fethi-Nihat-Ender\u2019i, Amigo Orhan\u2019\u0131, vefak\u00e2r ve cefak\u00e2r taraftar\u0131yla Es-Es\u2019e selam kitab\u0131. Erg\u00fclen avare ad\u0131mlarla \u00e7ocuklu\u011funun \u015fehrini dola\u015f\u0131rken T\u00fcrk futbolunda \u201cAnadolu devrimi\u201dni ate\u015fleyen K\u0131rm\u0131z\u0131 \u015eim\u015fekler\u2019in kurulu\u015funun 60. y\u0131l\u0131nda i\u00e7eriden ve d\u0131\u015far\u0131dan ser\u00fcvenini yaz\u0131yor.  \u015eehre, semte, \u015fiire, futbola dair \u00e7ok-sesli bir d\u00f6k\u00fcm. <\/p>\n","protected":false},"excerpt":{"rendered":"<p>Haydar Erg\u00fclen\u2019den bir bor\u00e7 \u00f6deme denemesi ESK\u0130 \u015eehir Spor. Eski\u015fehir do\u011fumlu, Eski\u015fehirspor taraftar\u0131 bir yazardan, \u201ceski\u015fiir\u201din r\u00fczg\u00e2r\u0131 ve eski g\u00fcnlerin \u00f6zlemiyle Eski\u015fehir\u2019e d\u00f6n\u00fc\u015f, kuruldu\u011fu g\u00fcnden bug\u00fcne<span class=\"excerpt-hellip\"> [\u2026]<\/span><\/p>\n","protected":false},"featured_media":0,"template":"","meta":{"_monsterinsights_skip_tracking":false,"_monsterinsights_sitenote_active":false,"_monsterinsights_sitenote_note":"","_monsterinsights_sitenote_category":0},"product_brand":[],"product_cat":[15563,15564],"product_tag":[],"class_list":{"0":"post-772915","1":"product","2":"type-product","3":"status-publish","5":"product_cat-hobi","6":"product_cat-spor","7":"pa_cilt-ciltsiz","8":"pa_tur-kitap","9":"pa_yayinevi-kirmizi-kedi-yayinevi","10":"pa_yazar-haydar-ergulen","12":"first","13":"instock","14":"sale","15":"shipping-taxable","16":"purchasable","17":"product-type-simple"},"_links":{"self":[{"href":"https:\/\/roveyayinevi.com.tr\/index.php\/wp-json\/wp\/v2\/product\/772915","targetHints":{"allow":["GET"]}}],"collection":[{"href":"https:\/\/roveyayinevi.com.tr\/index.php\/wp-json\/wp\/v2\/product"}],"about":[{"href":"https:\/\/roveyayinevi.com.tr\/index.php\/wp-json\/wp\/v2\/types\/product"}],"wp:attachment":[{"href":"https:\/\/roveyayinevi.com.tr\/index.php\/wp-json\/wp\/v2\/media?parent=772915"}],"wp:term":[{"taxonomy":"product_brand","embeddable":true,"href":"https:\/\/roveyayinevi.com.tr\/index.php\/wp-json\/wp\/v2\/product_brand?post=772915"},{"taxonomy":"product_cat","embeddable":true,"href":"https:\/\/roveyayinevi.com.tr\/index.php\/wp-json\/wp\/v2\/product_cat?post=772915"},{"taxonomy":"product_tag","embeddable":true,"href":"https:\/\/roveyayinevi.com.tr\/index.php\/wp-json\/wp\/v2\/product_tag?post=772915"}],"curies":[{"name":"wp","href":"https:\/\/api.w.org\/{rel}","templated":true}]}}