{"id":772912,"date":"2025-08-28T15:57:14","date_gmt":"2025-08-28T12:57:14","guid":{"rendered":"https:\/\/roveyayinevi.com.tr\/index.php\/urun\/ay-kadinlari-amazonlar\/"},"modified":"2026-04-15T03:39:16","modified_gmt":"2026-04-15T00:39:16","slug":"ay-kadinlari-amazonlar","status":"publish","type":"product","link":"https:\/\/roveyayinevi.com.tr\/index.php\/urun\/ay-kadinlari-amazonlar\/","title":{"rendered":"Ay Kad\u0131nlar\u0131 Amazonlar"},"content":{"rendered":"<p>Homeros ve Herodotos\u2019un sayfalar\u0131ndaki sava\u015flarda \u00e7arp\u0131\u015ft\u0131klar\u0131 zamandan bu yana insanlar\u0131 b\u00fcy\u00fclemeye devam eden efsanevi kad\u0131n sava\u015f\u00e7\u0131lar, Amazonlar ger\u00e7ekte kimdi? Bu \u201ccesur ve ac\u0131mas\u0131z kad\u0131n sava\u015f\u00e7\u0131lar\u201d\u0131n b\u00fcy\u00fcs\u00fcne kap\u0131larak mitoloji, tarih ve efsanelerdeki at\u0131flar\u0131n olu\u015fturdu\u011fu labirentin dehlizlerine dalan Lyn Webster Wilde, akademik derinlik ile macera duygusunu birle\u015ftirdi\u011fi yolculu\u011funda tarihsel ger\u00e7ekliklerine dair \u015fa\u015f\u0131rt\u0131c\u0131 bilgilere ula\u015f\u0131yor. Yolculu\u011fu bizi Yunan toplumu, Demir \u00c7a\u011f\u0131 kad\u0131n sava\u015f\u00e7\u0131 mezarlar\u0131, Ukrayna bozk\u0131rlar\u0131 ve Karadeniz\u2019e g\u00f6t\u00fcr\u00fcyor; Amazonlar\u0131n tanr\u0131\u00e7as\u0131 Artemis\u2019le, eski Yunan d\u00fcnyas\u0131n\u0131n anaerkil k\u00fcltleriyle, Hititlerin \u201ctaht tanr\u0131\u00e7alar\u0131\u201dn\u0131n gizemiyle, \u0130skit kad\u0131n sava\u015f\u00e7\u0131lar\u0131yla, Babil\u2019in \u0130\u015ftar\u2019\u0131, \u00c7atalh\u00f6y\u00fck\u2019\u00fcn \u201cleoparl\u0131 kad\u0131n\u201d\u0131yla bulu\u015fturuyor.   Amazonlar\u0131n mitoloji, tarih ve efsanelerde b\u0131rakt\u0131klar\u0131 izlerin pe\u015finde farkl\u0131 zamanlar, k\u00fclt\u00fcrler ve co\u011frafyalar aras\u0131ndaki bu \u015fa\u015f\u0131rt\u0131c\u0131 yolculuk asl\u0131nda di\u015fil g\u00fcc\u00fcn yitirilmi\u015f bi\u00e7imleriyle kar\u015f\u0131la\u015fman\u0131n bir hik\u00e2yesi. Ve bu hik\u00e2ye eril ve di\u015fil g\u00fc\u00e7lerle ilgili yayg\u0131n \u00f6nyarg\u0131lar\u0131 sorgulamam\u0131z\u0131 sa\u011fl\u0131yor. <\/p>\n","protected":false},"excerpt":{"rendered":"<p>Homeros ve Herodotos\u2019un sayfalar\u0131ndaki sava\u015flarda \u00e7arp\u0131\u015ft\u0131klar\u0131 zamandan bu yana insanlar\u0131 b\u00fcy\u00fclemeye devam eden efsanevi kad\u0131n sava\u015f\u00e7\u0131lar, Amazonlar ger\u00e7ekte kimdi? Bu \u201ccesur ve ac\u0131mas\u0131z kad\u0131n sava\u015f\u00e7\u0131lar\u201d\u0131n b\u00fcy\u00fcs\u00fcne<span class=\"excerpt-hellip\"> [\u2026]<\/span><\/p>\n","protected":false},"featured_media":0,"template":"","meta":{"_monsterinsights_skip_tracking":false,"_monsterinsights_sitenote_active":false,"_monsterinsights_sitenote_note":"","_monsterinsights_sitenote_category":0},"product_brand":[],"product_cat":[12370,12304],"product_tag":[],"class_list":{"0":"post-772912","1":"product","2":"type-product","3":"status-publish","5":"product_cat-arastirma-inceleme","6":"product_cat-tarih","7":"pa_cilt-ciltsiz","8":"pa_tur-kitap","9":"pa_yayinevi-say-yayinlari","10":"pa_yazar-lyn-webster-wilde","12":"first","13":"instock","14":"sale","15":"shipping-taxable","16":"purchasable","17":"product-type-simple"},"_links":{"self":[{"href":"https:\/\/roveyayinevi.com.tr\/index.php\/wp-json\/wp\/v2\/product\/772912","targetHints":{"allow":["GET"]}}],"collection":[{"href":"https:\/\/roveyayinevi.com.tr\/index.php\/wp-json\/wp\/v2\/product"}],"about":[{"href":"https:\/\/roveyayinevi.com.tr\/index.php\/wp-json\/wp\/v2\/types\/product"}],"wp:attachment":[{"href":"https:\/\/roveyayinevi.com.tr\/index.php\/wp-json\/wp\/v2\/media?parent=772912"}],"wp:term":[{"taxonomy":"product_brand","embeddable":true,"href":"https:\/\/roveyayinevi.com.tr\/index.php\/wp-json\/wp\/v2\/product_brand?post=772912"},{"taxonomy":"product_cat","embeddable":true,"href":"https:\/\/roveyayinevi.com.tr\/index.php\/wp-json\/wp\/v2\/product_cat?post=772912"},{"taxonomy":"product_tag","embeddable":true,"href":"https:\/\/roveyayinevi.com.tr\/index.php\/wp-json\/wp\/v2\/product_tag?post=772912"}],"curies":[{"name":"wp","href":"https:\/\/api.w.org\/{rel}","templated":true}]}}