{"id":772910,"date":"2025-08-28T15:57:11","date_gmt":"2025-08-28T12:57:11","guid":{"rendered":"https:\/\/roveyayinevi.com.tr\/index.php\/urun\/fransiz-usulu-iyi-yasama-sanati\/"},"modified":"2026-04-15T03:39:16","modified_gmt":"2026-04-15T00:39:16","slug":"fransiz-usulu-iyi-yasama-sanati","status":"publish","type":"product","link":"https:\/\/roveyayinevi.com.tr\/index.php\/urun\/fransiz-usulu-iyi-yasama-sanati\/","title":{"rendered":"Frans\u0131z Usulu\u0308 \u0130yi Ya\u015fama Sanat\u0131"},"content":{"rendered":"<p>Frans\u0131zlar yeme i\u00e7me, giyim ku\u015fam, e\u011flenme, a\u015fk\u0131 \u00f6zg\u00fcrce ya\u015fama konular\u0131nda t\u00fcm d\u00fcnyaya \u00f6rnek oldular. \u00c7atal b\u0131\u00e7akla yemek yemeyi, hangi yemekle hangi \u015farab\u0131n i\u00e7ilece\u011fini, hangi sosyal ortama hangi k\u0131yafetle gidilece\u011fini, g\u00f6rg\u00fc ve nezaket kurallar\u0131n\u0131 Frans\u0131zlardan \u00f6\u011frendik. Elbette bununla bitmiyor; Frans\u0131z d\u00fc\u015f\u00fcn\u00fcrler, ressamlar, siyaset\u00e7iler, romanc\u0131lar, \u015fairler, sinemac\u0131lar t\u00fcm d\u00fcnyay\u0131 pe\u015flerinden s\u00fcr\u00fcklediler.  Fransa\u2019da \u00f6\u011frenci, \u00f6\u011fretmen ve ara\u015ft\u0131rmac\u0131 olarak uzun y\u0131llar ge\u00e7iren yazar Cathy Yandell bu kitab\u0131yla Frans\u0131z k\u00fclt\u00fcr\u00fcne nas\u0131l n\u00fcfuz edebilece\u011fimize dair bize bir yol haritas\u0131 sunuyor. Fransa\u2019y\u0131 gezmek isteyenler nereleri g\u00f6rmeli, hangi lezzetleri tatmal\u0131? Fransa\u2019da bir s\u00fcre ya\u015famay\u0131 d\u00fc\u015f\u00fcnenler hangi mek\u00e2nlar\u0131 tercih edebilir ve bu k\u00fclt\u00fcr\u00fc nas\u0131l tan\u0131yabilirler? Yerle\u015fmeyi d\u00fc\u015f\u00fcnenler bu k\u00fclt\u00fcre nas\u0131l uyum sa\u011flayabilirler; Frans\u0131z e\u011fitim, sa\u011fl\u0131k ve hukuk sistemlerinden nas\u0131l faydalanabilirler? Okurlar\u0131n b\u00fcy\u00fck be\u011fenisini kazanan Lezzetli Fransa Tarihi tad\u0131nda bir ba\u015fka kitapla yine kar\u015f\u0131n\u0131zday\u0131z\u2026 <\/p>\n","protected":false},"excerpt":{"rendered":"<p>Frans\u0131zlar yeme i\u00e7me, giyim ku\u015fam, e\u011flenme, a\u015fk\u0131 \u00f6zg\u00fcrce ya\u015fama konular\u0131nda t\u00fcm d\u00fcnyaya \u00f6rnek oldular. \u00c7atal b\u0131\u00e7akla yemek yemeyi, hangi yemekle hangi \u015farab\u0131n i\u00e7ilece\u011fini, hangi sosyal ortama<span class=\"excerpt-hellip\"> [\u2026]<\/span><\/p>\n","protected":false},"featured_media":0,"template":"","meta":{"_monsterinsights_skip_tracking":false,"_monsterinsights_sitenote_active":false,"_monsterinsights_sitenote_note":"","_monsterinsights_sitenote_category":0},"product_brand":[],"product_cat":[13054,45811],"product_tag":[],"class_list":{"0":"post-772910","1":"product","2":"type-product","3":"status-publish","5":"product_cat-gezi-ve-rehber-kitaplari","6":"product_cat-ulke-rehberleri","7":"pa_cilt-ciltsiz","8":"pa_tur-kitap","9":"pa_yayinevi-say-yayinlari","10":"pa_yazar-cathy-yandell","12":"first","13":"instock","14":"sale","15":"shipping-taxable","16":"purchasable","17":"product-type-simple"},"_links":{"self":[{"href":"https:\/\/roveyayinevi.com.tr\/index.php\/wp-json\/wp\/v2\/product\/772910","targetHints":{"allow":["GET"]}}],"collection":[{"href":"https:\/\/roveyayinevi.com.tr\/index.php\/wp-json\/wp\/v2\/product"}],"about":[{"href":"https:\/\/roveyayinevi.com.tr\/index.php\/wp-json\/wp\/v2\/types\/product"}],"wp:attachment":[{"href":"https:\/\/roveyayinevi.com.tr\/index.php\/wp-json\/wp\/v2\/media?parent=772910"}],"wp:term":[{"taxonomy":"product_brand","embeddable":true,"href":"https:\/\/roveyayinevi.com.tr\/index.php\/wp-json\/wp\/v2\/product_brand?post=772910"},{"taxonomy":"product_cat","embeddable":true,"href":"https:\/\/roveyayinevi.com.tr\/index.php\/wp-json\/wp\/v2\/product_cat?post=772910"},{"taxonomy":"product_tag","embeddable":true,"href":"https:\/\/roveyayinevi.com.tr\/index.php\/wp-json\/wp\/v2\/product_tag?post=772910"}],"curies":[{"name":"wp","href":"https:\/\/api.w.org\/{rel}","templated":true}]}}