{"id":772907,"date":"2025-08-28T15:57:06","date_gmt":"2025-08-28T12:57:06","guid":{"rendered":"https:\/\/roveyayinevi.com.tr\/index.php\/urun\/yatirim-felsefesi\/"},"modified":"2026-04-15T03:39:16","modified_gmt":"2026-04-15T00:39:16","slug":"yatirim-felsefesi","status":"publish","type":"product","link":"https:\/\/roveyayinevi.com.tr\/index.php\/urun\/yatirim-felsefesi\/","title":{"rendered":"Yat\u0131r\u0131m Felsefesi"},"content":{"rendered":"<p>D\u00fcnyan\u0131n en zengin ve eski yat\u0131r\u0131mc\u0131lar\u0131ndan Warren Buffett\u2019\u0131n \u015fahsi yat\u0131r\u0131m ve i\u015f hayat\u0131na dair m\u00fchim tavsiyeleri\u2026 Dav\u0131d Clark ile Mary Buffett, Warren Buffett\u2019\u0131n s\u00f6zleri ve g\u00f6r\u00fc\u015flerini elinizdeki kitapta bir araya getiriyor. Buffett, bug\u00fcnk\u00fc haline nas\u0131l geldi\u011fini, neleri do\u011fru yapt\u0131\u011f\u0131n\u0131 ve yol \u00fczerinde neler \u00f6\u011frendi\u011fini anlat\u0131yor. Do\u011fru hamlelerin yan\u0131 s\u0131ra yanl\u0131\u015f hamlelerini de b\u00fcy\u00fck bir al\u00e7akg\u00f6n\u00fcll\u00fcl\u00fckle payla\u015f\u0131yor. C\u00fczi denilebilecek bir mebla\u011fa ald\u0131\u011f\u0131 Berksh\u0131re Hathaway\u2019i d\u00fcnyan\u0131n en b\u00fcy\u00fck \u015firketlerinden biri haline getiri\u015finin ve uygun an\u0131 bekleyip ald\u0131\u011f\u0131 Coca Cola, Apple, Amer\u0131can Express hisseleriyle yakalad\u0131\u011f\u0131 y\u00fckseli\u015fin hik\u00e2yesini de anlat\u0131yor. Her krizin ard\u0131nda yatan \u00e7\u0131k\u0131\u015f\u0131 g\u00f6rmek, do\u011fru anda do\u011fru hamleyi yapmak, herkesin ra\u011fbet etti\u011fi \u015feyden uzak durmak, piyasan\u0131n aksi y\u00f6n\u00fcnde hareket etmek gibi kurallar\u0131n payla\u015f\u0131ld\u0131\u011f\u0131 Yat\u0131r\u0131m Felsefesi, d\u00fcnyan\u0131n en zengin insanlar\u0131ndan Warren Buffett\u2019\u0131n yolculu\u011funun \u00f6zl\u00fc bir anlat\u0131s\u0131. <\/p>\n","protected":false},"excerpt":{"rendered":"<p>D\u00fcnyan\u0131n en zengin ve eski yat\u0131r\u0131mc\u0131lar\u0131ndan Warren Buffett\u2019\u0131n \u015fahsi yat\u0131r\u0131m ve i\u015f hayat\u0131na dair m\u00fchim tavsiyeleri\u2026 Dav\u0131d Clark ile Mary Buffett, Warren Buffett\u2019\u0131n s\u00f6zleri ve g\u00f6r\u00fc\u015flerini<span class=\"excerpt-hellip\"> [\u2026]<\/span><\/p>\n","protected":false},"featured_media":0,"template":"","meta":{"_monsterinsights_skip_tracking":false,"_monsterinsights_sitenote_active":false,"_monsterinsights_sitenote_note":"","_monsterinsights_sitenote_category":0},"product_brand":[],"product_cat":[13043,17647],"product_tag":[],"class_list":{"0":"post-772907","1":"product","2":"type-product","3":"status-publish","5":"product_cat-ekonomi","6":"product_cat-is-dunyasi","7":"pa_cilt-ciltsiz","8":"pa_tur-kitap","9":"pa_yayinevi-ucuncu-goz","10":"pa_yazar-mary-buffett-david-clark","12":"first","13":"instock","14":"sale","15":"shipping-taxable","16":"purchasable","17":"product-type-simple"},"_links":{"self":[{"href":"https:\/\/roveyayinevi.com.tr\/index.php\/wp-json\/wp\/v2\/product\/772907","targetHints":{"allow":["GET"]}}],"collection":[{"href":"https:\/\/roveyayinevi.com.tr\/index.php\/wp-json\/wp\/v2\/product"}],"about":[{"href":"https:\/\/roveyayinevi.com.tr\/index.php\/wp-json\/wp\/v2\/types\/product"}],"wp:attachment":[{"href":"https:\/\/roveyayinevi.com.tr\/index.php\/wp-json\/wp\/v2\/media?parent=772907"}],"wp:term":[{"taxonomy":"product_brand","embeddable":true,"href":"https:\/\/roveyayinevi.com.tr\/index.php\/wp-json\/wp\/v2\/product_brand?post=772907"},{"taxonomy":"product_cat","embeddable":true,"href":"https:\/\/roveyayinevi.com.tr\/index.php\/wp-json\/wp\/v2\/product_cat?post=772907"},{"taxonomy":"product_tag","embeddable":true,"href":"https:\/\/roveyayinevi.com.tr\/index.php\/wp-json\/wp\/v2\/product_tag?post=772907"}],"curies":[{"name":"wp","href":"https:\/\/api.w.org\/{rel}","templated":true}]}}