{"id":772903,"date":"2025-08-28T15:56:57","date_gmt":"2025-08-28T12:56:57","guid":{"rendered":"https:\/\/roveyayinevi.com.tr\/index.php\/urun\/hayal-agacim-igde\/"},"modified":"2026-04-15T03:39:16","modified_gmt":"2026-04-15T00:39:16","slug":"hayal-agacim-igde","status":"publish","type":"product","link":"https:\/\/roveyayinevi.com.tr\/index.php\/urun\/hayal-agacim-igde\/","title":{"rendered":"Hayal A\u011fac\u0131m \u0130\u011fde"},"content":{"rendered":"<p>Biliyorum art\u0131k. Biliyorum, \u00e7ok b\u00fcy\u00fck mutluluklar\u0131n sessizce geldi\u011fini&#8230; \u00d6ylece geliver i\u015fte, kuca\u011fa s\u0131\u011famayacak mutluluklar\u0131nla. Ve biliyorum, cennet ve cehennemin her insan\u0131n kendi kalbinde oldu\u011funu. \u00d6yle bir mucize ya\u015fat ki bize, t\u00fcm vatan, kalbinde cennet ta\u015f\u0131yan insanlarla dolsun. G\u00f6kku\u015fa\u011f\u0131n\u0131n ahengini ver bizlere. Hepimiz ba\u015fka renk, ama bir arada \u015fahane dural\u0131m. Nefesi kesilsin g\u00fczelli\u011fimizden bize bakan\u0131n. Biz&#8230; Bu \u00fclkede mucizenin ta kendisi olal\u0131m. <\/p>\n","protected":false},"excerpt":{"rendered":"<p>Biliyorum art\u0131k. Biliyorum, \u00e7ok b\u00fcy\u00fck mutluluklar\u0131n sessizce geldi\u011fini&#8230; \u00d6ylece geliver i\u015fte, kuca\u011fa s\u0131\u011famayacak mutluluklar\u0131nla. Ve biliyorum, cennet ve cehennemin her insan\u0131n kendi kalbinde oldu\u011funu. \u00d6yle bir<span class=\"excerpt-hellip\"> [\u2026]<\/span><\/p>\n","protected":false},"featured_media":0,"template":"","meta":{"_monsterinsights_skip_tracking":false,"_monsterinsights_sitenote_active":false,"_monsterinsights_sitenote_note":"","_monsterinsights_sitenote_category":0},"product_brand":[],"product_cat":[12777,12291],"product_tag":[],"class_list":{"0":"post-772903","1":"product","2":"type-product","3":"status-publish","5":"product_cat-deneme","6":"product_cat-edebiyat","7":"pa_cilt-ciltsiz","8":"pa_tur-kitap","9":"pa_yayinevi-inkilap-kitabevi","10":"pa_yazar-bige-guven-kizilay","12":"first","13":"instock","14":"sale","15":"shipping-taxable","16":"purchasable","17":"product-type-simple"},"_links":{"self":[{"href":"https:\/\/roveyayinevi.com.tr\/index.php\/wp-json\/wp\/v2\/product\/772903","targetHints":{"allow":["GET"]}}],"collection":[{"href":"https:\/\/roveyayinevi.com.tr\/index.php\/wp-json\/wp\/v2\/product"}],"about":[{"href":"https:\/\/roveyayinevi.com.tr\/index.php\/wp-json\/wp\/v2\/types\/product"}],"wp:attachment":[{"href":"https:\/\/roveyayinevi.com.tr\/index.php\/wp-json\/wp\/v2\/media?parent=772903"}],"wp:term":[{"taxonomy":"product_brand","embeddable":true,"href":"https:\/\/roveyayinevi.com.tr\/index.php\/wp-json\/wp\/v2\/product_brand?post=772903"},{"taxonomy":"product_cat","embeddable":true,"href":"https:\/\/roveyayinevi.com.tr\/index.php\/wp-json\/wp\/v2\/product_cat?post=772903"},{"taxonomy":"product_tag","embeddable":true,"href":"https:\/\/roveyayinevi.com.tr\/index.php\/wp-json\/wp\/v2\/product_tag?post=772903"}],"curies":[{"name":"wp","href":"https:\/\/api.w.org\/{rel}","templated":true}]}}