{"id":772900,"date":"2025-08-28T15:56:50","date_gmt":"2025-08-28T12:56:50","guid":{"rendered":"https:\/\/roveyayinevi.com.tr\/index.php\/urun\/neden-hikaye-anlatiriz-1\/"},"modified":"2026-04-15T03:39:16","modified_gmt":"2026-04-15T00:39:16","slug":"neden-hikaye-anlatiriz-1","status":"publish","type":"product","link":"https:\/\/roveyayinevi.com.tr\/index.php\/urun\/neden-hikaye-anlatiriz-1\/","title":{"rendered":"Neden Hikaye Anlat\u0131r\u0131z? 1"},"content":{"rendered":"<p>\u201c\u00d6nce insanlar bir \u015feyi ink\u00e2r ederler, ard\u0131ndan onu k\u00fc\u00e7\u00fcmserler, sonra da bunun ba\u015f\u0131ndan beri bilindi\u011fini s\u00f6ylerler.\u201d  Alexander von Humboldt1969 sonbahar\u0131nda Booker, bu eseri kaleme al\u0131rken otuz d\u00f6rt y\u0131l s\u00fcrece\u011fini kendisi de bilmiyordu. Ona g\u00f6re tek bir kitap i\u00e7in yar\u0131m bir \u00f6m\u00fcr harcamak a\u00e7\u0131k\u00e7a sa\u00e7mayd\u0131, ancak eser \u00f6yle bir ustal\u0131k seviyesine gelmi\u015fti ki b\u00f6yle bir yap\u0131t i\u00e7in ba\u015fka bir \u00e7\u0131k\u0131\u015f yolu g\u00f6z\u00fckm\u00fcyor gibiydi. \u0130ngiliz ya\u015fam\u0131n\u0131 (1950-60) analiz eden \u00fcnl\u00fc The Neophiliacs \u00fczerinde \u00e7al\u0131\u015f\u0131rken b\u00f6yle bir kitap yazma fikri ona cazip geldi ve bu ba\u015fyap\u0131t ortaya \u00e7\u0131kt\u0131.   Bu eser, hik\u00e2yeleri hayal etme bi\u00e7iminin temelinde yatan bilin\u00e7 d\u0131\u015f\u0131 kal\u0131plar\u0131, onlar\u0131 daha sistematik bir \u015fekilde ke\u015ffetmek isteyenler i\u00e7in vefal\u0131 ve disiplinli bir yol arkada\u015f\u0131. Yazar, hik\u00e2ye anlat\u0131m\u0131n\u0131n ard\u0131ndaki bu yinelenen kal\u0131plar\u0131n \u201cevrenselli\u011fini\u201d iletmek i\u00e7in mitlerden ve halk masallar\u0131ndan, \u201cb\u00fcy\u00fck edebiyat\u201d oyunlar\u0131 ve romanlar\u0131na, oradan da g\u00fcn\u00fcm\u00fcz\u00fcn Hollywood filmleri, gerilim filmleri ve bilim kurgular\u0131na kadar m\u00fcmk\u00fcn oldu\u011funca geni\u015f bir yelpazedeki hik\u00e2ye t\u00fcrlerini \u00e7al\u0131\u015fmas\u0131na d\u00e2hil ediyor. Her bir arketipi detayl\u0131 bir \u015fekilde inceleyerek, onlar\u0131n nas\u0131l i\u015flendi\u011fini ve tarihsel olarak nas\u0131l geli\u015fti\u011fini aktar\u0131yor. Genel olarak Bat\u0131\u2019n\u0131n k\u00fclt\u00fcrel hik\u00e2ye anlatma gelene\u011fi i\u00e7inde kalsa da belirli bir teman\u0131n her yerde mevcut oldu\u011funun alt\u0131n\u0131 \u00e7izmek i\u00e7in gerekli oldu\u011fu durumlarda bunun d\u0131\u015f\u0131ndaki \u00f6rneklerden bahsediyor. Elinizdeki kitab\u0131n I. cildi hik\u00e2ye anlat\u0131m\u0131n\u0131n k\u00f6kenlerini, II. cildi ise modern zamanda geldi\u011fi noktay\u0131 anlat\u0131yor. Nihayetinde bu kitap, Bat\u0131 d\u00fcnyas\u0131n\u0131n son iki y\u00fcz y\u0131l\u0131n\u0131n hik\u00e2ye anlat\u0131m\u0131nda ya\u015fanan ola\u011fan\u00fcst\u00fc de\u011fi\u015fimleri inceleyen paha bi\u00e7ilmez bir kaynakt\u0131r. <\/p>\n","protected":false},"excerpt":{"rendered":"<p>\u201c\u00d6nce insanlar bir \u015feyi ink\u00e2r ederler, ard\u0131ndan onu k\u00fc\u00e7\u00fcmserler, sonra da bunun ba\u015f\u0131ndan beri bilindi\u011fini s\u00f6ylerler.\u201d Alexander von Humboldt1969 sonbahar\u0131nda Booker, bu eseri kaleme al\u0131rken otuz<span class=\"excerpt-hellip\"> [\u2026]<\/span><\/p>\n","protected":false},"featured_media":0,"template":"","meta":{"_monsterinsights_skip_tracking":false,"_monsterinsights_sitenote_active":false,"_monsterinsights_sitenote_note":"","_monsterinsights_sitenote_category":0},"product_brand":[],"product_cat":[13072,12291],"product_tag":[],"class_list":{"0":"post-772900","1":"product","2":"type-product","3":"status-publish","5":"product_cat-arastirma-inceleme-referans","6":"product_cat-edebiyat","7":"pa_cilt-ciltsiz","8":"pa_tur-kitap","9":"pa_yayinevi-inkilap-kitabevi","10":"pa_yazar-christopher-booker","12":"first","13":"instock","14":"sale","15":"shipping-taxable","16":"purchasable","17":"product-type-simple"},"_links":{"self":[{"href":"https:\/\/roveyayinevi.com.tr\/index.php\/wp-json\/wp\/v2\/product\/772900","targetHints":{"allow":["GET"]}}],"collection":[{"href":"https:\/\/roveyayinevi.com.tr\/index.php\/wp-json\/wp\/v2\/product"}],"about":[{"href":"https:\/\/roveyayinevi.com.tr\/index.php\/wp-json\/wp\/v2\/types\/product"}],"wp:attachment":[{"href":"https:\/\/roveyayinevi.com.tr\/index.php\/wp-json\/wp\/v2\/media?parent=772900"}],"wp:term":[{"taxonomy":"product_brand","embeddable":true,"href":"https:\/\/roveyayinevi.com.tr\/index.php\/wp-json\/wp\/v2\/product_brand?post=772900"},{"taxonomy":"product_cat","embeddable":true,"href":"https:\/\/roveyayinevi.com.tr\/index.php\/wp-json\/wp\/v2\/product_cat?post=772900"},{"taxonomy":"product_tag","embeddable":true,"href":"https:\/\/roveyayinevi.com.tr\/index.php\/wp-json\/wp\/v2\/product_tag?post=772900"}],"curies":[{"name":"wp","href":"https:\/\/api.w.org\/{rel}","templated":true}]}}