{"id":772895,"date":"2025-08-28T15:56:38","date_gmt":"2025-08-28T12:56:38","guid":{"rendered":"https:\/\/roveyayinevi.com.tr\/index.php\/urun\/dusuncelerin-gunbatimi\/"},"modified":"2026-04-15T03:39:15","modified_gmt":"2026-04-15T00:39:15","slug":"dusuncelerin-gunbatimi","status":"publish","type":"product","link":"https:\/\/roveyayinevi.com.tr\/index.php\/urun\/dusuncelerin-gunbatimi\/","title":{"rendered":"D\u00fc\u015f\u00fcncelerin G\u00fcnbat\u0131m\u0131"},"content":{"rendered":"<p>D\u00fcnyadan en uzak y\u0131ld\u0131z\u0131 ar\u0131yorum, orada kendime bir be\u015fik ve bir tabut yapmak i\u00e7in, benden yeniden do\u011fmak ve bende \u00f6lmek i\u00e7in. D\u00fc\u015f\u00fcncelerin G\u00fcnbat\u0131m\u0131, Cioran\u2019\u0131n anadilinde yazd\u0131\u011f\u0131 son kitap. Ba\u015fka bir ifadeyle, \u201cO zamanlar beni genelevler ve k\u00fct\u00fcphanelerden ba\u015fka hi\u00e7bir \u015fey cezbetmiyordu\u201d diye tan\u0131mlad\u0131\u011f\u0131 y\u0131llar\u0131n\u0131n son \u00e7\u0131lg\u0131nl\u0131k \u00fcr\u00fcn\u00fc. Cioran\u2019\u0131n hayat\u0131nda bir devri kapat\u0131p yeni bir devri a\u00e7an bu yap\u0131t, s\u00f6nen y\u0131ld\u0131zlara parlayan fikirlerle kar\u015f\u0131l\u0131k veriyor: Ya\u015fam\u0131 \u00f6l\u00fcmle a\u00e7\u0131klayan bir zihinde a\u015fk, m\u00fczik, ac\u0131, h\u00fcz\u00fcn, yaln\u0131zl\u0131k ve varolu\u015f da yeni anlamlarla \u0131\u015f\u0131ld\u0131yor. D\u00fc\u015f\u00fcncelerin G\u00fcnbat\u0131m\u0131, \u0130smet Birkan \u00e7evirisiyle ilk kez T\u00fcrk\u00e7ede. \u201cKierkegaard, Nietzsche ve Wittgenstein \u00e7izgisinin en se\u00e7kin ismi.\u201d \u2014Susan Sontag <\/p>\n","protected":false},"excerpt":{"rendered":"<p>D\u00fcnyadan en uzak y\u0131ld\u0131z\u0131 ar\u0131yorum, orada kendime bir be\u015fik ve bir tabut yapmak i\u00e7in, benden yeniden do\u011fmak ve bende \u00f6lmek i\u00e7in. D\u00fc\u015f\u00fcncelerin G\u00fcnbat\u0131m\u0131, Cioran\u2019\u0131n anadilinde yazd\u0131\u011f\u0131<span class=\"excerpt-hellip\"> [\u2026]<\/span><\/p>\n","protected":false},"featured_media":0,"template":"","meta":{"_monsterinsights_skip_tracking":false,"_monsterinsights_sitenote_active":false,"_monsterinsights_sitenote_note":"","_monsterinsights_sitenote_category":0},"product_brand":[],"product_cat":[12388],"product_tag":[],"class_list":{"0":"post-772895","1":"product","2":"type-product","3":"status-publish","5":"product_cat-felsefe","6":"pa_cilt-ciltsiz","7":"pa_tur-kitap","8":"pa_yayinevi-jaguar-kitap","9":"pa_yazar-e-m-cioran","11":"first","12":"instock","13":"sale","14":"shipping-taxable","15":"purchasable","16":"product-type-simple"},"_links":{"self":[{"href":"https:\/\/roveyayinevi.com.tr\/index.php\/wp-json\/wp\/v2\/product\/772895","targetHints":{"allow":["GET"]}}],"collection":[{"href":"https:\/\/roveyayinevi.com.tr\/index.php\/wp-json\/wp\/v2\/product"}],"about":[{"href":"https:\/\/roveyayinevi.com.tr\/index.php\/wp-json\/wp\/v2\/types\/product"}],"wp:attachment":[{"href":"https:\/\/roveyayinevi.com.tr\/index.php\/wp-json\/wp\/v2\/media?parent=772895"}],"wp:term":[{"taxonomy":"product_brand","embeddable":true,"href":"https:\/\/roveyayinevi.com.tr\/index.php\/wp-json\/wp\/v2\/product_brand?post=772895"},{"taxonomy":"product_cat","embeddable":true,"href":"https:\/\/roveyayinevi.com.tr\/index.php\/wp-json\/wp\/v2\/product_cat?post=772895"},{"taxonomy":"product_tag","embeddable":true,"href":"https:\/\/roveyayinevi.com.tr\/index.php\/wp-json\/wp\/v2\/product_tag?post=772895"}],"curies":[{"name":"wp","href":"https:\/\/api.w.org\/{rel}","templated":true}]}}