{"id":772893,"date":"2025-08-28T15:56:35","date_gmt":"2025-08-28T12:56:35","guid":{"rendered":"https:\/\/roveyayinevi.com.tr\/index.php\/urun\/ya-tanri-insan-haklari-aktivisti-olsaydi\/"},"modified":"2026-04-15T03:39:15","modified_gmt":"2026-04-15T00:39:15","slug":"ya-tanri-insan-haklari-aktivisti-olsaydi","status":"publish","type":"product","link":"https:\/\/roveyayinevi.com.tr\/index.php\/urun\/ya-tanri-insan-haklari-aktivisti-olsaydi\/","title":{"rendered":"Ya Tanr\u0131 \u0130nsan Haklar\u0131 Aktivisti Olsayd\u0131?"},"content":{"rendered":"<p>En deh\u015fet verici toplumsal adaletsizlikler ve adaletsizliklerin mahsul\u00fc insani ac\u0131lar, bunlarla etkili bir \u015fekilde m\u00fccadele etmek ve daha adil bir toplum yaratmak i\u00e7in gereken ahl\u00e2ki \u00f6fkeyi ve siyasi iradeyi art\u0131k uyand\u0131rm\u0131yor.   Ya Tanr\u0131 \u0130nsan Haklar\u0131 Aktivisti Olsayd\u0131?, daha iyi bir toplum m\u00fccadelesinden vazge\u00e7memi\u015f olanlar\u0131n, \u00f6zellikle de bu m\u00fccadeleyi insan haklar\u0131 bayra\u011f\u0131 alt\u0131nda s\u00fcrd\u00fcrenlerin \u00f6rg\u00fctl\u00fcl\u00fc\u011f\u00fcn\u00fc ve kararl\u0131l\u0131\u011f\u0131n\u0131 g\u00fc\u00e7lendirmeyi ama\u00e7l\u0131yor.   Kitap, din\u00ee hareketlerin ve siyasi teolojilerin kamusal alanda dinin varl\u0131\u011f\u0131n\u0131 savunmas\u0131ndan kaynaklanan insan haklar\u0131 sorgulamalar\u0131n\u0131 ele al\u0131yor. Giderek k\u00fcreselle\u015fen bu hareketler ve onlar\u0131 besleyen teolojiler, sek\u00fcler insan haklar\u0131n\u0131n temelindeki s\u00f6ylemle \u00e7eli\u015fen ve \u00e7o\u011fu zaman ona rakip olan bir insan onuru anlay\u0131\u015f\u0131n\u0131 yayg\u0131nla\u015ft\u0131r\u0131yor.   Yazara g\u00f6re, geleneksel insan haklar\u0131 d\u00fc\u015f\u00fcncesi, bu t\u00fcr hareketler ve teolojiler kar\u015f\u0131s\u0131nda konumlanmak i\u00e7in gerekli teorik ve analitik ara\u00e7lardan yoksun; daha da k\u00f6t\u00fcs\u00fc, bunun \u00f6nemini kavrayam\u0131yor. Soyut bir re\u00e7eteyi her duruma ayn\u0131 \u015fekilde uygulayarak, alternatif s\u00f6ylemlerin ve ideolojilerin evrensel insan haklar\u0131 k\u00fclliyat\u0131n\u0131 etkilemeyecek yerel \u00f6zg\u00fcll\u00fcklere indirgenece\u011fi umuluyor. Ancak bu stratejinin giderek yetersiz kald\u0131\u011f\u0131n\u0131n g\u00f6r\u00fclmesine cevaben kitap, yaln\u0131zca kar\u015f\u0131\u2013hegemonik bir insan haklar\u0131 anlay\u0131\u015f\u0131n\u0131n bu t\u00fcr sorgulamalarla ba\u015fa \u00e7\u0131kabilece\u011fini g\u00f6stermeyi hedefliyor.<\/p>\n","protected":false},"excerpt":{"rendered":"<p>En deh\u015fet verici toplumsal adaletsizlikler ve adaletsizliklerin mahsul\u00fc insani ac\u0131lar, bunlarla etkili bir \u015fekilde m\u00fccadele etmek ve daha adil bir toplum yaratmak i\u00e7in gereken ahl\u00e2ki \u00f6fkeyi<span class=\"excerpt-hellip\"> [\u2026]<\/span><\/p>\n","protected":false},"featured_media":0,"template":"","meta":{"_monsterinsights_skip_tracking":false,"_monsterinsights_sitenote_active":false,"_monsterinsights_sitenote_note":"","_monsterinsights_sitenote_category":0},"product_brand":[],"product_cat":[15350],"product_tag":[],"class_list":{"0":"post-772893","1":"product","2":"type-product","3":"status-publish","5":"product_cat-hukuk","6":"pa_cilt-ciltsiz","7":"pa_tur-kitap","8":"pa_yayinevi-islik-yayinlari","9":"pa_yazar-boaventura-de-sousa-santos","11":"first","12":"instock","13":"sale","14":"shipping-taxable","15":"purchasable","16":"product-type-simple"},"_links":{"self":[{"href":"https:\/\/roveyayinevi.com.tr\/index.php\/wp-json\/wp\/v2\/product\/772893","targetHints":{"allow":["GET"]}}],"collection":[{"href":"https:\/\/roveyayinevi.com.tr\/index.php\/wp-json\/wp\/v2\/product"}],"about":[{"href":"https:\/\/roveyayinevi.com.tr\/index.php\/wp-json\/wp\/v2\/types\/product"}],"wp:attachment":[{"href":"https:\/\/roveyayinevi.com.tr\/index.php\/wp-json\/wp\/v2\/media?parent=772893"}],"wp:term":[{"taxonomy":"product_brand","embeddable":true,"href":"https:\/\/roveyayinevi.com.tr\/index.php\/wp-json\/wp\/v2\/product_brand?post=772893"},{"taxonomy":"product_cat","embeddable":true,"href":"https:\/\/roveyayinevi.com.tr\/index.php\/wp-json\/wp\/v2\/product_cat?post=772893"},{"taxonomy":"product_tag","embeddable":true,"href":"https:\/\/roveyayinevi.com.tr\/index.php\/wp-json\/wp\/v2\/product_tag?post=772893"}],"curies":[{"name":"wp","href":"https:\/\/api.w.org\/{rel}","templated":true}]}}