{"id":772890,"date":"2025-08-28T15:56:30","date_gmt":"2025-08-28T12:56:30","guid":{"rendered":"https:\/\/roveyayinevi.com.tr\/index.php\/urun\/kendimi-nasil-iyilestiririm-ortamlarda-satilacak-bilgi-ciltli\/"},"modified":"2026-04-11T14:43:03","modified_gmt":"2026-04-11T11:43:03","slug":"kendimi-nasil-iyilestiririm-ortamlarda-satilacak-bilgi-ciltli","status":"publish","type":"product","link":"https:\/\/roveyayinevi.com.tr\/index.php\/urun\/kendimi-nasil-iyilestiririm-ortamlarda-satilacak-bilgi-ciltli\/","title":{"rendered":"Kendimi Nas\u0131l \u0130yile\u015ftiririm? &#8211; Ortamlarda Sat\u0131lacak Bilgi (Ciltli)"},"content":{"rendered":"<p>Bu kitap, sorularla birlikte y\u00fcr\u00fcmeyi seven biri taraf\u0131ndan yaz\u0131ld\u0131. Cevap vermek ya da yol g\u00f6stermek i\u00e7in de\u011fil; birlikte d\u00fc\u015f\u00fcnmenin, bakman\u0131n ve durman\u0131n de\u011ferini payla\u015fmak i\u00e7in. Onu podcast\u2019lerinden tan\u0131yanlar bilir: Y\u0131llard\u0131r binlerce insan, bu sesi a\u00e7\u0131yor. Kimi sabah y\u00fcr\u00fcrken, kimi bir dosyan\u0131n ba\u015f\u0131nda, kimi de gece uyumadan hemen \u00f6nce. Art\u0131k o ses, sayfalardaki yerini buldu. Burada okura bir yolculuk sunuluyor, evet: Yeni manzaralar\u0131 merak edenlere de bir da\u011f\u0131n ger\u00e7ekten da\u011f olup olmad\u0131\u011f\u0131n\u0131 sorgulayanlara da. Baz\u0131 kap\u0131lar burada sessizce a\u00e7\u0131l\u0131yor: bir hayvan\u0131n irkili\u015finde, y\u00f6n\u00fcn\u00fc arayan bir bitkide, baz\u0131 duygular\u0131n k\u0131y\u0131s\u0131nda. \u0130nsana, \u00e7evresiyle kurdu\u011fu g\u00f6r\u00fcnmez akrabal\u0131\u011f\u0131 hat\u0131rlatan kadim rit\u00fcellerin yank\u0131s\u0131yla bug\u00fcn\u00fcn insan deneyimi aras\u0131nda kurulmu\u015f \u015fa\u015f\u0131rt\u0131c\u0131 k\u00f6pr\u00fcler de var. OSB\u2019nin alametifarikas\u0131 olan \u00e7arp\u0131c\u0131 kesitlerle; bir film sahnesinden tarih\u00f6ncesi ma\u011faralara, binlerce y\u0131l \u00f6ncesinden kalan izlere ve Wabi-Sabi dahil zaman\u0131n g\u00fczelle\u015ftirdi\u011fi her \u015feye uzanan bir bilgi haritas\u0131 sunuluyor. Ve bu haritada, her durak zihnimizde yeni bir kap\u0131 aral\u0131yor.<\/p>\n","protected":false},"excerpt":{"rendered":"<p>Bu kitap, sorularla birlikte y\u00fcr\u00fcmeyi seven biri taraf\u0131ndan yaz\u0131ld\u0131. Cevap vermek ya da yol g\u00f6stermek i\u00e7in de\u011fil; birlikte d\u00fc\u015f\u00fcnmenin, bakman\u0131n ve durman\u0131n de\u011ferini payla\u015fmak i\u00e7in. Onu<span class=\"excerpt-hellip\"> [\u2026]<\/span><\/p>\n","protected":false},"featured_media":0,"template":"","meta":{"_monsterinsights_skip_tracking":false,"_monsterinsights_sitenote_active":false,"_monsterinsights_sitenote_note":"","_monsterinsights_sitenote_category":0},"product_brand":[],"product_cat":[12364,12376],"product_tag":[],"class_list":{"0":"post-772890","1":"product","2":"type-product","3":"status-publish","5":"product_cat-genel-konular","6":"product_cat-kisisel-gelisim","7":"pa_cilt-ciltli","8":"pa_tur-kitap","9":"pa_yayinevi-alfa-yayinlari","10":"pa_yazar-kolektif","12":"first","13":"instock","14":"sale","15":"shipping-taxable","16":"purchasable","17":"product-type-simple"},"_links":{"self":[{"href":"https:\/\/roveyayinevi.com.tr\/index.php\/wp-json\/wp\/v2\/product\/772890","targetHints":{"allow":["GET"]}}],"collection":[{"href":"https:\/\/roveyayinevi.com.tr\/index.php\/wp-json\/wp\/v2\/product"}],"about":[{"href":"https:\/\/roveyayinevi.com.tr\/index.php\/wp-json\/wp\/v2\/types\/product"}],"wp:attachment":[{"href":"https:\/\/roveyayinevi.com.tr\/index.php\/wp-json\/wp\/v2\/media?parent=772890"}],"wp:term":[{"taxonomy":"product_brand","embeddable":true,"href":"https:\/\/roveyayinevi.com.tr\/index.php\/wp-json\/wp\/v2\/product_brand?post=772890"},{"taxonomy":"product_cat","embeddable":true,"href":"https:\/\/roveyayinevi.com.tr\/index.php\/wp-json\/wp\/v2\/product_cat?post=772890"},{"taxonomy":"product_tag","embeddable":true,"href":"https:\/\/roveyayinevi.com.tr\/index.php\/wp-json\/wp\/v2\/product_tag?post=772890"}],"curies":[{"name":"wp","href":"https:\/\/api.w.org\/{rel}","templated":true}]}}