{"id":772889,"date":"2025-08-28T15:56:27","date_gmt":"2025-08-28T12:56:27","guid":{"rendered":"https:\/\/roveyayinevi.com.tr\/index.php\/urun\/bir-adam-bes-hayat\/"},"modified":"2026-04-15T03:39:15","modified_gmt":"2026-04-15T00:39:15","slug":"bir-adam-bes-hayat","status":"publish","type":"product","link":"https:\/\/roveyayinevi.com.tr\/index.php\/urun\/bir-adam-bes-hayat\/","title":{"rendered":"Bir Adam Be\u015f Hayat"},"content":{"rendered":"<p>Bu roman, kaybedenlerle tutunmaya \u00e7al\u0131\u015fanlar aras\u0131ndaki ince \u00e7izgide gidip gelen bir insan\u0131n ki\u015fisel tarihini anlat\u0131yor gibi g\u00f6r\u00fcnse de asl\u0131nda hepimize toplumsal bir arka plan sunuyor. Y\u0131llar s\u00fcren ara\u015ft\u0131rmalar sonucu, torunu Bergin Azer taraf\u0131ndan kaleme al\u0131nan Bir Adam Be\u015f Hayat, d\u00fcnyan\u0131n farkl\u0131 \u00fclkelerinde farkl\u0131 zamanlar ya\u015fayan bir insan\u0131n a\u015fklar\u0131n\u0131, yaln\u0131zl\u0131klar\u0131n\u0131, ya\u015fama tutunma \u00e7abas\u0131n\u0131 ve o b\u00fcy\u00fcl\u00fc yolculu\u011funu g\u00f6zler \u00f6n\u00fcne seriyor. Tamamen belgelere ve ya\u015fananlara dayanarak olu\u015fturulan romanda, Abdullah Azer\u2019in Nah\u00e7\u0131van\u2019da ba\u015flayan, Prag\u2019da devam eden yolculu\u011funun \u0130stanbul ve Eski\u015fehir&#8217;de ge\u00e7en her detay\u0131yla; hem d\u00fcnyan\u0131n farkl\u0131 \u00fclkelerindeki geli\u015fme a\u015famalar\u0131na hem de T\u00fcrkiye&#8217;nin, yani kurulu\u015f a\u015famas\u0131ndaki gen\u00e7 Cumhuriyetin o sanc\u0131lar\u0131 ortaya seriliyor. Tarihi roman seven her okurun b\u00fcy\u00fck bir merakla okuyaca\u011f\u0131 \u00f6zel bir eser, Bir Adam Be\u015f Hayat<\/p>\n","protected":false},"excerpt":{"rendered":"<p>Bu roman, kaybedenlerle tutunmaya \u00e7al\u0131\u015fanlar aras\u0131ndaki ince \u00e7izgide gidip gelen bir insan\u0131n ki\u015fisel tarihini anlat\u0131yor gibi g\u00f6r\u00fcnse de asl\u0131nda hepimize toplumsal bir arka plan sunuyor. Y\u0131llar<span class=\"excerpt-hellip\"> [\u2026]<\/span><\/p>\n","protected":false},"featured_media":0,"template":"","meta":{"_monsterinsights_skip_tracking":false,"_monsterinsights_sitenote_active":false,"_monsterinsights_sitenote_note":"","_monsterinsights_sitenote_category":0},"product_brand":[],"product_cat":[12291,12745],"product_tag":[],"class_list":{"0":"post-772889","1":"product","2":"type-product","3":"status-publish","5":"product_cat-edebiyat","6":"product_cat-tarihi-roman","7":"pa_cilt-ciltsiz","8":"pa_tur-kitap","9":"pa_yayinevi-yitik-ulke-yayinlari","10":"pa_yazar-bergin-azer","12":"first","13":"instock","14":"sale","15":"shipping-taxable","16":"purchasable","17":"product-type-simple"},"_links":{"self":[{"href":"https:\/\/roveyayinevi.com.tr\/index.php\/wp-json\/wp\/v2\/product\/772889","targetHints":{"allow":["GET"]}}],"collection":[{"href":"https:\/\/roveyayinevi.com.tr\/index.php\/wp-json\/wp\/v2\/product"}],"about":[{"href":"https:\/\/roveyayinevi.com.tr\/index.php\/wp-json\/wp\/v2\/types\/product"}],"wp:attachment":[{"href":"https:\/\/roveyayinevi.com.tr\/index.php\/wp-json\/wp\/v2\/media?parent=772889"}],"wp:term":[{"taxonomy":"product_brand","embeddable":true,"href":"https:\/\/roveyayinevi.com.tr\/index.php\/wp-json\/wp\/v2\/product_brand?post=772889"},{"taxonomy":"product_cat","embeddable":true,"href":"https:\/\/roveyayinevi.com.tr\/index.php\/wp-json\/wp\/v2\/product_cat?post=772889"},{"taxonomy":"product_tag","embeddable":true,"href":"https:\/\/roveyayinevi.com.tr\/index.php\/wp-json\/wp\/v2\/product_tag?post=772889"}],"curies":[{"name":"wp","href":"https:\/\/api.w.org\/{rel}","templated":true}]}}