{"id":772883,"date":"2025-08-28T15:56:15","date_gmt":"2025-08-28T12:56:15","guid":{"rendered":"https:\/\/roveyayinevi.com.tr\/index.php\/urun\/sarap-101-fransa-saraplari\/"},"modified":"2026-04-15T03:39:15","modified_gmt":"2026-04-15T00:39:15","slug":"sarap-101-fransa-saraplari","status":"publish","type":"product","link":"https:\/\/roveyayinevi.com.tr\/index.php\/urun\/sarap-101-fransa-saraplari\/","title":{"rendered":"\u015earap 101: Fransa \u015earaplar\u0131"},"content":{"rendered":"<p>Fransa&#8217;n\u0131n \u015farap haritas\u0131n\u0131 e\u011flenceli bir hik\u00e2yeyle ke\u015ffedin! Gastronomi alan\u0131nda prestijli bir yeri bulunan Gourmand D\u00fcnya Yemek Kitab\u0131 \u00d6d\u00fclleri taraf\u0131ndan &#8221;En \u0130yi Kitap&#8221; \u00f6d\u00fcl\u00fcne lay\u0131k g\u00f6r\u00fclen grafik roman, \u015fimdi T\u00fcrk\u00e7ede! Tutkulu bir \u015farap eksperi olan Fran\u00e7ois Bachelot&#8217;nun kaleme ald\u0131\u011f\u0131 \u015earap 101: Fransa \u015earaplar\u0131; \u015farab\u0131n kimyas\u0131, \u00fcretimi, saklamas\u0131 ve tad\u0131m\u0131na dair merak edilenleri Vincent Burgeon&#8217;un mizahi \u00e7izimleri e\u015fli\u011finde e\u011flenceli bir ke\u015fif yolculu\u011funa d\u00f6n\u00fc\u015ft\u00fcr\u00fcyor. Gerek \u015farap tutkunlar\u0131na gerekse \u015faraba yeni merak salanlara kadeh dolusu bilgi vadeden kitap; Fransa&#8217;n\u0131n \u015farapla \u00f6zde\u015fle\u015fmi\u015f b\u00f6lgelerini gezdirirken \u015farab\u0131n yaln\u0131zca bir i\u00e7ecek de\u011fil, k\u00fclt\u00fcr\u00fcyle, tarihiyle, co\u011frafyas\u0131yla koskoca bir d\u00fcnyaya a\u00e7\u0131ld\u0131\u011f\u0131n\u0131 da g\u00f6steriyor. D\u00fcnyan\u0131n en iyi \u015faraplar\u0131n\u0131n Fransa&#8217;da \u00fcretildi\u011fini d\u00fc\u015f\u00fcnenlerdenseniz, kadehimizi size kald\u0131r\u0131yoruz! K\u0131rm\u0131z\u0131 \u015farap neden &#8221;k\u0131rm\u0131z\u0131&#8221;d\u0131r? \u015eampanya kabarc\u0131klar\u0131n\u0131n ard\u0131nda hangi bilim yat\u0131yor? \u0130yi bir mahzenin yedi anahtar\u0131 nedir? Do\u011fal \u015farapla organik \u015farap aras\u0131nda fark var m\u0131d\u0131r? Yemek \u015farap e\u015fle\u015fmesinde alt\u0131n kurallar nelerdir? Lucien, \u015farap k\u00fclt\u00fcr\u00fc hakk\u0131nda pek de bilgi sahibi olmamas\u0131na ra\u011fmen \u015farap alan\u0131nda uzmanla\u015fm\u0131\u015f bir ileti\u015fim ajans\u0131nda sanat y\u00f6netmeni olarak i\u015fe girer. Neyse ki, yeni i\u015f arkada\u015flar\u0131 Charlotte ve Jean onun &#8221;g\u00f6n\u00fcll\u00fc&#8221; e\u011fitmenli\u011fini \u00fcstlenirler. \u00c7e\u015fitli projeler ve etkinlikler kapsam\u0131nda Fransa&#8217;n\u0131n \u00fcz\u00fcm ba\u011flar\u0131n\u0131 ziyarete \u00e7\u0131kan bu \u00fc\u00e7 kahraman, \u015farap \u00fczerine uzun uzun konu\u015fma ve tart\u0131\u015fma f\u0131rsat\u0131 bulurlar. Lucien zihnini kurcalayan sorular\u0131n yan\u0131t\u0131n\u0131 \u00f6\u011frendik\u00e7e, \u015farab\u0131n ruhunu da anlamaya ba\u015flar.   Damakta iz b\u0131rakacak bir ba\u015flang\u0131\u00e7 kitab\u0131 olan \u015earap 101: Fransa \u015earaplar\u0131&#8217;n\u0131 okuduktan sonra \u015farap \u015fi\u015fesi etiketlerindeki \u015fifreleri kolayca \u00e7\u00f6zmenin rahatl\u0131\u011f\u0131na kavu\u015fmakla kalmayacak; \u015farab\u0131n neden sinemaya benzedi\u011fini ve bisikletin Burgonya \u015faraplar\u0131n\u0131 anlamam\u0131za nas\u0131l yard\u0131mc\u0131 olabilece\u011fini de ke\u015ffedeceksiniz.<\/p>\n","protected":false},"excerpt":{"rendered":"<p>Fransa&#8217;n\u0131n \u015farap haritas\u0131n\u0131 e\u011flenceli bir hik\u00e2yeyle ke\u015ffedin! Gastronomi alan\u0131nda prestijli bir yeri bulunan Gourmand D\u00fcnya Yemek Kitab\u0131 \u00d6d\u00fclleri taraf\u0131ndan &#8221;En \u0130yi Kitap&#8221; \u00f6d\u00fcl\u00fcne lay\u0131k g\u00f6r\u00fclen grafik<span class=\"excerpt-hellip\"> [\u2026]<\/span><\/p>\n","protected":false},"featured_media":0,"template":"","meta":{"_monsterinsights_skip_tracking":false,"_monsterinsights_sitenote_active":false,"_monsterinsights_sitenote_note":"","_monsterinsights_sitenote_category":0},"product_brand":[],"product_cat":[12416,12291],"product_tag":[],"class_list":{"0":"post-772883","1":"product","2":"type-product","3":"status-publish","5":"product_cat-cizgi-roman","6":"product_cat-edebiyat","7":"pa_cilt-ciltsiz","8":"pa_tur-kitap","9":"pa_yayinevi-desen-yayinlari","10":"pa_yazar-francois-bachelot","12":"first","13":"instock","14":"sale","15":"shipping-taxable","16":"purchasable","17":"product-type-simple"},"_links":{"self":[{"href":"https:\/\/roveyayinevi.com.tr\/index.php\/wp-json\/wp\/v2\/product\/772883","targetHints":{"allow":["GET"]}}],"collection":[{"href":"https:\/\/roveyayinevi.com.tr\/index.php\/wp-json\/wp\/v2\/product"}],"about":[{"href":"https:\/\/roveyayinevi.com.tr\/index.php\/wp-json\/wp\/v2\/types\/product"}],"wp:attachment":[{"href":"https:\/\/roveyayinevi.com.tr\/index.php\/wp-json\/wp\/v2\/media?parent=772883"}],"wp:term":[{"taxonomy":"product_brand","embeddable":true,"href":"https:\/\/roveyayinevi.com.tr\/index.php\/wp-json\/wp\/v2\/product_brand?post=772883"},{"taxonomy":"product_cat","embeddable":true,"href":"https:\/\/roveyayinevi.com.tr\/index.php\/wp-json\/wp\/v2\/product_cat?post=772883"},{"taxonomy":"product_tag","embeddable":true,"href":"https:\/\/roveyayinevi.com.tr\/index.php\/wp-json\/wp\/v2\/product_tag?post=772883"}],"curies":[{"name":"wp","href":"https:\/\/api.w.org\/{rel}","templated":true}]}}