{"id":772879,"date":"2025-08-28T15:56:04","date_gmt":"2025-08-28T12:56:04","guid":{"rendered":"https:\/\/roveyayinevi.com.tr\/index.php\/urun\/alfabe-yazi-kitabi-sihirli-ucan-kalemli-oluklu-kabartmali-yazmayi-kolayca-ogreten-kitap\/"},"modified":"2026-04-15T03:39:15","modified_gmt":"2026-04-15T00:39:15","slug":"alfabe-yazi-kitabi-sihirli-ucan-kalemli-oluklu-kabartmali-yazmayi-kolayca-ogreten-kitap","status":"publish","type":"product","link":"https:\/\/roveyayinevi.com.tr\/index.php\/urun\/alfabe-yazi-kitabi-sihirli-ucan-kalemli-oluklu-kabartmali-yazmayi-kolayca-ogreten-kitap\/","title":{"rendered":"Alfabe Yaz\u0131 Kitab\u0131 Sihirli U\u00e7an Kalemli Oluklu (KABARTMALI) | Yazmay\u0131 Kolayca \u00d6\u011freten Kitap"},"content":{"rendered":"<p>Yazmay\u0131 Kolayca \u00d6\u011freten E\u011fitici Kitap | 4\u20137 Ya\u015f   \u270d\ufe0f Yazmak hi\u00e7 bu kadar kolay ve e\u011flenceli olmam\u0131\u015ft\u0131!   \u00c7ocuklara \u00f6zel tasarlanan bu kitap sayesinde minikler,   sihirli u\u00e7an kalemleriylekabartmal\u0131 harflerin \u00fczerinden ge\u00e7erek   yaz\u0131 yazmay\u0131 severek \u00f6\u011freniyor!    \u00dcr\u00fcn \u00d6zellikleri: \u00b7         \ufe0f Sihirli U\u00e7an Kalem: \u00d6zel u\u00e7lu kalem sayesinde oluklardan kolayca kayar, \u00e7ocuklar\u0131n elini yormaz. \u00b7          Kabartmal\u0131 (Oluklu) Harfler: Harflerin y\u00f6n\u00fcn\u00fc ve \u015feklini do\u011fru \u00f6\u011frenmeleri i\u00e7in rehberlik eder. \u00b7          Motor Geli\u015fim ve Koordinasyon: El kaslar\u0131n\u0131 ve dikkat geli\u015fimini destekler. \u00b7          Renkli, E\u011flenceli Sayfa Tasar\u0131m\u0131: \u00d6\u011frenmeyi s\u0131k\u0131c\u0131 de\u011fil, e\u011flenceli hale getirir! \u00b7          Hediye Se\u00e7ene\u011fi: Okul \u00f6ncesi, anaokulu ve ilkokula haz\u0131rl\u0131k i\u00e7in m\u00fckemmel bir ba\u015flang\u0131\u00e7 kitab\u0131. \u00b7             Bu kitapla \u00e7ocuklar yazmaya   oyun oynar gibi ba\u015fl\u0131yor!   Okul \u00f6ncesi d\u00f6nem ve 1. s\u0131n\u0131fa haz\u0131rl\u0131k s\u00fcreci i\u00e7in hem \u00f6\u011fretici hem de motive edici bir ara\u00e7.  Kimler \u0130\u00e7in Uygun? \u00b7         4\u20137 ya\u015f aras\u0131 \u00e7ocuklar \u00b7         Okuma yazma \u00f6\u011frenen minikler \u00b7         Yazma becerilerini e\u011flenerek geli\u015ftirmek isteyen t\u00fcm \u00e7ocuklar \ufe0f Neden Bu Kitap? \u2705 Yazma prati\u011fi + e\u011flence bir arada \u2705 \u00d6zg\u00fcveni art\u0131r\u0131r, yanl\u0131\u015f yapma korkusunu azalt\u0131r \u2705 Kal\u0131c\u0131 \u00f6\u011frenmeyi destekler <\/p>\n","protected":false},"excerpt":{"rendered":"<p>Yazmay\u0131 Kolayca \u00d6\u011freten E\u011fitici Kitap | 4\u20137 Ya\u015f \u270d\ufe0f Yazmak hi\u00e7 bu kadar kolay ve e\u011flenceli olmam\u0131\u015ft\u0131! \u00c7ocuklara \u00f6zel tasarlanan bu kitap sayesinde minikler, sihirli u\u00e7an<span class=\"excerpt-hellip\"> [\u2026]<\/span><\/p>\n","protected":false},"featured_media":0,"template":"","meta":{"_monsterinsights_skip_tracking":false,"_monsterinsights_sitenote_active":false,"_monsterinsights_sitenote_note":"","_monsterinsights_sitenote_category":0},"product_brand":[],"product_cat":[12274,15842],"product_tag":[],"class_list":{"0":"post-772879","1":"product","2":"type-product","3":"status-publish","5":"product_cat-cocuk-ve-genclik-kitaplari","6":"product_cat-egitici-kitaplar","7":"pa_cilt-ciltsiz","8":"pa_tur-kitap","9":"pa_yayinevi-dikkat-atolyesi-yayinlari","10":"pa_yazar-huseyin-demir","12":"first","13":"instock","14":"sale","15":"shipping-taxable","16":"purchasable","17":"product-type-simple"},"_links":{"self":[{"href":"https:\/\/roveyayinevi.com.tr\/index.php\/wp-json\/wp\/v2\/product\/772879","targetHints":{"allow":["GET"]}}],"collection":[{"href":"https:\/\/roveyayinevi.com.tr\/index.php\/wp-json\/wp\/v2\/product"}],"about":[{"href":"https:\/\/roveyayinevi.com.tr\/index.php\/wp-json\/wp\/v2\/types\/product"}],"wp:attachment":[{"href":"https:\/\/roveyayinevi.com.tr\/index.php\/wp-json\/wp\/v2\/media?parent=772879"}],"wp:term":[{"taxonomy":"product_brand","embeddable":true,"href":"https:\/\/roveyayinevi.com.tr\/index.php\/wp-json\/wp\/v2\/product_brand?post=772879"},{"taxonomy":"product_cat","embeddable":true,"href":"https:\/\/roveyayinevi.com.tr\/index.php\/wp-json\/wp\/v2\/product_cat?post=772879"},{"taxonomy":"product_tag","embeddable":true,"href":"https:\/\/roveyayinevi.com.tr\/index.php\/wp-json\/wp\/v2\/product_tag?post=772879"}],"curies":[{"name":"wp","href":"https:\/\/api.w.org\/{rel}","templated":true}]}}