{"id":772878,"date":"2025-08-28T15:56:03","date_gmt":"2025-08-28T12:56:03","guid":{"rendered":"https:\/\/roveyayinevi.com.tr\/index.php\/urun\/caz-yazilari\/"},"modified":"2026-04-15T03:39:15","modified_gmt":"2026-04-15T00:39:15","slug":"caz-yazilari","status":"publish","type":"product","link":"https:\/\/roveyayinevi.com.tr\/index.php\/urun\/caz-yazilari\/","title":{"rendered":"Caz Yaz\u0131lar\u0131"},"content":{"rendered":"<p>Disiplinleraras\u0131 Bir Bak\u0131\u015fla Caz Yaz\u0131lar\u0131, caz\u0131n b\u00fcy\u00fcl\u00fc evrenine sadece m\u00fczikal de\u011fil; tarihsel, sosyolojik, felsefi merceklerden bakan, \u00f6zg\u00fcn bir derleme\u2026 Bu kitapta caz\u0131n farkl\u0131 ba\u011flamlarda nas\u0131l etkile\u015fime girdi\u011fini anlatan akademik yaz\u0131larla birlikte, caz m\u00fczisyenlerinin m\u00fczi\u011fe nas\u0131l yakla\u015ft\u0131\u011f\u0131n\u0131, nelerden etkilendi\u011fini ve kendi \u00fcretimlerine bak\u0131\u015f a\u00e7\u0131lar\u0131n\u0131 anlatt\u0131\u011f\u0131 \u00f6zel r\u00f6portajlar da sizi bekliyor. \u00c7o\u011fu sanat dal\u0131nda oldu\u011fu gibi m\u00fczik de kendisini besleyen, olu\u015fturan ve derinle\u015ftiren bilgileri edindik\u00e7e \u00e7ok daha keyifli. \u0130\u015fte bu nedenle caz bu kitapta okunuyor, sorgulan\u0131yor ve okurlar\u0131n\u0131n g\u00f6z\u00fcnde yeniden anlam kazan\u0131yor. <\/p>\n","protected":false},"excerpt":{"rendered":"<p>Disiplinleraras\u0131 Bir Bak\u0131\u015fla Caz Yaz\u0131lar\u0131, caz\u0131n b\u00fcy\u00fcl\u00fc evrenine sadece m\u00fczikal de\u011fil; tarihsel, sosyolojik, felsefi merceklerden bakan, \u00f6zg\u00fcn bir derleme\u2026 Bu kitapta caz\u0131n farkl\u0131 ba\u011flamlarda nas\u0131l etkile\u015fime<span class=\"excerpt-hellip\"> [\u2026]<\/span><\/p>\n","protected":false},"featured_media":0,"template":"","meta":{"_monsterinsights_skip_tracking":false,"_monsterinsights_sitenote_active":false,"_monsterinsights_sitenote_note":"","_monsterinsights_sitenote_category":0},"product_brand":[],"product_cat":[14556],"product_tag":[],"class_list":{"0":"post-772878","1":"product","2":"type-product","3":"status-publish","5":"product_cat-muzik","6":"pa_cilt-ciltsiz","7":"pa_tur-kitap","8":"pa_yayinevi-nika-yayinevi","9":"pa_yazar-kardelen-dalokay-ulas-bager-aldemir","11":"first","12":"instock","13":"sale","14":"shipping-taxable","15":"purchasable","16":"product-type-simple"},"_links":{"self":[{"href":"https:\/\/roveyayinevi.com.tr\/index.php\/wp-json\/wp\/v2\/product\/772878","targetHints":{"allow":["GET"]}}],"collection":[{"href":"https:\/\/roveyayinevi.com.tr\/index.php\/wp-json\/wp\/v2\/product"}],"about":[{"href":"https:\/\/roveyayinevi.com.tr\/index.php\/wp-json\/wp\/v2\/types\/product"}],"wp:attachment":[{"href":"https:\/\/roveyayinevi.com.tr\/index.php\/wp-json\/wp\/v2\/media?parent=772878"}],"wp:term":[{"taxonomy":"product_brand","embeddable":true,"href":"https:\/\/roveyayinevi.com.tr\/index.php\/wp-json\/wp\/v2\/product_brand?post=772878"},{"taxonomy":"product_cat","embeddable":true,"href":"https:\/\/roveyayinevi.com.tr\/index.php\/wp-json\/wp\/v2\/product_cat?post=772878"},{"taxonomy":"product_tag","embeddable":true,"href":"https:\/\/roveyayinevi.com.tr\/index.php\/wp-json\/wp\/v2\/product_tag?post=772878"}],"curies":[{"name":"wp","href":"https:\/\/api.w.org\/{rel}","templated":true}]}}